{"id":207,"date":"2024-04-19T23:13:13","date_gmt":"2024-04-20T03:13:13","guid":{"rendered":"http:\/\/localhost\/PRUEBA\/?page_id=207"},"modified":"2024-11-29T09:45:34","modified_gmt":"2024-11-29T13:45:34","slug":"marco-legal","status":"publish","type":"page","link":"https:\/\/sudeban.gob.ve\/index.php\/marco-legal\/","title":{"rendered":"Marco Legal"},"content":{"rendered":"\t\t<div data-elementor-type=\"wp-page\" data-elementor-id=\"207\" class=\"elementor elementor-207\">\n\t\t\t\t<div class=\"elementor-element elementor-element-46f7b73e e-flex e-con-boxed e-con e-parent\" data-id=\"46f7b73e\" data-element_type=\"container\">\n\t\t\t\t\t<div class=\"e-con-inner\">\n\t\t\t\t<div class=\"elementor-element elementor-element-7f758f15 elementor-widget elementor-widget-heading\" data-id=\"7f758f15\" data-element_type=\"widget\" data-widget_type=\"heading.default\">\n\t\t\t\t<div class=\"elementor-widget-container\">\n\t\t\t<style>\/*! elementor - v3.23.0 - 05-08-2024 *\/\n.elementor-heading-title{padding:0;margin:0;line-height:1}.elementor-widget-heading .elementor-heading-title[class*=elementor-size-]>a{color:inherit;font-size:inherit;line-height:inherit}.elementor-widget-heading .elementor-heading-title.elementor-size-small{font-size:15px}.elementor-widget-heading .elementor-heading-title.elementor-size-medium{font-size:19px}.elementor-widget-heading .elementor-heading-title.elementor-size-large{font-size:29px}.elementor-widget-heading .elementor-heading-title.elementor-size-xl{font-size:39px}.elementor-widget-heading .elementor-heading-title.elementor-size-xxl{font-size:59px}<\/style><h2 class=\"elementor-heading-title elementor-size-default\">Marco Legal<\/h2>\t\t<\/div>\n\t\t\t\t<\/div>\n\t\t\t\t\t<\/div>\n\t\t\t\t<\/div>\n\t\t<div class=\"elementor-element elementor-element-75695d9 e-flex e-con-boxed e-con e-parent\" data-id=\"75695d9\" data-element_type=\"container\">\n\t\t\t\t\t<div class=\"e-con-inner\">\n\t\t\t\t<div class=\"elementor-element elementor-element-4dbc4da elementor-widget elementor-widget-shortcode\" data-id=\"4dbc4da\" data-element_type=\"widget\" data-widget_type=\"shortcode.default\">\n\t\t\t\t<div class=\"elementor-widget-container\">\n\t\t\t\t\t<div class=\"elementor-shortcode\"><div id=\"footable_parent_2207\"\n         class=\" footable_parent ninja_table_wrapper loading_ninja_table wp_table_data_press_parent semantic_ui \">\n                <table data-ninja_table_instance=\"ninja_table_instance_0\" data-footable_id=\"2207\" data-filter-delay=\"1000\" aria-label=\"MARCO_LEGAL (Imported From Table Press)\"            id=\"footable_2207\"\n           data-unique_identifier=\"ninja_table_unique_id_1510851684_2207\"\n           class=\" foo-table ninja_footable foo_table_2207 ninja_table_unique_id_1510851684_2207 ui table  nt_type_legacy_table selectable striped vertical_centered  footable-paging-right ninja_table_pro\">\n                <colgroup>\n                            <col class=\"ninja_column_0 \">\n                            <col class=\"ninja_column_1 \">\n                            <col class=\"ninja_column_2 \">\n                    <\/colgroup>\n        <thead>\n<tr class=\"footable-header\">\n                                                        <th scope=\"col\"  class=\"ninja_column_0 ninja_clmn_nm_n0mbre \">N0MBRE<\/th><th scope=\"col\"  class=\"ninja_column_1 ninja_clmn_nm_descripcin \">DESCRIPCI\u00d3N<\/th><th scope=\"col\"  class=\"ninja_column_2 ninja_clmn_nm_descarga \">DESCARGA<\/th><\/tr>\n<\/thead>\n<tbody>\n\n        <tr data-row_id=\"2241\" class=\"ninja_table_row_0 nt_row_id_2241\">\n            <td>Constituci\u00f3n de la Rep\u00fablica Bolivariana de Venezuela<\/td><td>G.O N\u00b0 5.908 Extraordinario del 19 de febrero de 2009<\/td><td><a href=\"\/wp-content\/uploads\/MARCO_LEGAL\/GO5908.pdf\" target=\"_blank\" rel=\"noopener\"><img decoding=\"async\" src=\"\/wp-content\/uploads\/MARCO_LEGAL\/descargas.png\" \/><\/a><\/td>        <\/tr>\n            <tr data-row_id=\"2242\" class=\"ninja_table_row_1 nt_row_id_2242\">\n            <td>C\u00f3digo Civil<\/td><td>G.O N\u00b0\u00a0 2.990 Extraordinaria de fecha 26 de julio de 1982<\/td><td><a href=\"\/wp-content\/uploads\/MARCO_LEGAL\/GO2990.pdf\" target=\"_blank\" rel=\"noopener\"><img decoding=\"async\" src=\"\/wp-content\/uploads\/MARCO_LEGAL\/descargas.png\" \/><\/a><\/td>        <\/tr>\n            <tr data-row_id=\"2243\" class=\"ninja_table_row_2 nt_row_id_2243\">\n            <td>C\u00f3digo de Comercio<\/td><td>G.O N\u00b0\u00a0 475 Extraordinaria de fecha 21 de diciembre de 1955<\/td><td><a href=\"\/wp-content\/uploads\/MARCO_LEGAL\/GO475.pdf\" target=\"_blank\" rel=\"noopener\"><img decoding=\"async\" src=\"\/wp-content\/uploads\/MARCO_LEGAL\/descargas.png\" \/><\/a><\/td>        <\/tr>\n            <tr data-row_id=\"2244\" class=\"ninja_table_row_3 nt_row_id_2244\">\n            <td>Decreto con Rango, Valor y Fuerza de Ley del C\u00f3digo Org\u00e1nico Tributario<\/td><td>G.O N\u00b0 6.152 Extraordinario de fecha 18 de noviembre de 2014<\/td><td><a href=\"\/wp-content\/uploads\/MARCO_LEGAL\/GO6152.pdf\" target=\"_blank\" rel=\"noopener\"><img decoding=\"async\" src=\"\/wp-content\/uploads\/MARCO_LEGAL\/descargas.png\" \/><\/a><\/td>        <\/tr>\n            <tr data-row_id=\"2245\" class=\"ninja_table_row_4 nt_row_id_2245\">\n            <td>Ley Org\u00e1nica del Sistema Financiero Nacional<\/td><td>G.O N\u00b0 39.447 de fecha 16 de junio de 2010<\/td><td><a href=\"\/wp-content\/uploads\/MARCO_LEGAL\/GO39447.pdf\" target=\"_blank\" rel=\"noopener\"><img decoding=\"async\" src=\"\/wp-content\/uploads\/MARCO_LEGAL\/descargas.png\" \/><\/a><\/td>        <\/tr>\n            <tr data-row_id=\"2246\" class=\"ninja_table_row_5 nt_row_id_2246\">\n            <td>Ley Org\u00e1nica de Procedimientos Administrativos<\/td><td>G.O N\u00b0 2818 Extraordinario de fecha 1 de julio de 1981<\/td><td><a href=\"\/wp-content\/uploads\/MARCO_LEGAL\/GO2818.pdf\" target=\"_blank\" rel=\"noopener\"><img decoding=\"async\" src=\"\/wp-content\/uploads\/MARCO_LEGAL\/descargas.png\" \/><\/a><\/td>        <\/tr>\n            <tr data-row_id=\"2247\" class=\"ninja_table_row_6 nt_row_id_2247\">\n            <td>Decreto con Rango, Valor y Fuerza de Ley Org\u00e1nica de la Administraci\u00f3n Financiera del Sector P\u00fablico<\/td><td>G.O N\u00b0 6.210 Extraordinario de fecha 30 de diciembre de 2015. Derog\u00f3 ley publicada en la G.O N\u00b0\u00a0 6.154 Extraordinario de fecha 19 de noviembre de 2014<\/td><td><a href=\"\/wp-content\/uploads\/MARCO_LEGAL\/GO6210.pdf\" target=\"_blank\" rel=\"noopener\"><img decoding=\"async\" src=\"\/wp-content\/uploads\/MARCO_LEGAL\/descargas.png\" \/><\/a><\/td>        <\/tr>\n            <tr data-row_id=\"2248\" class=\"ninja_table_row_7 nt_row_id_2248\">\n            <td>Ley Org\u00e1nica del Tribunal Supremo de Justicia<\/td><td>G.O N\u00b0 39.522 de fecha 1 de octubre de 2010<\/td><td><a href=\"\/wp-content\/uploads\/MARCO_LEGAL\/GO39522.pdf\" target=\"_blank\" rel=\"noopener\"><img decoding=\"async\" src=\"\/wp-content\/uploads\/MARCO_LEGAL\/descargas.png\" \/><\/a><\/td>        <\/tr>\n            <tr data-row_id=\"2249\" class=\"ninja_table_row_8 nt_row_id_2249\">\n            <td>Decreto con Rango, Valor y Fuerza de Ley Org\u00e1nica de la Procuradur\u00eda General de la Rep\u00fablica<\/td><td>G.O. N\u00b0 6 220 Extraordinario de fecha 15 de marzo de 2016. (Impresi\u00f3n por fallas en los originales). Derog\u00f3 la ley publicada en la G.O N\u00b0 5.892 Extraordinario de fecha 31 de julio de 2008<\/td><td><a href=\"\/wp-content\/uploads\/MARCO_LEGAL\/GO6220.pdf\" target=\"_blank\" rel=\"noopener\"><img decoding=\"async\" src=\"\/wp-content\/uploads\/MARCO_LEGAL\/descargas.png\" \/><\/a><\/td>        <\/tr>\n            <tr data-row_id=\"2250\" class=\"ninja_table_row_9 nt_row_id_2250\">\n            <td>Ley Org\u00e1nica de la Contralor\u00eda General de la Rep\u00fablica y del Sistema Nacional de Control Fiscal<\/td><td>G.O N\u00ba 6.013 Extraordinario de fecha\u00a0 23 de diciembre de 2010<\/td><td><a href=\"\/wp-content\/uploads\/MARCO_LEGAL\/GO6013.pdf\" target=\"_blank\" rel=\"noopener\"><img decoding=\"async\" src=\"\/wp-content\/uploads\/MARCO_LEGAL\/descargas.png\" \/><\/a><\/td>        <\/tr>\n            <tr data-row_id=\"2251\" class=\"ninja_table_row_10 nt_row_id_2251\">\n            <td>Decreto con Rango, Valor y Fuerza de Ley Org\u00e1nica de la Administraci\u00f3n P\u00fablica<\/td><td>G.O N\u00b0 6.147 Extraordinario de fecha 17 de noviembre de 2014<\/td><td><a href=\"\/wp-content\/uploads\/MARCO_LEGAL\/GO6147.pdf\" target=\"_blank\" rel=\"noopener\"><img decoding=\"async\" src=\"\/wp-content\/uploads\/MARCO_LEGAL\/descargas.png\" \/><\/a><\/td>        <\/tr>\n            <tr data-row_id=\"2252\" class=\"ninja_table_row_11 nt_row_id_2252\">\n            <td>Decreto con Rango, Valor y Fuerza de Ley de Reforma de la Ley Org\u00e1nica de Planificaci\u00f3n P\u00fablica y Popular<\/td><td>G.O N\u00b0 6.148 Extraordinario de fecha 18 de noviembre de 2014<\/td><td><a href=\"\/wp-content\/uploads\/MARCO_LEGAL\/GO6148.pdf\" target=\"_blank\" rel=\"noopener\"><img decoding=\"async\" src=\"\/wp-content\/uploads\/MARCO_LEGAL\/descargas.png\" \/><\/a><\/td>        <\/tr>\n            <tr data-row_id=\"2253\" class=\"ninja_table_row_12 nt_row_id_2253\">\n            <td>Ley Org\u00e1nica Contra la Delincuencia Organizada y Financiamiento al Terrorismo<\/td><td>G.O N\u00b0 39.912 de fecha 30 de abril de 2012<\/td><td><a href=\"\/wp-content\/uploads\/MARCO_LEGAL\/GO39912.pdf\" target=\"_blank\" rel=\"noopener\"><img decoding=\"async\" src=\"\/wp-content\/uploads\/MARCO_LEGAL\/descargas.png\" \/><\/a><\/td>        <\/tr>\n            <tr data-row_id=\"2254\" class=\"ninja_table_row_13 nt_row_id_2254\">\n            <td>Decreto con Rango, Valor y Fuerza de Reforma de la Ley Org\u00e1nica de Bienes P\u00fablicos<\/td><td>G.O N\u00b0 6.155 de fecha 19 de noviembre de 2014<\/td><td><a href=\"\/wp-content\/uploads\/MARCO_LEGAL\/GO6155.pdf\" target=\"_blank\" rel=\"noopener\"><img decoding=\"async\" src=\"\/wp-content\/uploads\/MARCO_LEGAL\/descargas.png\" \/><\/a><\/td>        <\/tr>\n            <tr data-row_id=\"2255\" class=\"ninja_table_row_14 nt_row_id_2255\">\n            <td>Ley Org\u00e1nica de Drogas<\/td><td>G.O N\u00b0 39.546 de fecha 5 de noviembre de 2010<\/td><td><a href=\"\/wp-content\/uploads\/MARCO_LEGAL\/GO39546.pdf\" target=\"_blank\" rel=\"noopener\"><img decoding=\"async\" src=\"\/wp-content\/uploads\/MARCO_LEGAL\/descargas.png\" \/><\/a><\/td>        <\/tr>\n            <tr data-row_id=\"2256\" class=\"ninja_table_row_15 nt_row_id_2256\">\n            <td>Decreto con Rango, Valor y Fuerza de Ley Org\u00e1nica de Turismo<\/td><td>G.O N\u00b0 6.152 Extraordinario de fecha 18 de noviembre de 2014<\/td><td><a href=\"\/wp-content\/uploads\/MARCO_LEGAL\/GO6152.pdf\" target=\"_blank\" rel=\"noopener\"><img decoding=\"async\" src=\"\/wp-content\/uploads\/MARCO_LEGAL\/descargas.png\" \/><\/a><\/td>        <\/tr>\n            <tr data-row_id=\"2257\" class=\"ninja_table_row_16 nt_row_id_2257\">\n            <td>Decreto con Rango, Valor y Fuerza de Ley Org\u00e1nica del Trabajo, los Trabajadores y las Trabajadoras<\/td><td>G.O N\u00b0 6.076 Extraordinario de fecha\u00a0 7 de mayo de 2012<\/td><td><a href=\"\/wp-content\/uploads\/MARCO_LEGAL\/GO6076.pdf\" target=\"_blank\" rel=\"noopener\"><img decoding=\"async\" src=\"\/wp-content\/uploads\/MARCO_LEGAL\/descargas.png\" \/><\/a><\/td>        <\/tr>\n            <tr data-row_id=\"2258\" class=\"ninja_table_row_17 nt_row_id_2258\">\n            <td>Decreto con Rango, Valor y Fuerza de Ley de Instituciones del Sector Bancario<\/td><td>G.O N\u00b0 6.154, Extraordinario de fecha 19 de noviembre de 2014. Reimpresa por fallas en los originales, a trav\u00e9s de la G.O N\u00b0 40.557 de fecha 8 de diciembre de 2014<\/td><td><a href=\"\/wp-content\/uploads\/MARCO_LEGAL\/GO6154.pdf\" target=\"_blank\" rel=\"noopener\"><img decoding=\"async\" src=\"\/wp-content\/uploads\/MARCO_LEGAL\/descargas.png\" \/><\/a><\/td>        <\/tr>\n            <tr data-row_id=\"2259\" class=\"ninja_table_row_18 nt_row_id_2259\">\n            <td>Decreto con Rango, Valor y Fuerza de Ley de Reforma de la Ley del Banco Central de Venezuela<\/td><td>G.O N\u00b0 6.211 Extraordinario de fecha\u00a0 30 de diciembre de 2015. Derog\u00f3 la ley publicada en la G.O N\u00b0 6.155 Extraordinario de fecha 19 de noviembre de 2014<\/td><td><a href=\"\/wp-content\/uploads\/MARCO_LEGAL\/GO6211.pdf\" target=\"_blank\" rel=\"noopener\"><img decoding=\"async\" src=\"\/wp-content\/uploads\/MARCO_LEGAL\/descargas.png\" \/><\/a><\/td>        <\/tr>\n            <tr data-row_id=\"2260\" class=\"ninja_table_row_19 nt_row_id_2260\">\n            <td>Ley de Tarjetas de Cr\u00e9dito, D\u00e9bito, Prepagadas y dem\u00e1s Tarjetas de Financiamiento o Pago Electr\u00f3nico<\/td><td>G.O N\u00b0 39.021 de fecha 22 de septiembre de 2008<\/td><td><a href=\"\/wp-content\/uploads\/MARCO_LEGAL\/GO39021.pdf\" target=\"_blank\" rel=\"noopener\"><img decoding=\"async\" src=\"\/wp-content\/uploads\/MARCO_LEGAL\/descargas.png\" \/><\/a><\/td>        <\/tr>\n            <tr data-row_id=\"2261\" class=\"ninja_table_row_20 nt_row_id_2261\">\n            <td>Decreto con Rango, Valor y Fuerza de Ley del Servicio Nacional Integrado de Administraci\u00f3n Aduanera y Tributaria (SENIAT)<\/td><td>G.O N\u00b0 6.211 Extraordinario de fecha 30 de diciembre de 2015<\/td><td><a href=\"\/wp-content\/uploads\/MARCO_LEGAL\/GO6211.pdf\" target=\"_blank\" rel=\"noopener\"><img decoding=\"async\" src=\"\/wp-content\/uploads\/MARCO_LEGAL\/descargas.png\" \/><\/a><\/td>        <\/tr>\n            <tr data-row_id=\"2262\" class=\"ninja_table_row_21 nt_row_id_2262\">\n            <td>Decreto con Rango, Valor y Fuerza de Ley de Reforma Parcial del Decreto con Rango, Valor y Fuerza de Ley de Impuesto Sobre la Renta<\/td><td>G.O N\u00b0 6. 210 Extraordinario de fecha 30 de diciembre de 2015. Derog\u00f3 la ley publicada en la G.O N\u00b0 6.152 Extraordinario de fecha 18 de noviembre de 2014<\/td><td><a href=\"\/wp-content\/uploads\/MARCO_LEGAL\/GO6210.pdf\" target=\"_blank\" rel=\"noopener\"><img decoding=\"async\" src=\"\/wp-content\/uploads\/MARCO_LEGAL\/descargas.png\" \/><\/a><\/td>        <\/tr>\n            <tr data-row_id=\"2263\" class=\"ninja_table_row_22 nt_row_id_2263\">\n            <td>Decreto con Rango, Valor y Fuerza de Ley de Reforma de la Ley que establece el Impuesto al\u00a0 Valor Agregado<\/td><td>G.O N\u00b0 6.152 Extraordinario de fecha 18 de noviembre de 2014<\/td><td><a href=\"\/wp-content\/uploads\/MARCO_LEGAL\/GO6152.pdf\" target=\"_blank\" rel=\"noopener\"><img decoding=\"async\" src=\"\/wp-content\/uploads\/MARCO_LEGAL\/descargas.png\" \/><\/a><\/td>        <\/tr>\n            <tr data-row_id=\"2264\" class=\"ninja_table_row_23 nt_row_id_2264\">\n            <td>Decreto con Rango, Valor y Fuerza de Ley de la Actividad Aseguradora<\/td><td>G.O 6.211 Extraordinario de fecha 30 de diciembre de 2015. Derog\u00f3 la ley publicada en la G.O N\u00b0 39.481 de fecha 5 de agosto de 2010<\/td><td><a href=\"\/wp-content\/uploads\/MARCO_LEGAL\/GO6211.pdf\" target=\"_blank\" rel=\"noopener\"><img decoding=\"async\" src=\"\/wp-content\/uploads\/MARCO_LEGAL\/descargas.png\" \/><\/a><\/td>        <\/tr>\n            <tr data-row_id=\"2265\" class=\"ninja_table_row_24 nt_row_id_2265\">\n            <td>Decreto con Rango, Valor y Fuerza de Ley de Mercado de Valores<\/td><td>G.O 6.211 Extraordinaria de fecha 30 de diciembre de 2015. Deroga la ley publicada en la G.O. N\u00b0 39.546 de fecha 5 de noviembre de 2010<\/td><td><a href=\"\/wp-content\/uploads\/MARCO_LEGAL\/GO6211.pdf\" target=\"_blank\" rel=\"noopener\"><img decoding=\"async\" src=\"\/wp-content\/uploads\/MARCO_LEGAL\/descargas.png\" \/><\/a><\/td>        <\/tr>\n            <tr data-row_id=\"2266\" class=\"ninja_table_row_25 nt_row_id_2266\">\n            <td>Ley de Fideicomisos<\/td><td>G.O N\u00b0 496 Extraordinario de fecha 17 de agosto de 1956<\/td><td><a href=\"\/wp-content\/uploads\/MARCO_LEGAL\/GO496.pdf\" target=\"_blank\" rel=\"noopener\"><img decoding=\"async\" src=\"\/wp-content\/uploads\/MARCO_LEGAL\/descargas.png\" \/><\/a><\/td>        <\/tr>\n            <tr data-row_id=\"2267\" class=\"ninja_table_row_26 nt_row_id_2267\">\n            <td>Decreto con Rango, Valor y Fuerza de Ley de Simplificaci\u00f3n de Tr\u00e1mites Administrativos<\/td><td>G.O N\u00b0 6.149 Extraordinario de fecha 18 de noviembre de 2014<\/td><td><a href=\"\/wp-content\/uploads\/MARCO_LEGAL\/GO6149.pdf\" target=\"_blank\" rel=\"noopener\"><img decoding=\"async\" src=\"\/wp-content\/uploads\/MARCO_LEGAL\/descargas.png\" \/><\/a><\/td>        <\/tr>\n            <tr data-row_id=\"2268\" class=\"ninja_table_row_27 nt_row_id_2268\">\n            <td>Decreto con Rango, Valor y Fuerza de Ley de Contrataciones P\u00fablicas<\/td><td>G.O N\u00b0 6.154\u00a0 Extraordinario de fecha 19 de noviembre de 2014<\/td><td><a href=\"\/wp-content\/uploads\/MARCO_LEGAL\/GO6154.pdf\" target=\"_blank\" rel=\"noopener\"><img decoding=\"async\" src=\"\/wp-content\/uploads\/MARCO_LEGAL\/descargas.png\" \/><\/a><\/td>        <\/tr>\n            <tr data-row_id=\"2269\" class=\"ninja_table_row_28 nt_row_id_2269\">\n            <td>Decreto con Rango, Valor y Fuerza de Ley del Banco Agr\u00edcola de Venezuela, C.A., Banco Universal<\/td><td>G.O N\u00b0\u00a0 6.154 Extraordinario de fecha 19 de noviembre de 2014<\/td><td><a href=\"\/wp-content\/uploads\/MARCO_LEGAL\/GO6154.pdf\" target=\"_blank\" rel=\"noopener\"><img decoding=\"async\" src=\"\/wp-content\/uploads\/MARCO_LEGAL\/descargas.png\" \/><\/a><\/td>        <\/tr>\n            <tr data-row_id=\"2270\" class=\"ninja_table_row_29 nt_row_id_2270\">\n            <td>Ley del Banco Industrial de Venezuela<\/td><td>G.O N\u00ba 5.396 Extraordinario de fecha 25 de octubre de 1999<\/td><td><a href=\"\/wp-content\/uploads\/MARCO_LEGAL\/GO5396.pdf\" target=\"_blank\" rel=\"noopener\"><img decoding=\"async\" src=\"\/wp-content\/uploads\/MARCO_LEGAL\/descargas.png\" \/><\/a><\/td>        <\/tr>\n            <tr data-row_id=\"2271\" class=\"ninja_table_row_30 nt_row_id_2271\">\n            <td>Decreto con Fuerza de Ley del Banco de Comercio Exterior (BANCOEX)<\/td><td>G.O N\u00b0 37.330 de fecha 22 de noviembre de 2001<\/td><td><a href=\"\/wp-content\/uploads\/MARCO_LEGAL\/GO37330.pdf\" target=\"_blank\" rel=\"noopener\"><img decoding=\"async\" src=\"\/wp-content\/uploads\/MARCO_LEGAL\/descargas.png\" \/><\/a><\/td>        <\/tr>\n            <tr data-row_id=\"2272\" class=\"ninja_table_row_31 nt_row_id_2272\">\n            <td>Ordenanza del Instituto Municipal de Cr\u00e9dito Popular<\/td><td>Gaceta Municipal del Distrito Federal Extraordinario N\u00b0 1.464 de fecha 13 de junio de 1994<\/td><td><a href=\"\/wp-content\/uploads\/MARCO_LEGAL\/GO1464.pdf\" target=\"_blank\" rel=\"noopener\"><img decoding=\"async\" src=\"\/wp-content\/uploads\/MARCO_LEGAL\/descargas.png\" \/><\/a><\/td>        <\/tr>\n            <tr data-row_id=\"2273\" class=\"ninja_table_row_32 nt_row_id_2273\">\n            <td>Decreto con Rango, Valor y Fuerza de Ley de Reforma Parcial de la Ley del Banco de Desarrollo Econ\u00f3mico y Social de Venezuela<\/td><td>G.O N\u00b0 6.155 Extraordinario de fecha 19 de noviembre de 2014<\/td><td><a href=\"\/wp-content\/uploads\/MARCO_LEGAL\/GO6155.pdf\" target=\"_blank\" rel=\"noopener\"><img decoding=\"async\" src=\"\/wp-content\/uploads\/MARCO_LEGAL\/descargas.png\" \/><\/a><\/td>        <\/tr>\n            <tr data-row_id=\"2274\" class=\"ninja_table_row_33 nt_row_id_2274\">\n            <td>Decreto con Rango y Fuerza de Ley que Regula el Sistema Nacional de Garant\u00edas Rec\u00edprocas para la Peque\u00f1a y Mediana Empresa<\/td><td>G.O N\u00b0 36.824 de fecha 8 de noviembre de 1999<\/td><td><a href=\"\/wp-content\/uploads\/MARCO_LEGAL\/GO36824.pdf\" target=\"_blank\" rel=\"noopener\"><img decoding=\"async\" src=\"\/wp-content\/uploads\/MARCO_LEGAL\/descargas.png\" \/><\/a><\/td>        <\/tr>\n            <tr data-row_id=\"2275\" class=\"ninja_table_row_34 nt_row_id_2275\">\n            <td>Decreto con Fuerza de Ley de los Fondos y las Sociedades de Capital de Riesgo<\/td><td>G.O N\u00b0 5.554 de fecha 13 de noviembre de 2001<\/td><td><a href=\"\/wp-content\/uploads\/MARCO_LEGAL\/GO5554.pdf\" target=\"_blank\" rel=\"noopener\"><img decoding=\"async\" src=\"\/wp-content\/uploads\/MARCO_LEGAL\/descargas.png\" \/><\/a><\/td>        <\/tr>\n            <tr data-row_id=\"2276\" class=\"ninja_table_row_35 nt_row_id_2276\">\n            <td>Decreto con Rango, Valor y Fuerza de Ley de Reforma de la Ley Contra la Corrupci\u00f3n<\/td><td>G.O N\u00b0 6.155 Extraordinario de fecha 19 de noviembre de 2014<\/td><td><a href=\"\/wp-content\/uploads\/MARCO_LEGAL\/GO6155.pdf\" target=\"_blank\" rel=\"noopener\"><img decoding=\"async\" src=\"\/wp-content\/uploads\/MARCO_LEGAL\/descargas.png\" \/><\/a><\/td>        <\/tr>\n            <tr data-row_id=\"2277\" class=\"ninja_table_row_36 nt_row_id_2277\">\n            <td>Ley Contra la Estafa Inmobiliaria<\/td><td>G.O N\u00b0 39.912 de fecha 30 de abril de 2012<\/td><td><a href=\"\/wp-content\/uploads\/MARCO_LEGAL\/GO39912.pdf\" target=\"_blank\" rel=\"noopener\"><img decoding=\"async\" src=\"\/wp-content\/uploads\/MARCO_LEGAL\/descargas.png\" \/><\/a><\/td>        <\/tr>\n            <tr data-row_id=\"2278\" class=\"ninja_table_row_37 nt_row_id_2278\">\n            <td>Ley Org\u00e1nica de Emolumentos, Pensiones y Jubilaciones de los Altos Funcionarios y Funcionarias del Poder P\u00fablico<\/td><td>G.O N\u00b0 39.592 de fecha 12 de enero de 2011<\/td><td><a href=\"\/wp-content\/uploads\/MARCO_LEGAL\/GO39592.pdf\" target=\"_blank\" rel=\"noopener\"><img decoding=\"async\" src=\"\/wp-content\/uploads\/MARCO_LEGAL\/descargas.png\" \/><\/a><\/td>        <\/tr>\n            <tr data-row_id=\"2279\" class=\"ninja_table_row_38 nt_row_id_2279\">\n            <td>Decreto con Rango, Valor y Fuerza de Ley del Cestaticket Socialista para los Trabajadores y Trabajadoras<\/td><td>G.O 40.773 de fecha 23 de octubre de 2015. Derog\u00f3 la ley publicada en la G.O N\u00b0 6.147\u00a0 Extraordinario de fecha 17 de noviembre de 2014<\/td><td><a href=\"\/wp-content\/uploads\/MARCO_LEGAL\/GO40773.pdf\" target=\"_blank\" rel=\"noopener\"><img decoding=\"async\" src=\"\/wp-content\/uploads\/MARCO_LEGAL\/descargas.png\" \/><\/a><\/td>        <\/tr>\n            <tr data-row_id=\"2280\" class=\"ninja_table_row_39 nt_row_id_2280\">\n            <td>Decreto con Fuerza de Ley de Creaci\u00f3n, Estimulo, Promoci\u00f3n y Desarrollo del Sistema Microfinanciero<\/td><td>G.O N\u00b0 37.164 de fecha 22 de marzo de 2001<\/td><td><a href=\"\/wp-content\/uploads\/MARCO_LEGAL\/GO37164.pdf\" target=\"_blank\" rel=\"noopener\"><img decoding=\"async\" src=\"\/wp-content\/uploads\/MARCO_LEGAL\/descargas.png\" \/><\/a><\/td>        <\/tr>\n            <tr data-row_id=\"2281\" class=\"ninja_table_row_40 nt_row_id_2281\">\n            <td>Decreto con Rango, Valor y Fuerza de Ley de Cr\u00e9dito para el Sector Manufacturero<\/td><td>G.O N\u00b0 39.904 de fecha 17 de abril de 2012<\/td><td><a href=\"\/wp-content\/uploads\/MARCO_LEGAL\/GO39904.pdf\" target=\"_blank\" rel=\"noopener\"><img decoding=\"async\" src=\"\/wp-content\/uploads\/MARCO_LEGAL\/descargas.png\" \/><\/a><\/td>        <\/tr>\n            <tr data-row_id=\"2282\" class=\"ninja_table_row_41 nt_row_id_2282\">\n            <td>Decreto N\u00b0 6.219 con Rango, Valor y Fuerza de Ley de Cr\u00e9dito para el Sector Agrario<\/td><td>G.O N\u00b0 5.890 Extraordinario de fecha 31 de julio de 2008<\/td><td><a href=\"\/wp-content\/uploads\/MARCO_LEGAL\/GO5890.pdf\" target=\"_blank\" rel=\"noopener\"><img decoding=\"async\" src=\"\/wp-content\/uploads\/MARCO_LEGAL\/descargas.png\" \/><\/a><\/td>        <\/tr>\n            <tr data-row_id=\"2283\" class=\"ninja_table_row_42 nt_row_id_2283\">\n            <td>Ley del Estatuto de la Funci\u00f3n P\u00fablica<\/td><td>G.O N\u00b0 37.522 de fecha 6 de septiembre de 2002<\/td><td><a href=\"\/wp-content\/uploads\/MARCO_LEGAL\/GO37522.pdf\" target=\"_blank\" rel=\"noopener\"><img decoding=\"async\" src=\"\/wp-content\/uploads\/MARCO_LEGAL\/descargas.png\" \/><\/a><\/td>        <\/tr>\n            <tr data-row_id=\"2284\" class=\"ninja_table_row_43 nt_row_id_2284\">\n            <td>Decreto con Rango, Valor y Fuerza de Ley del R\u00e9gimen Cambiario y sus Il\u00edcitos<\/td><td>G.O 6.210 Extraordinario de fecha 30 de diciembre de 2015. Derog\u00f3 la ley publicada en la G.O N\u00b0 6150 Extraordinario de fecha 18 de noviembre de 2014<\/td><td><a href=\"\/wp-content\/uploads\/MARCO_LEGAL\/GO6210.pdf\" target=\"_blank\" rel=\"noopener\"><img decoding=\"async\" src=\"\/wp-content\/uploads\/MARCO_LEGAL\/descargas.png\" \/><\/a><\/td>        <\/tr>\n    <\/tbody><!--ninja_tobody_rendering_done-->\n    <\/table>\n                    <style type=\"text\/css\" id='ninja_table_custom_css_2207'>\n                        #footable_2207  {\n    font-family: inherit;\n    font-size: 14px;\n    }\n\n    \n                <\/style>\n                \n    \n    \n<\/div>\n<\/div>\n\t\t\t\t<\/div>\n\t\t\t\t<\/div>\n\t\t\t\t\t<\/div>\n\t\t\t\t<\/div>\n\t\t\t\t<\/div>\n\t\t","protected":false},"excerpt":{"rendered":"<p>Marco Legal<\/p>\n","protected":false},"author":1,"featured_media":0,"parent":0,"menu_order":0,"comment_status":"closed","ping_status":"closed","template":"","meta":{"footnotes":""},"class_list":["post-207","page","type-page","status-publish","hentry","post"],"_links":{"self":[{"href":"https:\/\/sudeban.gob.ve\/index.php\/wp-json\/wp\/v2\/pages\/207"}],"collection":[{"href":"https:\/\/sudeban.gob.ve\/index.php\/wp-json\/wp\/v2\/pages"}],"about":[{"href":"https:\/\/sudeban.gob.ve\/index.php\/wp-json\/wp\/v2\/types\/page"}],"author":[{"embeddable":true,"href":"https:\/\/sudeban.gob.ve\/index.php\/wp-json\/wp\/v2\/users\/1"}],"replies":[{"embeddable":true,"href":"https:\/\/sudeban.gob.ve\/index.php\/wp-json\/wp\/v2\/comments?post=207"}],"version-history":[{"count":19,"href":"https:\/\/sudeban.gob.ve\/index.php\/wp-json\/wp\/v2\/pages\/207\/revisions"}],"predecessor-version":[{"id":2211,"href":"https:\/\/sudeban.gob.ve\/index.php\/wp-json\/wp\/v2\/pages\/207\/revisions\/2211"}],"wp:attachment":[{"href":"https:\/\/sudeban.gob.ve\/index.php\/wp-json\/wp\/v2\/media?parent=207"}],"curies":[{"name":"wp","href":"https:\/\/api.w.org\/{rel}","templated":true}]}}