{"id":25,"date":"2024-03-22T18:52:37","date_gmt":"2024-03-22T22:52:37","guid":{"rendered":"http:\/\/localhost\/PRUEBA\/?page_id=25"},"modified":"2024-06-25T14:41:45","modified_gmt":"2024-06-25T18:41:45","slug":"responsabilidad-social","status":"publish","type":"page","link":"https:\/\/sudeban.gob.ve\/index.php\/responsabilidad-social\/","title":{"rendered":"Responsabilidad Social"},"content":{"rendered":"\t\t<div data-elementor-type=\"wp-page\" data-elementor-id=\"25\" class=\"elementor elementor-25\">\n\t\t\t\t<div class=\"elementor-element elementor-element-63c524d3 e-flex e-con-boxed e-con e-parent\" data-id=\"63c524d3\" data-element_type=\"container\">\n\t\t\t\t\t<div class=\"e-con-inner\">\n\t\t\t\t<div class=\"elementor-element elementor-element-271d68c3 elementor-widget elementor-widget-heading\" data-id=\"271d68c3\" data-element_type=\"widget\" data-widget_type=\"heading.default\">\n\t\t\t\t<div class=\"elementor-widget-container\">\n\t\t\t<style>\/*! elementor - v3.23.0 - 05-08-2024 *\/\n.elementor-heading-title{padding:0;margin:0;line-height:1}.elementor-widget-heading .elementor-heading-title[class*=elementor-size-]>a{color:inherit;font-size:inherit;line-height:inherit}.elementor-widget-heading .elementor-heading-title.elementor-size-small{font-size:15px}.elementor-widget-heading .elementor-heading-title.elementor-size-medium{font-size:19px}.elementor-widget-heading .elementor-heading-title.elementor-size-large{font-size:29px}.elementor-widget-heading .elementor-heading-title.elementor-size-xl{font-size:39px}.elementor-widget-heading .elementor-heading-title.elementor-size-xxl{font-size:59px}<\/style><h2 class=\"elementor-heading-title elementor-size-default\">Responsabilidad Social<\/h2>\t\t<\/div>\n\t\t\t\t<\/div>\n\t\t\t\t\t<\/div>\n\t\t\t\t<\/div>\n\t\t<div class=\"elementor-element elementor-element-0f12199 e-grid e-con-boxed e-con e-parent\" data-id=\"0f12199\" data-element_type=\"container\">\n\t\t\t\t\t<div class=\"e-con-inner\">\n\t\t\t\t<div class=\"elementor-element elementor-element-c9a1a56 elementor-widget elementor-widget-text-editor\" data-id=\"c9a1a56\" data-element_type=\"widget\" data-widget_type=\"text-editor.default\">\n\t\t\t\t<div class=\"elementor-widget-container\">\n\t\t\t<style>\/*! elementor - v3.23.0 - 05-08-2024 *\/\n.elementor-widget-text-editor.elementor-drop-cap-view-stacked .elementor-drop-cap{background-color:#69727d;color:#fff}.elementor-widget-text-editor.elementor-drop-cap-view-framed .elementor-drop-cap{color:#69727d;border:3px solid;background-color:transparent}.elementor-widget-text-editor:not(.elementor-drop-cap-view-default) .elementor-drop-cap{margin-top:8px}.elementor-widget-text-editor:not(.elementor-drop-cap-view-default) .elementor-drop-cap-letter{width:1em;height:1em}.elementor-widget-text-editor .elementor-drop-cap{float:left;text-align:center;line-height:1;font-size:50px}.elementor-widget-text-editor .elementor-drop-cap-letter{display:inline-block}<\/style>\t\t\t\t<div class=\"elementor-element elementor-element-fi124xp elementor-widget elementor-widget-text-editor\" data-id=\"fi124xp\" data-element_type=\"widget\" data-widget_type=\"text-editor.default\"><div class=\"elementor-widget-container\"><div class=\"elementor-text-editor elementor-clearfix\"><p style=\"text-align: justify;\">Sudeban cumpliendo las directrices emanadas del Ejecutivo Nacional, en cuanto a la Pol\u00edtica Social Inclusiva, basada en los Lineamientos de los Planes de Desarrollo Econ\u00f3mico y Social de la Naci\u00f3n y los Principios Constitucionales de Solidaridad, Bien Com\u00fan, Justicia, Igualdad, Democracia y Responsabilidad Social, est\u00e1 desarrollando un Proyecto de Responsabilidad Social Institucional, mediante el cual se atender\u00e1n, con car\u00e1cter prioritario, diferentes Grupos de Inter\u00e9s, tanto internos: (Mejoramiento de la calidad de vida de sus Trabajadores y familiares, mediante la ejecuci\u00f3n de buenas pr\u00e1cticas de bienestar social, proyectos de capacitaci\u00f3n, formaci\u00f3n de facilitadores, seguridad y prevenci\u00f3n de riesgos laborales, salud, recreaci\u00f3n y deportes), como externos: (Fortalecimiento de la Interacci\u00f3n con las Comunidades-Objetivo N\u00b0 5-vinculado con consejos comunales, organizaciones comunitarias, Instituciones sin fines de lucro, Institutos Educativos, Deportivos y otros.), que conlleven al reconocimiento de la Sudeban como una instituci\u00f3n socialmente responsable.<\/p><p style=\"text-align: justify;\">A trav\u00e9s de dicho proyecto se realizan obras sociales, mediante:<\/p><p style=\"text-align: justify; padding-left: 40px;\">1) Ayudas a personas naturales de escasos recursos para atender necesidades vinculadas a la salud.<\/p><p style=\"text-align: justify; padding-left: 40px;\">2) Aportes orientados a programas, proyectos sociales u organizaciones del sector p\u00fablico o privado en el \u00e1mbito nacional e internacional, en las \u00e1reas de educaci\u00f3n, alimentaci\u00f3n, medio ambiente, desarrollo comunitario y social, deporte, cultura y arte entre otros; as\u00ed como, Proyectos de Acercamiento Comunitario, que incluir\u00e1n: Capacitaci\u00f3n y Asistencia T\u00e9cnica a Consejos Comunales para contribuir con el desempe\u00f1o de la gesti\u00f3n econ\u00f3mico-financiera que coadyuve con la transparencia, eficacia y eficiencia en el manejo de los recursos que les sean asignados.<\/p><\/div><\/div><\/div>\t\t\t\t\t\t<\/div>\n\t\t\t\t<\/div>\n\t\t\t\t\t<\/div>\n\t\t\t\t<\/div>\n\t\t\t\t<\/div>\n\t\t","protected":false},"excerpt":{"rendered":"<p>Responsabilidad Social Sudeban cumpliendo las directrices emanadas del Ejecutivo Nacional, en cuanto a la Pol\u00edtica Social Inclusiva, basada en los Lineamientos de los Planes de Desarrollo Econ\u00f3mico y Social de la Naci\u00f3n y los Principios Constitucionales de Solidaridad, Bien Com\u00fan, Justicia, Igualdad, Democracia y Responsabilidad Social, est\u00e1 desarrollando un Proyecto de Responsabilidad Social Institucional, mediante [&hellip;]<\/p>\n","protected":false},"author":1,"featured_media":0,"parent":0,"menu_order":0,"comment_status":"closed","ping_status":"closed","template":"","meta":{"footnotes":""},"class_list":["post-25","page","type-page","status-publish","hentry","post"],"_links":{"self":[{"href":"https:\/\/sudeban.gob.ve\/index.php\/wp-json\/wp\/v2\/pages\/25"}],"collection":[{"href":"https:\/\/sudeban.gob.ve\/index.php\/wp-json\/wp\/v2\/pages"}],"about":[{"href":"https:\/\/sudeban.gob.ve\/index.php\/wp-json\/wp\/v2\/types\/page"}],"author":[{"embeddable":true,"href":"https:\/\/sudeban.gob.ve\/index.php\/wp-json\/wp\/v2\/users\/1"}],"replies":[{"embeddable":true,"href":"https:\/\/sudeban.gob.ve\/index.php\/wp-json\/wp\/v2\/comments?post=25"}],"version-history":[{"count":19,"href":"https:\/\/sudeban.gob.ve\/index.php\/wp-json\/wp\/v2\/pages\/25\/revisions"}],"predecessor-version":[{"id":1533,"href":"https:\/\/sudeban.gob.ve\/index.php\/wp-json\/wp\/v2\/pages\/25\/revisions\/1533"}],"wp:attachment":[{"href":"https:\/\/sudeban.gob.ve\/index.php\/wp-json\/wp\/v2\/media?parent=25"}],"curies":[{"name":"wp","href":"https:\/\/api.w.org\/{rel}","templated":true}]}}