{"id":533,"date":"2024-06-01T21:27:53","date_gmt":"2024-06-02T01:27:53","guid":{"rendered":"http:\/\/localhost\/PRUEBA\/?page_id=533"},"modified":"2024-06-25T14:36:38","modified_gmt":"2024-06-25T18:36:38","slug":"carteras-dirigidas","status":"publish","type":"page","link":"https:\/\/sudeban.gob.ve\/index.php\/carteras-dirigidas\/","title":{"rendered":"Carteras Dirigidas"},"content":{"rendered":"\t\t<div data-elementor-type=\"wp-page\" data-elementor-id=\"533\" class=\"elementor elementor-533\">\n\t\t\t\t<div class=\"elementor-element elementor-element-23d102a9 e-flex e-con-boxed e-con e-parent\" data-id=\"23d102a9\" data-element_type=\"container\">\n\t\t\t\t\t<div class=\"e-con-inner\">\n\t\t\t\t<div class=\"elementor-element elementor-element-5f72b72e elementor-widget elementor-widget-heading\" data-id=\"5f72b72e\" data-element_type=\"widget\" data-widget_type=\"heading.default\">\n\t\t\t\t<div class=\"elementor-widget-container\">\n\t\t\t<style>\/*! elementor - v3.23.0 - 05-08-2024 *\/\n.elementor-heading-title{padding:0;margin:0;line-height:1}.elementor-widget-heading .elementor-heading-title[class*=elementor-size-]>a{color:inherit;font-size:inherit;line-height:inherit}.elementor-widget-heading .elementor-heading-title.elementor-size-small{font-size:15px}.elementor-widget-heading .elementor-heading-title.elementor-size-medium{font-size:19px}.elementor-widget-heading .elementor-heading-title.elementor-size-large{font-size:29px}.elementor-widget-heading .elementor-heading-title.elementor-size-xl{font-size:39px}.elementor-widget-heading .elementor-heading-title.elementor-size-xxl{font-size:59px}<\/style><h2 class=\"elementor-heading-title elementor-size-default\">Carteras Dirigidas<\/h2>\t\t<\/div>\n\t\t\t\t<\/div>\n\t\t\t\t\t<\/div>\n\t\t\t\t<\/div>\n\t\t<div class=\"elementor-element elementor-element-33e530a e-flex e-con-boxed e-con e-parent\" data-id=\"33e530a\" data-element_type=\"container\">\n\t\t\t\t\t<div class=\"e-con-inner\">\n\t\t\t\t<div class=\"elementor-element elementor-element-377af95 elementor-widget elementor-widget-text-editor\" data-id=\"377af95\" data-element_type=\"widget\" data-widget_type=\"text-editor.default\">\n\t\t\t\t<div class=\"elementor-widget-container\">\n\t\t\t<style>\/*! elementor - v3.23.0 - 05-08-2024 *\/\n.elementor-widget-text-editor.elementor-drop-cap-view-stacked .elementor-drop-cap{background-color:#69727d;color:#fff}.elementor-widget-text-editor.elementor-drop-cap-view-framed .elementor-drop-cap{color:#69727d;border:3px solid;background-color:transparent}.elementor-widget-text-editor:not(.elementor-drop-cap-view-default) .elementor-drop-cap{margin-top:8px}.elementor-widget-text-editor:not(.elementor-drop-cap-view-default) .elementor-drop-cap-letter{width:1em;height:1em}.elementor-widget-text-editor .elementor-drop-cap{float:left;text-align:center;line-height:1;font-size:50px}.elementor-widget-text-editor .elementor-drop-cap-letter{display:inline-block}<\/style>\t\t\t\t<h3><strong>Prop\u00f3sito<\/strong><\/h3><p>Realizar la supervisi\u00f3n, inspecci\u00f3n y evaluaci\u00f3n del cumplimiento de las resoluciones y normativas legales, que en materia de carteras dirigidas se encuentren vigentes.<\/p><h3><strong>Funciones<\/strong><\/h3><p>Evaluar los resultados de la supervisi\u00f3n e inspecci\u00f3n de las carteras de cr\u00e9ditos dirigidas otorgadas por las Instituciones del Sector Bancario p\u00fablico y privado, a fin de determinar acciones y correctivos.<\/p>\t\t\t\t\t\t<\/div>\n\t\t\t\t<\/div>\n\t\t\t\t\t<\/div>\n\t\t\t\t<\/div>\n\t\t<div class=\"elementor-element elementor-element-1038ff7 e-flex e-con-boxed e-con e-parent\" data-id=\"1038ff7\" data-element_type=\"container\">\n\t\t\t\t\t<div class=\"e-con-inner\">\n\t\t\t\t<div class=\"elementor-element elementor-element-853f3f5 elementor-widget elementor-widget-toggle\" data-id=\"853f3f5\" data-element_type=\"widget\" data-widget_type=\"toggle.default\">\n\t\t\t\t<div class=\"elementor-widget-container\">\n\t\t\t<style>\/*! elementor - v3.23.0 - 05-08-2024 *\/\n.elementor-toggle{text-align:start}.elementor-toggle .elementor-tab-title{font-weight:700;line-height:1;margin:0;padding:15px;border-bottom:1px solid #d5d8dc;cursor:pointer;outline:none}.elementor-toggle .elementor-tab-title .elementor-toggle-icon{display:inline-block;width:1em}.elementor-toggle .elementor-tab-title .elementor-toggle-icon svg{margin-inline-start:-5px;width:1em;height:1em}.elementor-toggle .elementor-tab-title .elementor-toggle-icon.elementor-toggle-icon-right{float:right;text-align:right}.elementor-toggle .elementor-tab-title .elementor-toggle-icon.elementor-toggle-icon-left{float:left;text-align:left}.elementor-toggle .elementor-tab-title .elementor-toggle-icon .elementor-toggle-icon-closed{display:block}.elementor-toggle .elementor-tab-title .elementor-toggle-icon .elementor-toggle-icon-opened{display:none}.elementor-toggle .elementor-tab-title.elementor-active{border-bottom:none}.elementor-toggle .elementor-tab-title.elementor-active .elementor-toggle-icon-closed{display:none}.elementor-toggle .elementor-tab-title.elementor-active .elementor-toggle-icon-opened{display:block}.elementor-toggle .elementor-tab-content{padding:15px;border-bottom:1px solid #d5d8dc;display:none}@media (max-width:767px){.elementor-toggle .elementor-tab-title{padding:12px}.elementor-toggle .elementor-tab-content{padding:12px 10px}}.e-con-inner>.elementor-widget-toggle,.e-con>.elementor-widget-toggle{width:var(--container-widget-width);--flex-grow:var(--container-widget-flex-grow)}<\/style>\t\t<div class=\"elementor-toggle\">\n\t\t\t\t\t\t\t<div class=\"elementor-toggle-item\">\n\t\t\t\t\t<div id=\"elementor-tab-title-1391\" class=\"elementor-tab-title\" data-tab=\"1\" role=\"button\" aria-controls=\"elementor-tab-content-1391\" aria-expanded=\"false\">\n\t\t\t\t\t\t\t\t\t\t\t\t<span class=\"elementor-toggle-icon elementor-toggle-icon-left\" aria-hidden=\"true\">\n\t\t\t\t\t\t\t\t\t\t\t\t\t\t\t<span class=\"elementor-toggle-icon-closed\"><svg class=\"e-font-icon-svg e-fas-plus\" viewBox=\"0 0 448 512\" xmlns=\"http:\/\/www.w3.org\/2000\/svg\"><path d=\"M416 208H272V64c0-17.67-14.33-32-32-32h-32c-17.67 0-32 14.33-32 32v144H32c-17.67 0-32 14.33-32 32v32c0 17.67 14.33 32 32 32h144v144c0 17.67 14.33 32 32 32h32c17.67 0 32-14.33 32-32V304h144c17.67 0 32-14.33 32-32v-32c0-17.67-14.33-32-32-32z\"><\/path><\/svg><\/span>\n\t\t\t\t\t\t\t\t<span class=\"elementor-toggle-icon-opened\"><svg class=\"elementor-toggle-icon-opened e-font-icon-svg e-fas-minus\" viewBox=\"0 0 448 512\" xmlns=\"http:\/\/www.w3.org\/2000\/svg\"><path d=\"M416 208H32c-17.67 0-32 14.33-32 32v32c0 17.67 14.33 32 32 32h384c17.67 0 32-14.33 32-32v-32c0-17.67-14.33-32-32-32z\"><\/path><\/svg><\/span>\n\t\t\t\t\t\t\t\t\t\t\t\t\t<\/span>\n\t\t\t\t\t\t\t\t\t\t\t\t<a class=\"elementor-toggle-title\" tabindex=\"0\">Cartera Agr\u00edcola<\/a>\n\t\t\t\t\t<\/div>\n\n\t\t\t\t\t<div id=\"elementor-tab-content-1391\" class=\"elementor-tab-content elementor-clearfix\" data-tab=\"1\" role=\"region\" aria-labelledby=\"elementor-tab-title-1391\"><p>Es el monto m\u00ednimo de cr\u00e9ditos que, por mandato de Ley, cada uno de los Bancos Universales p\u00fablicos y privados deben destinar al financiamiento del sector agrario, durante un ejercicio fiscal determinado.<\/p><p>Los rubros estrat\u00e9gicos sujetos de financiamiento por parte de la Banca Universal son:<\/p><p>Rubros prioritarios sujetos de financiamiento por parte de la Banca Comercial y Universal.<\/p><p>\u2022 Vegetales: cereales (ma\u00edz blanco y amarillo, arroz y sorgo), cultivos tropicales (caf\u00e9, cacao y ca\u00f1a de az\u00facar), textiles y oleaginosas (algod\u00f3n, palma aceitera, girasol y soya), granos y leguminosas (caraota, frijol y quinchoncho), frutales tropicales (pl\u00e1tano y cambur), ra\u00edces y tub\u00e9rculos (papa, yuca y batata) y hortalizas (tomate, piment\u00f3n y cebolla).<\/p><p>\u2022 Pecuario: ganader\u00eda doble prop\u00f3sito (bovinos y bufalinos), aves (pollos de engorde y huevos de consumo) y cerdos.<\/p><p>\u2022 Forestal: acacia, caoba, caucho, cedro, eucalipto, melina, pardillo, pino, sam\u00e1n y teca.<\/p><p>\u2022 Pesca y acuicultura: pesca artesanal mar\u00edtima (sardina, bagre marino, camar\u00f3n, carite, corocoro, curbina, jurel, lebranche, machuelo, pepitona y jaiba), pesca artesanal continental (bagre rayado, bagres varios, bocachico, cubinata, panamana y palometa), acuicultura (cachama, camar\u00f3n, trucha, coporo y morocoto) y pesca industrial (at\u00fan, mero y pargo).<\/p><p>\u2022 Conucos y Unidades Agroecol\u00f3gicas.<\/p><\/div>\n\t\t\t\t<\/div>\n\t\t\t\t\t\t\t<div class=\"elementor-toggle-item\">\n\t\t\t\t\t<div id=\"elementor-tab-title-1392\" class=\"elementor-tab-title\" data-tab=\"2\" role=\"button\" aria-controls=\"elementor-tab-content-1392\" aria-expanded=\"false\">\n\t\t\t\t\t\t\t\t\t\t\t\t<span class=\"elementor-toggle-icon elementor-toggle-icon-left\" aria-hidden=\"true\">\n\t\t\t\t\t\t\t\t\t\t\t\t\t\t\t<span class=\"elementor-toggle-icon-closed\"><svg class=\"e-font-icon-svg e-fas-plus\" viewBox=\"0 0 448 512\" xmlns=\"http:\/\/www.w3.org\/2000\/svg\"><path d=\"M416 208H272V64c0-17.67-14.33-32-32-32h-32c-17.67 0-32 14.33-32 32v144H32c-17.67 0-32 14.33-32 32v32c0 17.67 14.33 32 32 32h144v144c0 17.67 14.33 32 32 32h32c17.67 0 32-14.33 32-32V304h144c17.67 0 32-14.33 32-32v-32c0-17.67-14.33-32-32-32z\"><\/path><\/svg><\/span>\n\t\t\t\t\t\t\t\t<span class=\"elementor-toggle-icon-opened\"><svg class=\"elementor-toggle-icon-opened e-font-icon-svg e-fas-minus\" viewBox=\"0 0 448 512\" xmlns=\"http:\/\/www.w3.org\/2000\/svg\"><path d=\"M416 208H32c-17.67 0-32 14.33-32 32v32c0 17.67 14.33 32 32 32h384c17.67 0 32-14.33 32-32v-32c0-17.67-14.33-32-32-32z\"><\/path><\/svg><\/span>\n\t\t\t\t\t\t\t\t\t\t\t\t\t<\/span>\n\t\t\t\t\t\t\t\t\t\t\t\t<a class=\"elementor-toggle-title\" tabindex=\"0\">Cartera Tur\u00edstica<\/a>\n\t\t\t\t\t<\/div>\n\n\t\t\t\t\t<div id=\"elementor-tab-content-1392\" class=\"elementor-tab-content elementor-clearfix\" data-tab=\"2\" role=\"region\" aria-labelledby=\"elementor-tab-title-1392\"><p>Es el monto m\u00ednimo de cr\u00e9ditos que, por mandato de Ley, cada uno de los Bancos Universales p\u00fablicos y privados deben destinar al financiamiento de las operaciones correspondientes a la pol\u00edtica de desarrollo tur\u00edstico, al Plan Estrat\u00e9gico Nacional de Turismo y al Programa Nacional de Promoci\u00f3n de la Inversi\u00f3n Tur\u00edstica, realizadas por los prestadores y prestadoras de servicios tur\u00edsticos.<\/p><p>\u00bfQU\u00c9 SE FINANCIA?<\/p><p>\u2022 Elaboraci\u00f3n de proyectos tur\u00edsticos.<\/p><p>\u2022 Dotaci\u00f3n, equipamiento y reparaci\u00f3n de establecimientos tur\u00edsticos.<\/p><p>\u2022 Ampliaci\u00f3n y remodelaci\u00f3n de establecimientos tur\u00edsticos.<\/p><p>\u2022 Adquisici\u00f3n de equipos de transporte terrestre, a\u00e9reo y acu\u00e1tico.<\/p><p>\u2022 Proyectos tur\u00edsticos presentados por las mesas t\u00e9cnicas de los Consejos Comunales, comunidades y organizaciones ind\u00edgenas.<\/p><p>\u2022 Adquisici\u00f3n y construcci\u00f3n de inmuebles con fines tur\u00edsticos. \u2022 Gastos de arranque y puesta en marcha.<\/p><p>\u00bfCU\u00c1LES SON LOS BENEFICIOS AL PRESTADOR O PRESTADORA DE SERVICIOS TUR\u00cdSTICOS?<\/p><p>Los beneficiarios de esta cartera dirigida recibir\u00e1n condiciones especiales en cuanto a garant\u00edas, plazos, montos de financiamiento, tasas de inter\u00e9s preferencial, impuestos municipales y nacionales, subsidios, entre otros; as\u00ed como, obtendr\u00e1n servicios no financieros otorgados por las Instituciones Bancarias.<\/p><\/div>\n\t\t\t\t<\/div>\n\t\t\t\t\t\t\t<div class=\"elementor-toggle-item\">\n\t\t\t\t\t<div id=\"elementor-tab-title-1393\" class=\"elementor-tab-title\" data-tab=\"3\" role=\"button\" aria-controls=\"elementor-tab-content-1393\" aria-expanded=\"false\">\n\t\t\t\t\t\t\t\t\t\t\t\t<span class=\"elementor-toggle-icon elementor-toggle-icon-left\" aria-hidden=\"true\">\n\t\t\t\t\t\t\t\t\t\t\t\t\t\t\t<span class=\"elementor-toggle-icon-closed\"><svg class=\"e-font-icon-svg e-fas-plus\" viewBox=\"0 0 448 512\" xmlns=\"http:\/\/www.w3.org\/2000\/svg\"><path d=\"M416 208H272V64c0-17.67-14.33-32-32-32h-32c-17.67 0-32 14.33-32 32v144H32c-17.67 0-32 14.33-32 32v32c0 17.67 14.33 32 32 32h144v144c0 17.67 14.33 32 32 32h32c17.67 0 32-14.33 32-32V304h144c17.67 0 32-14.33 32-32v-32c0-17.67-14.33-32-32-32z\"><\/path><\/svg><\/span>\n\t\t\t\t\t\t\t\t<span class=\"elementor-toggle-icon-opened\"><svg class=\"elementor-toggle-icon-opened e-font-icon-svg e-fas-minus\" viewBox=\"0 0 448 512\" xmlns=\"http:\/\/www.w3.org\/2000\/svg\"><path d=\"M416 208H32c-17.67 0-32 14.33-32 32v32c0 17.67 14.33 32 32 32h384c17.67 0 32-14.33 32-32v-32c0-17.67-14.33-32-32-32z\"><\/path><\/svg><\/span>\n\t\t\t\t\t\t\t\t\t\t\t\t\t<\/span>\n\t\t\t\t\t\t\t\t\t\t\t\t<a class=\"elementor-toggle-title\" tabindex=\"0\">Cartera Manufacturera<\/a>\n\t\t\t\t\t<\/div>\n\n\t\t\t\t\t<div id=\"elementor-tab-content-1393\" class=\"elementor-tab-content elementor-clearfix\" data-tab=\"3\" role=\"region\" aria-labelledby=\"elementor-tab-title-1393\"><p>Es el monto m\u00ednimo de cr\u00e9ditos que, por mandato de Ley, cada uno de los Bancos Universales p\u00fablicos y privados deben destinar al financiamiento del sector manufacturero, el cual se define como el encargado de la producci\u00f3n de bienes a partir de procesos de transformaci\u00f3n de materia prima en productos manufacturados, destinados al consumo final o intermedio, as\u00ed como la fabricaci\u00f3n de bienes de capital.<\/p><p>\u00bfQU\u00c9 SE FINANCIA?<\/p><p>\u2022 Operaciones o proyectos presentados por Unidades Econ\u00f3micas cuya actividad principal se tipifiquen dentro de las contempladas en el C\u00f3digo Industrial Internacional Uniforme (CIIU).<\/p><p>\u2022 Construcci\u00f3n o ejecuci\u00f3n de obras civiles directamente relacionadas con la actividad industrial.<\/p><p>\u2022 Operaciones relacionadas con el transporte de mercanc\u00eda (equipos de manipulaci\u00f3n de cargas a lo interno de la Unidad Econ\u00f3mica y unidades espec\u00edficas de transporte de mercanc\u00eda).<\/p><p>\u2022 Operaciones comerciales (venta de piedra, arena y arcilla, as\u00ed como de productos intermedios).<\/p><p>\u00bfCU\u00c1LES SON LOS BENEFICIOS A LAS UNIDADES ECON\u00d3MICAS?<\/p><p>Los Bancos Universales est\u00e1n obligados a prestar servicios no financieros, apoyo t\u00e9cnico y otorgar los incentivos establecidos por el Ejecutivo Nacional a los beneficiarios de esta cartera dirigida. Asimismo, se otorga tasa de inter\u00e9s preferencial a la peque\u00f1a y mediana industria, industrias estatales, industrias comunitarias y empresas conjuntas.<\/p><\/div>\n\t\t\t\t<\/div>\n\t\t\t\t\t\t\t<div class=\"elementor-toggle-item\">\n\t\t\t\t\t<div id=\"elementor-tab-title-1394\" class=\"elementor-tab-title\" data-tab=\"4\" role=\"button\" aria-controls=\"elementor-tab-content-1394\" aria-expanded=\"false\">\n\t\t\t\t\t\t\t\t\t\t\t\t<span class=\"elementor-toggle-icon elementor-toggle-icon-left\" aria-hidden=\"true\">\n\t\t\t\t\t\t\t\t\t\t\t\t\t\t\t<span class=\"elementor-toggle-icon-closed\"><svg class=\"e-font-icon-svg e-fas-plus\" viewBox=\"0 0 448 512\" xmlns=\"http:\/\/www.w3.org\/2000\/svg\"><path d=\"M416 208H272V64c0-17.67-14.33-32-32-32h-32c-17.67 0-32 14.33-32 32v144H32c-17.67 0-32 14.33-32 32v32c0 17.67 14.33 32 32 32h144v144c0 17.67 14.33 32 32 32h32c17.67 0 32-14.33 32-32V304h144c17.67 0 32-14.33 32-32v-32c0-17.67-14.33-32-32-32z\"><\/path><\/svg><\/span>\n\t\t\t\t\t\t\t\t<span class=\"elementor-toggle-icon-opened\"><svg class=\"elementor-toggle-icon-opened e-font-icon-svg e-fas-minus\" viewBox=\"0 0 448 512\" xmlns=\"http:\/\/www.w3.org\/2000\/svg\"><path d=\"M416 208H32c-17.67 0-32 14.33-32 32v32c0 17.67 14.33 32 32 32h384c17.67 0 32-14.33 32-32v-32c0-17.67-14.33-32-32-32z\"><\/path><\/svg><\/span>\n\t\t\t\t\t\t\t\t\t\t\t\t\t<\/span>\n\t\t\t\t\t\t\t\t\t\t\t\t<a class=\"elementor-toggle-title\" tabindex=\"0\">Cartera Microempresarial<\/a>\n\t\t\t\t\t<\/div>\n\n\t\t\t\t\t<div id=\"elementor-tab-content-1394\" class=\"elementor-tab-content elementor-clearfix\" data-tab=\"4\" role=\"region\" aria-labelledby=\"elementor-tab-title-1394\"><p>Es el monto m\u00ednimo de cr\u00e9ditos que, por mandato de Ley, cada uno de los Bancos Universales y Microfinancieros p\u00fablicos y privados deben destinar al financiamiento de actividades realizadas por el sector microempresarial o a colocaciones en aquellas instituciones establecidas o por establecerse que tengan por objeto crear, estimular, promover y desarrollar al Sistema Microfinanciero y Microempresarial del pa\u00eds, para atender la econom\u00eda popular y alternativa.<\/p><p>\u00bfQU\u00c9 ES UN MICROEMPRESARIO?<\/p><p>Un microempresario es toda persona natural o jur\u00eddica, que bajo cualquier forma de organizaci\u00f3n o gesti\u00f3n productiva, desarrolle o tenga iniciativas para realizar actividades de comercializaci\u00f3n, prestaci\u00f3n de servicios, transformaci\u00f3n y producci\u00f3n industrial, agr\u00edcola o artesanal del pa\u00eds. En el caso de persona jur\u00eddica, deber\u00e1 contar con un n\u00famero total no mayor de diez (10) trabajadores y trabajadoras o generar ventas anuales hasta por la cantidad de nueve mil Unidades tributarias (9.000 U.T.).<\/p><p>\u00bfCU\u00c1LES SON LOS BENEFICIOS DE UN MICROCR\u00c9DITO?<\/p><p>Las Instituciones Bancarias est\u00e1n obligadas a flexibilizar el tr\u00e1mite del cr\u00e9dito, los cuales se basan en conocimiento del deudor, voluntad de pago, solvencia moral, entorno social y potencialidades.<\/p><p>\u00bfCU\u00c1LES SON LAS MODALIDADES DE MICROCR\u00c9DITOS?<br \/>Los cr\u00e9ditos pueden ser solicitados de manera individual, mancomunada o solidaria.<\/p><\/div>\n\t\t\t\t<\/div>\n\t\t\t\t\t\t\t<div class=\"elementor-toggle-item\">\n\t\t\t\t\t<div id=\"elementor-tab-title-1395\" class=\"elementor-tab-title\" data-tab=\"5\" role=\"button\" aria-controls=\"elementor-tab-content-1395\" aria-expanded=\"false\">\n\t\t\t\t\t\t\t\t\t\t\t\t<span class=\"elementor-toggle-icon elementor-toggle-icon-left\" aria-hidden=\"true\">\n\t\t\t\t\t\t\t\t\t\t\t\t\t\t\t<span class=\"elementor-toggle-icon-closed\"><svg class=\"e-font-icon-svg e-fas-plus\" viewBox=\"0 0 448 512\" xmlns=\"http:\/\/www.w3.org\/2000\/svg\"><path d=\"M416 208H272V64c0-17.67-14.33-32-32-32h-32c-17.67 0-32 14.33-32 32v144H32c-17.67 0-32 14.33-32 32v32c0 17.67 14.33 32 32 32h144v144c0 17.67 14.33 32 32 32h32c17.67 0 32-14.33 32-32V304h144c17.67 0 32-14.33 32-32v-32c0-17.67-14.33-32-32-32z\"><\/path><\/svg><\/span>\n\t\t\t\t\t\t\t\t<span class=\"elementor-toggle-icon-opened\"><svg class=\"elementor-toggle-icon-opened e-font-icon-svg e-fas-minus\" viewBox=\"0 0 448 512\" xmlns=\"http:\/\/www.w3.org\/2000\/svg\"><path d=\"M416 208H32c-17.67 0-32 14.33-32 32v32c0 17.67 14.33 32 32 32h384c17.67 0 32-14.33 32-32v-32c0-17.67-14.33-32-32-32z\"><\/path><\/svg><\/span>\n\t\t\t\t\t\t\t\t\t\t\t\t\t<\/span>\n\t\t\t\t\t\t\t\t\t\t\t\t<a class=\"elementor-toggle-title\" tabindex=\"0\">Participaci\u00f3n<\/a>\n\t\t\t\t\t<\/div>\n\n\t\t\t\t\t<div id=\"elementor-tab-content-1395\" class=\"elementor-tab-content elementor-clearfix\" data-tab=\"5\" role=\"region\" aria-labelledby=\"elementor-tab-title-1395\"><p>En cuanto a la creaci\u00f3n de la estructura, mecanismos y procedimientos institucionales suficientes y necesarios para propiciar y promover la participaci\u00f3n social en la gesti\u00f3n p\u00fablica desde su planificaci\u00f3n hasta la evaluaci\u00f3n de los resultados de la Instituci\u00f3n.<\/p><\/div>\n\t\t\t\t<\/div>\n\t\t\t\t\t\t\t\t<\/div>\n\t\t\t\t<\/div>\n\t\t\t\t<\/div>\n\t\t\t\t\t<\/div>\n\t\t\t\t<\/div>\n\t\t\t\t<\/div>\n\t\t","protected":false},"excerpt":{"rendered":"<p>Carteras Dirigidas Prop\u00f3sito Realizar la supervisi\u00f3n, inspecci\u00f3n y evaluaci\u00f3n del cumplimiento de las resoluciones y normativas legales, que en materia de carteras dirigidas se encuentren vigentes. Funciones Evaluar los resultados de la supervisi\u00f3n e inspecci\u00f3n de las carteras de cr\u00e9ditos dirigidas otorgadas por las Instituciones del Sector Bancario p\u00fablico y privado, a fin de determinar [&hellip;]<\/p>\n","protected":false},"author":1,"featured_media":0,"parent":0,"menu_order":0,"comment_status":"closed","ping_status":"closed","template":"","meta":{"footnotes":""},"class_list":["post-533","page","type-page","status-publish","hentry","post"],"_links":{"self":[{"href":"https:\/\/sudeban.gob.ve\/index.php\/wp-json\/wp\/v2\/pages\/533"}],"collection":[{"href":"https:\/\/sudeban.gob.ve\/index.php\/wp-json\/wp\/v2\/pages"}],"about":[{"href":"https:\/\/sudeban.gob.ve\/index.php\/wp-json\/wp\/v2\/types\/page"}],"author":[{"embeddable":true,"href":"https:\/\/sudeban.gob.ve\/index.php\/wp-json\/wp\/v2\/users\/1"}],"replies":[{"embeddable":true,"href":"https:\/\/sudeban.gob.ve\/index.php\/wp-json\/wp\/v2\/comments?post=533"}],"version-history":[{"count":28,"href":"https:\/\/sudeban.gob.ve\/index.php\/wp-json\/wp\/v2\/pages\/533\/revisions"}],"predecessor-version":[{"id":1520,"href":"https:\/\/sudeban.gob.ve\/index.php\/wp-json\/wp\/v2\/pages\/533\/revisions\/1520"}],"wp:attachment":[{"href":"https:\/\/sudeban.gob.ve\/index.php\/wp-json\/wp\/v2\/media?parent=533"}],"curies":[{"name":"wp","href":"https:\/\/api.w.org\/{rel}","templated":true}]}}