{"id":547,"date":"2024-06-01T21:32:24","date_gmt":"2024-06-02T01:32:24","guid":{"rendered":"http:\/\/localhost\/PRUEBA\/?page_id=547"},"modified":"2024-11-29T09:16:08","modified_gmt":"2024-11-29T13:16:08","slug":"sociedades-de-garantia","status":"publish","type":"page","link":"https:\/\/sudeban.gob.ve\/index.php\/sociedades-de-garantia\/","title":{"rendered":"Sociedades de Garant\u00eda"},"content":{"rendered":"\t\t<div data-elementor-type=\"wp-page\" data-elementor-id=\"547\" class=\"elementor elementor-547\">\n\t\t\t\t<div class=\"elementor-element elementor-element-2c73f8d9 e-flex e-con-boxed e-con e-parent\" data-id=\"2c73f8d9\" data-element_type=\"container\">\n\t\t\t\t\t<div class=\"e-con-inner\">\n\t\t\t\t<div class=\"elementor-element elementor-element-1d43ee1b elementor-widget elementor-widget-heading\" data-id=\"1d43ee1b\" data-element_type=\"widget\" data-widget_type=\"heading.default\">\n\t\t\t\t<div class=\"elementor-widget-container\">\n\t\t\t<style>\/*! elementor - v3.23.0 - 05-08-2024 *\/\n.elementor-heading-title{padding:0;margin:0;line-height:1}.elementor-widget-heading .elementor-heading-title[class*=elementor-size-]>a{color:inherit;font-size:inherit;line-height:inherit}.elementor-widget-heading .elementor-heading-title.elementor-size-small{font-size:15px}.elementor-widget-heading .elementor-heading-title.elementor-size-medium{font-size:19px}.elementor-widget-heading .elementor-heading-title.elementor-size-large{font-size:29px}.elementor-widget-heading .elementor-heading-title.elementor-size-xl{font-size:39px}.elementor-widget-heading .elementor-heading-title.elementor-size-xxl{font-size:59px}<\/style><h2 class=\"elementor-heading-title elementor-size-default\">Sociedades de Garant\u00eda<\/h2>\t\t<\/div>\n\t\t\t\t<\/div>\n\t\t\t\t\t<\/div>\n\t\t\t\t<\/div>\n\t\t<div class=\"elementor-element elementor-element-daa61aa e-grid e-con-boxed e-con e-parent\" data-id=\"daa61aa\" data-element_type=\"container\">\n\t\t\t\t\t<div class=\"e-con-inner\">\n\t\t\t\t<div class=\"elementor-element elementor-element-e290967 elementor-widget elementor-widget-shortcode\" data-id=\"e290967\" data-element_type=\"widget\" data-widget_type=\"shortcode.default\">\n\t\t\t\t<div class=\"elementor-widget-container\">\n\t\t\t\t\t<div class=\"elementor-shortcode\"><div id=\"footable_parent_2175\"\n         class=\" footable_parent ninja_table_wrapper loading_ninja_table wp_table_data_press_parent semantic_ui \">\n                <table data-ninja_table_instance=\"ninja_table_instance_0\" data-footable_id=\"2175\" data-filter-delay=\"1000\" aria-label=\"18.DIR_SOCIEDAD_GARANTIA (Imported From Table Press)\"            id=\"footable_2175\"\n           data-unique_identifier=\"ninja_table_unique_id_477507483_2175\"\n           class=\" foo-table ninja_footable foo_table_2175 ninja_table_unique_id_477507483_2175 ui table  nt_type_legacy_table selectable striped vertical_centered  footable-paging-right ninja_table_pro\">\n                <colgroup>\n                            <col class=\"ninja_column_0 \">\n                            <col class=\"ninja_column_1 \">\n                            <col class=\"ninja_column_2 \">\n                            <col class=\"ninja_column_3 \">\n                            <col class=\"ninja_column_4 \">\n                    <\/colgroup>\n        <thead>\n<tr class=\"footable-header\">\n                                                                                        <th scope=\"col\"  class=\"ninja_column_0 ninja_clmn_nm_nombre \">NOMBRE<\/th><th scope=\"col\"  class=\"ninja_column_1 ninja_clmn_nm_presidente \">PRESIDENTE<\/th><th scope=\"col\"  class=\"ninja_column_2 ninja_clmn_nm_presidenteejecutivo \">PRESIDENTE EJECUTIVO<\/th><th scope=\"col\"  class=\"ninja_column_3 ninja_clmn_nm_direccion \">DIRECCION<\/th><th scope=\"col\"  class=\"ninja_column_4 ninja_clmn_nm_tipoentidad \">TIPO_ENTIDAD<\/th><\/tr>\n<\/thead>\n<tbody>\n\n        <tr data-row_id=\"2144\" class=\"ninja_table_row_0 nt_row_id_2144\">\n            <td>FONDO NACIONAL DE GARANT\u00cd\u008dAS REC\u00cd\u008dPROCAS PARA LA PEQUE\u00d1A Y MEDIANA EMPRESA , S.A. (FONPYME, S.A.).<\/td><td>ORLANDO JOS\u00c9  BECERRA VIELMA (E)<\/td><td><\/td><td>Avenida Francisco de Miranda, final avenida Libertador, Torre Europa, piso 7, Municipio Chacao, estado Miranda.<\/td><td>SOCIEDAD DE GARANT\u00cd\u008dAS REC\u00cd\u008dPROCAS<\/td>        <\/tr>\n            <tr data-row_id=\"2145\" class=\"ninja_table_row_1 nt_row_id_2145\">\n            <td>SOCIEDAD DE GARANT\u00cdAS REC\u00cdPROCAS PARA LA PEQUE\u00d1A Y MEDIANA EMPRESA DEL SECTOR TURISMO (SOGATUR, S.A.).<\/td><td>CECILIA CAROLINA LEAL AGUIN (E)<\/td><td><\/td><td>Avenida Francisco de Miranda con avenida Principal La Floresta, Edificio Ministerio del Poder Popular para el Turismo, Municipio Chacao, estado Miranda.<\/td><td>SOCIEDAD DE GARANT\u00cd\u008dAS REC\u00cd\u008dPROCAS<\/td>        <\/tr>\n            <tr data-row_id=\"2146\" class=\"ninja_table_row_2 nt_row_id_2146\">\n            <td>SOCIEDAD DE GARANT\u00cd\u008dAS REC\u00cd\u008dPROCAS PARA EL SECTOR AGROPECUARIO, FORESTAL, PESQUERO Y AFINES, S.A. (S.G.R. SOGARSA, S.A.).<\/td><td>JANETH DEL CARMEN BRACHO GARC\u00cdA (E)<\/td><td><\/td><td>Avenida Este 6, Oficentro Edal, piso 7, oficina 7-4, Parroquia Catedral, Municipio Libertador, Distrito Capital.<\/td><td>SOCIEDAD DE GARANT\u00cd\u008dAS REC\u00cd\u008dPROCAS<\/td>        <\/tr>\n            <tr data-row_id=\"2147\" class=\"ninja_table_row_3 nt_row_id_2147\">\n            <td>SOCIEDAD DE GARANT\u00cd\u008dAS REC\u00cd\u008dPROCAS PARA EL SECTOR MICROFINANCIERO S.A. (S.G.R. SOGAMIC, S.A.).<\/td><td>RINA STHERLIN GUERRERO SOTO<\/td><td><\/td><td>Urbanizaci\u00f3n Parque Humboldt, avenida R\u00edo Caura, detr\u00e1s del Centro Comercial Concresa, Edificio Torre Humboldt, Mezzanina 8, Municipio Baruta, estado Miranda.<\/td><td>SOCIEDAD DE GARANT\u00cd\u008dAS REC\u00cd\u008dPROCAS<\/td>        <\/tr>\n            <tr data-row_id=\"2148\" class=\"ninja_table_row_4 nt_row_id_2148\">\n            <td>SOCIEDAD DE GARANT\u00cd\u008dAS REC\u00cd\u008dPROCAS PARA LA MEDIANA Y PEQUE\u00d1A EMPRESA DE LA REGI\u00d3N DE GUAYANA, S.A. (S.G.R. GUAYANA, S.A.).<\/td><td>RADA GAMLUCH<\/td><td><\/td><td>Calle Cuchivero, cruce con avenida Guayana, Centro Empresarial Alta Vista, Planta Baja, local PB-7, Puerto Ordaz, estado Bol\u00edvar.<\/td><td>SOCIEDAD DE GARANT\u00cd\u008dAS REC\u00cd\u008dPROCAS<\/td>        <\/tr>\n            <tr data-row_id=\"2149\" class=\"ninja_table_row_5 nt_row_id_2149\">\n            <td>SOCIEDAD DE GARANT\u00cd\u008dAS REC\u00cd\u008dPROCAS PARA LA MEDIANA Y PEQUE\u00d1A EMPRESA DEL ESTADO ANZO\u00c1TEGUI, S.A. (S.G.R. ANZO\u00c1TEGUI, S.A.).<\/td><td>MILAGROS ELENA G\u00d3MEZ HERN\u00c1NDEZ<\/td><td><\/td><td>Avenida 5 de Julio, Edificio Sede de la Gobernaci\u00f3n del estado Anzo\u00e1tegui, piso 1, Oficina S\/N, Barcelona, estado Anzo\u00e1tegui.\n<\/td><td>SOCIEDAD DE GARANT\u00cd\u008dAS REC\u00cd\u008dPROCAS<\/td>        <\/tr>\n            <tr data-row_id=\"2150\" class=\"ninja_table_row_6 nt_row_id_2150\">\n            <td>SOCIEDAD DE GARANT\u00cd\u008dAS REC\u00cd\u008dPROCAS PARA LA MEDIANA Y PEQUE\u00d1A EMPRESA DEL ESTADO CARABOBO, S.A. (S.G.R. CARABOBO S.A.).<\/td><td>MIEMBROS DE LA JUNTA DIRECTIVA<\/td><td><\/td><td>Avenida Cede\u00f1o, Torre Empresarial, Planta Baja, oficina C-6, Valencia, estado Carabobo.\n<\/td><td>SOCIEDAD DE GARANT\u00cd\u008dAS REC\u00cd\u008dPROCAS<\/td>        <\/tr>\n            <tr data-row_id=\"2151\" class=\"ninja_table_row_7 nt_row_id_2151\">\n            <td>SOCIEDAD DE GARANT\u00cd\u008dAS REC\u00cd\u008dPROCAS PARA LA MEDIANA Y PEQUE\u00d1A EMPRESA DEL ESTADO COJEDES, S.A. (S.G.R COJEDES, S.A.).<\/td><td>JOS\u00c9 ORANGEL S\u00c1NCHEZ <\/td><td><\/td><td>Calle Sucre, Edificio General Manuel Manrique, piso 3, locales 49, 50, 51 y 52, San Carlos, estado Cojedes.  <\/td><td>SOCIEDAD DE GARANT\u00cd\u008dAS REC\u00cd\u008dPROCAS<\/td>        <\/tr>\n            <tr data-row_id=\"2152\" class=\"ninja_table_row_8 nt_row_id_2152\">\n            <td>SOCIEDAD DE GARANT\u00cd\u008dAS REC\u00cd\u008dPROCAS PARA LA MEDIANA Y PEQUE\u00d1A EMPRESA DEL ESTADO M\u00c9RIDA, S.A. (S.G.R. MERIDA S.A.).<\/td><td>ARELYS DEL VALLE P\u00c1EZ QUINTERO<\/td><td><\/td><td>Avenida Las Am\u00e9ricas, esquina calle 1, Urbanizaci\u00f3n La Pompeya,  Centro Comercial Mayeya, nivel Mezzanina, locales 17 y 18, M\u00e9rida, estado M\u00e9rida.<\/td><td>SOCIEDAD DE GARANT\u00cd\u008dAS REC\u00cd\u008dPROCAS<\/td>        <\/tr>\n            <tr data-row_id=\"2153\" class=\"ninja_table_row_9 nt_row_id_2153\">\n            <td>SOCIEDAD DE GARANT\u00cd\u008dAS REC\u00cd\u008dPROCAS PARA LA MEDIANA Y PEQUE\u00d1A EMPRESA DEL ESTADO MONAGAS, S.A. (S.G.R. MONAGAS, S.A.).<\/td><td>MIEMBROS DE LA JUNTA DIRECTIVA<\/td><td><\/td><td>Avenida Bol\u00edvar cruce con calle Sucre, Edificio Araguaney, piso 2, Matur\u00edn, estado Monagas.<\/td><td>SOCIEDAD DE GARANT\u00cd\u008dAS REC\u00cd\u008dPROCAS<\/td>        <\/tr>\n            <tr data-row_id=\"2154\" class=\"ninja_table_row_10 nt_row_id_2154\">\n            <td>SOCIEDAD DE GARANT\u00cd\u008dAS REC\u00cd\u008dPROCAS PARA LA MEDIANA Y PEQUE\u00d1A EMPRESA DEL ESTADO NUEVA ESPARTA, S.A. (S.G.R. NUEVA ESPARTA, S.A.).<\/td><td>BEL\u00c9N DEL VALLE MARVAL FERN\u00c1NDEZ<\/td><td><\/td><td>Calle Cede\u00f1o, entre Campos y Ferm\u00edn, Edificio Vista Mar, Planta Baja 02, Porlamar, estado Nueva Esparta.<\/td><td>SOCIEDAD DE GARANT\u00cd\u008dAS REC\u00cd\u008dPROCAS<\/td>        <\/tr>\n            <tr data-row_id=\"2155\" class=\"ninja_table_row_11 nt_row_id_2155\">\n            <td>SOCIEDAD DE GARANT\u00cd\u008dAS REC\u00cd\u008dPROCAS PARA LA MEDIANA Y PEQUE\u00d1A EMPRESA DEL ESTADO SUCRE S.A. (S.G.R. ESTADO SUCRE, S.A.).<\/td><td>MIEMBROS DE  LA JUNTA DIRECTIVA<\/td><td><\/td><td>Calle Andr\u00e9s Bello con calle Sucre, Edificio Onasol, piso 1, Apto 2, Cuman\u00e1, estado Sucre.<\/td><td>SOCIEDAD DE GARANT\u00cd\u008dAS REC\u00cd\u008dPROCAS<\/td>        <\/tr>\n            <tr data-row_id=\"2156\" class=\"ninja_table_row_12 nt_row_id_2156\">\n            <td>SOCIEDAD DE GARANT\u00cd\u008dAS REC\u00cd\u008dPROCAS PARA LA MEDIANA Y PEQUE\u00d1A EMPRESA DEL ESTADO T\u00c1CHIRA S.A. (S.G.R. ESTADO T\u00c1CHIRA, S.A.).<\/td><td>LEONARD STEVENSON LEAL MONCADA<\/td><td><\/td><td>Avenida Cuatricentenaria, Edificio Centro Delta, piso 4, oficina 42, San Crist\u00f3bal, estado T\u00e1chira.<\/td><td>SOCIEDAD DE GARANT\u00cd\u008dAS REC\u00cd\u008dPROCAS<\/td>        <\/tr>\n            <tr data-row_id=\"2157\" class=\"ninja_table_row_13 nt_row_id_2157\">\n            <td>SOCIEDAD DE GARANT\u00cd\u008dAS REC\u00cd\u008dPROCAS PARA LA MEDIANA Y PEQUE\u00d1A EMPRESA DEL ESTADO YARACUY, S.A. (S.G.R. ESTADO YARACUY, S.A.).<\/td><td>MIEMBROS DE LA JUNTA DIRECTIVA<\/td><td><\/td><td>Avenida Carabobo, Centro Comercial La Galer\u00eda, nivel 2, Sede IADEY, San Felipe, estado Yaracuy.<\/td><td>SOCIEDAD DE GARANT\u00cd\u008dAS REC\u00cd\u008dPROCAS<\/td>        <\/tr>\n            <tr data-row_id=\"2158\" class=\"ninja_table_row_14 nt_row_id_2158\">\n            <td>SOCIEDAD DE GARANT\u00cd\u008dAS REC\u00cd\u008dPROCAS PARA LA PEQUE\u00d1A Y MEDIANA EMPRESA DEL ESTADO BARINAS, S.A. (S.G.R. BARINAS, S.A.).<\/td><td>F\u00c9LIX ADOLFO G\u00d3MEZ MILANO<\/td><td><\/td><td>Avenida Medina Jim\u00e9nez con calle Plaza, Edificio Los Cristales, piso 3, locales C4 y C5, Barinas, estado Barinas.<\/td><td>SOCIEDAD DE GARANT\u00cd\u008dAS REC\u00cd\u008dPROCAS<\/td>        <\/tr>\n            <tr data-row_id=\"2159\" class=\"ninja_table_row_15 nt_row_id_2159\">\n            <td>SOCIEDAD DE GARANT\u00cd\u008dAS REC\u00cd\u008dPROCAS PARA LA PEQUE\u00d1A Y MEDIANA EMPRESA DEL ESTADO GU\u00c1RICO, S.A. (S.G.R. GU\u00c1RICO, S.A.).<\/td><td>MIEMBROS DE LA JUNTA DIRECTIVA<\/td><td><\/td><td>Centro Socio Productivo Sim\u00f3n Bol\u00edvar, Ciudad Villa Ol\u00edmpica,  local 13, Manga de Coleo Layret Flores, San Juan de los Morros, estado Gu\u00e1rico.\n<\/td><td>SOCIEDAD DE GARANT\u00cd\u008dAS REC\u00cd\u008dPROCAS<\/td>        <\/tr>\n            <tr data-row_id=\"2160\" class=\"ninja_table_row_16 nt_row_id_2160\">\n            <td>SOCIEDAD DE GARANT\u00cd\u008dAS REC\u00cd\u008dPROCAS PARA LA PEQUE\u00d1A Y MEDIANA EMPRESA DEL ESTADO LARA, S.A. (S.G.R. LARA, S.A.).<\/td><td>EGLIS COROMOTO P\u00c9REZ P\u00c9REZ<\/td><td><\/td><td>Avenida Libertador con calle 33, Centro Comercial El Recreo, piso 2, oficina 2-61, Barquisimeto, estado Lara.<\/td><td>SOCIEDAD DE GARANT\u00cd\u008dAS REC\u00cd\u008dPROCAS<\/td>        <\/tr>\n            <tr data-row_id=\"2161\" class=\"ninja_table_row_17 nt_row_id_2161\">\n            <td>SOCIEDAD DE GARANT\u00cd\u008dAS REC\u00cd\u008dPROCAS PARA LA PEQUE\u00d1A Y MEDIANA EMPRESA DEL ESTADO PORTUGUESA, S.A. (S.G.R. PORTUGUESA, S.A.).<\/td><td>MARICELA BETANCOURT BRICE\u00d1O<\/td><td><\/td><td>Carrera 10, esquina calle 15, Edificio Oficentro (Hermanos Cerato), arriba del SENIAT, piso 2, Guanare, estado Portuguesa. <\/td><td>SOCIEDAD DE GARANT\u00cd\u008dAS REC\u00cd\u008dPROCAS<\/td>        <\/tr>\n            <tr data-row_id=\"2162\" class=\"ninja_table_row_18 nt_row_id_2162\">\n            <td>SOCIEDAD NACIONAL DE GARANT\u00cd\u008dAS REC\u00cd\u008dPROCAS PARA LA MEDIANA Y PEQUE\u00d1A INDUSTRIA, S.A. (SOGAMPI, S.A.).<\/td><td>MINERVA MIGUELINA VILLARROEL PEREIRA \/ DELEGADA POR LA JUNTA ADMINISTRADORA<\/td><td><\/td><td>Avenida Principal de Los Cortijos de Lourdes, Edificio Centro Los Cortijos, PH, oficina 45, Municipio Sucre, estado Miranda.<\/td><td>SOCIEDAD DE GARANT\u00cd\u008dAS REC\u00cd\u008dPROCAS<\/td>        <\/tr>\n    <\/tbody><!--ninja_tobody_rendering_done-->\n    <\/table>\n                    <style type=\"text\/css\" id='ninja_table_custom_css_2175'>\n                        #footable_2175  {\n    font-family: inherit;\n    font-size: 14px;\n    }\n\n    \n                <\/style>\n                \n    \n    \n<\/div>\n<\/div>\n\t\t\t\t<\/div>\n\t\t\t\t<\/div>\n\t\t\t\t\t<\/div>\n\t\t\t\t<\/div>\n\t\t\t\t<\/div>\n\t\t","protected":false},"excerpt":{"rendered":"<p>Sociedades de Garant\u00eda<\/p>\n","protected":false},"author":1,"featured_media":0,"parent":0,"menu_order":0,"comment_status":"closed","ping_status":"closed","template":"","meta":{"footnotes":""},"class_list":["post-547","page","type-page","status-publish","hentry","post"],"_links":{"self":[{"href":"https:\/\/sudeban.gob.ve\/index.php\/wp-json\/wp\/v2\/pages\/547"}],"collection":[{"href":"https:\/\/sudeban.gob.ve\/index.php\/wp-json\/wp\/v2\/pages"}],"about":[{"href":"https:\/\/sudeban.gob.ve\/index.php\/wp-json\/wp\/v2\/types\/page"}],"author":[{"embeddable":true,"href":"https:\/\/sudeban.gob.ve\/index.php\/wp-json\/wp\/v2\/users\/1"}],"replies":[{"embeddable":true,"href":"https:\/\/sudeban.gob.ve\/index.php\/wp-json\/wp\/v2\/comments?post=547"}],"version-history":[{"count":13,"href":"https:\/\/sudeban.gob.ve\/index.php\/wp-json\/wp\/v2\/pages\/547\/revisions"}],"predecessor-version":[{"id":2195,"href":"https:\/\/sudeban.gob.ve\/index.php\/wp-json\/wp\/v2\/pages\/547\/revisions\/2195"}],"wp:attachment":[{"href":"https:\/\/sudeban.gob.ve\/index.php\/wp-json\/wp\/v2\/media?parent=547"}],"curies":[{"name":"wp","href":"https:\/\/api.w.org\/{rel}","templated":true}]}}