{"id":553,"date":"2024-06-01T21:33:45","date_gmt":"2024-06-02T01:33:45","guid":{"rendered":"http:\/\/localhost\/PRUEBA\/?page_id=553"},"modified":"2024-11-29T09:26:09","modified_gmt":"2024-11-29T13:26:09","slug":"oficinas-de-representacion","status":"publish","type":"page","link":"https:\/\/sudeban.gob.ve\/index.php\/oficinas-de-representacion\/","title":{"rendered":"Oficinas de Representaci\u00f3n"},"content":{"rendered":"\t\t<div data-elementor-type=\"wp-page\" data-elementor-id=\"553\" class=\"elementor elementor-553\">\n\t\t\t\t<div class=\"elementor-element elementor-element-3ad6e3b8 e-flex e-con-boxed e-con e-parent\" data-id=\"3ad6e3b8\" data-element_type=\"container\">\n\t\t\t\t\t<div class=\"e-con-inner\">\n\t\t\t\t<div class=\"elementor-element elementor-element-2ccd1b7c elementor-widget elementor-widget-heading\" data-id=\"2ccd1b7c\" data-element_type=\"widget\" data-widget_type=\"heading.default\">\n\t\t\t\t<div class=\"elementor-widget-container\">\n\t\t\t<style>\/*! elementor - v3.23.0 - 05-08-2024 *\/\n.elementor-heading-title{padding:0;margin:0;line-height:1}.elementor-widget-heading .elementor-heading-title[class*=elementor-size-]>a{color:inherit;font-size:inherit;line-height:inherit}.elementor-widget-heading .elementor-heading-title.elementor-size-small{font-size:15px}.elementor-widget-heading .elementor-heading-title.elementor-size-medium{font-size:19px}.elementor-widget-heading .elementor-heading-title.elementor-size-large{font-size:29px}.elementor-widget-heading .elementor-heading-title.elementor-size-xl{font-size:39px}.elementor-widget-heading .elementor-heading-title.elementor-size-xxl{font-size:59px}<\/style><h2 class=\"elementor-heading-title elementor-size-default\">Oficinas de Representaci\u00f3n<\/h2>\t\t<\/div>\n\t\t\t\t<\/div>\n\t\t\t\t\t<\/div>\n\t\t\t\t<\/div>\n\t\t<div class=\"elementor-element elementor-element-9f107fe e-grid e-con-boxed e-con e-parent\" data-id=\"9f107fe\" data-element_type=\"container\">\n\t\t\t\t\t<div class=\"e-con-inner\">\n\t\t\t\t<div class=\"elementor-element elementor-element-305bb39 elementor-widget elementor-widget-shortcode\" data-id=\"305bb39\" data-element_type=\"widget\" data-widget_type=\"shortcode.default\">\n\t\t\t\t<div class=\"elementor-widget-container\">\n\t\t\t\t\t<div class=\"elementor-shortcode\"><div id=\"footable_parent_2178\"\n         class=\" footable_parent ninja_table_wrapper loading_ninja_table wp_table_data_press_parent semantic_ui \">\n                <table data-ninja_table_instance=\"ninja_table_instance_0\" data-footable_id=\"2178\" data-filter-delay=\"1000\" aria-label=\"16.DIR_OFICINA_REPRESENTACION (Imported From Table Press)\"            id=\"footable_2178\"\n           data-unique_identifier=\"ninja_table_unique_id_1669636094_2178\"\n           class=\" foo-table ninja_footable foo_table_2178 ninja_table_unique_id_1669636094_2178 ui table  nt_type_legacy_table selectable striped vertical_centered  footable-paging-right ninja_table_pro\">\n                <colgroup>\n                            <col class=\"ninja_column_0 \">\n                            <col class=\"ninja_column_1 \">\n                            <col class=\"ninja_column_2 \">\n                            <col class=\"ninja_column_3 \">\n                            <col class=\"ninja_column_4 \">\n                    <\/colgroup>\n        <thead>\n<tr class=\"footable-header\">\n                                                                                        <th scope=\"col\"  class=\"ninja_column_0 ninja_clmn_nm_nombre \">NOMBRE<\/th><th scope=\"col\"  class=\"ninja_column_1 ninja_clmn_nm_representantelegal \">REPRESENTANTE LEGAL<\/th><th scope=\"col\"  class=\"ninja_column_2 ninja_clmn_nm_presidenteejecutivo \">PRESIDENTE EJECUTIVO<\/th><th scope=\"col\"  class=\"ninja_column_3 ninja_clmn_nm_direccion \">DIRECCION<\/th><th scope=\"col\"  class=\"ninja_column_4 ninja_clmn_nm_tipoentidad \">TIPO_ENTIDAD<\/th><\/tr>\n<\/thead>\n<tbody>\n\n        <tr data-row_id=\"2195\" class=\"ninja_table_row_0 nt_row_id_2195\">\n            <td>ING BANK, N.V.<\/td><td>CARLOS NEVETT                                              <\/td><td><\/td><td>Avenida Principal de La Castellana, Edificio Bancaracas, piso 10-1, Plaza La Castellana, Municipio Chacao, estado Miranda.<\/td><td>OFICINA DE REPRESENTACI\u00d3N<\/td>        <\/tr>\n            <tr data-row_id=\"2196\" class=\"ninja_table_row_1 nt_row_id_2196\">\n            <td>BANCO COMERCIAL PORTUGUES, S.A.<\/td><td>JOS\u00c9 CARLOS M\u00c1RQUES FERREIRA              <\/td><td><\/td><td>Avenida San Felipe, Torre Centro Coinasa, piso 4, Oficina 41, Urbanizaci\u00f3n La Castellana, Municipio Chacao, estado Miranda.<\/td><td>OFICINA DE REPRESENTACI\u00d3N<\/td>        <\/tr>\n            <tr data-row_id=\"2197\" class=\"ninja_table_row_2 nt_row_id_2197\">\n            <td>BANCO CAIXA GERAL, S.A.<\/td><td>JOS\u00c9 FERM\u00cdN EST\u00c9VEZ  BACELO                    <\/td><td><\/td><td>Avenida Principal de La Castellana, C\/C Jos\u00e9 \u00c1\u0081ngel Lamas, Edificio Torre La Castellana, piso 13, oficina 13-B-2, Municipio Chacao, estado Miranda.<\/td><td>OFICINA DE REPRESENTACI\u00d3N<\/td>        <\/tr>\n            <tr data-row_id=\"2198\" class=\"ninja_table_row_3 nt_row_id_2198\">\n            <td>CAIXA GERAL DE DEP\u00d3SITOS, S.A.<\/td><td>KATTY RODR\u00cdGUEZ DE ASSUNCAO                 <\/td><td><\/td><td>Calle Jos\u00e9 \u00c1\u0081ngel Lamas, Edificio Torre La Castellana, piso 13, oficina 13-B2, Urbanizaci\u00f3n La Castellana, Municipio Chacao, estado Miranda.<\/td><td>OFICINA DE REPRESENTACI\u00d3N<\/td>        <\/tr>\n            <tr data-row_id=\"2199\" class=\"ninja_table_row_4 nt_row_id_2199\">\n            <td>CREDIT SUISSE AG.<\/td><td>MICHEL BELLIA                                                     <\/td><td><\/td><td>Avenida Francisco de Miranda, Torre Cavendes, Edificio 14, oficina 14-01, Los Palos Grandes, Municipio Chacao, estado Miranda.<\/td><td>OFICINA DE REPRESENTACI\u00d3N<\/td>        <\/tr>\n            <tr data-row_id=\"2200\" class=\"ninja_table_row_5 nt_row_id_2200\">\n            <td>COMMERZBAN AG.<\/td><td>BURKHARD RODE                                               <\/td><td><\/td><td>Calle Guaicaipuro, Torre F\u00f3rum, piso 11, urbanizaci\u00f3n El Rosal, Municipio Chacao, estado Miranda.<\/td><td>OFICINA DE REPRESENTACI\u00d3N<\/td>        <\/tr>\n            <tr data-row_id=\"2201\" class=\"ninja_table_row_6 nt_row_id_2201\">\n            <td>NORTH INTERNATIONAL BANK, LTD (NI BANK).<\/td><td>FERNANDO LUIS RUISANCHEZ GARC\u00cdA           <\/td><td><\/td><td>Avenida San Felipe, Torre Bancaracas, piso 6, oficina 601, La Castellana, Municipio Chacao, estado Miranda.<\/td><td>OFICINA DE REPRESENTACI\u00d3N<\/td>        <\/tr>\n            <tr data-row_id=\"2202\" class=\"ninja_table_row_7 nt_row_id_2202\">\n            <td>THE BANK OF NOVA SCOTIA (SCOTIABANK).<\/td><td>JAVIER ANTONIO SEREBRISKY SOLANO    <\/td><td><\/td><td>Avenida Francisco de Miranda Centro Empresarial Galipan, Torre Bancaribe, piso 10, Municipio Chacao estado Miranda.<\/td><td>OFICINA DE REPRESENTACI\u00d3N<\/td>        <\/tr>\n            <tr data-row_id=\"2203\" class=\"ninja_table_row_8 nt_row_id_2203\">\n            <td>CHINA DEVELOPMENT BANK<\/td><td>SHEN TAO                                                        <\/td><td><\/td><td>Calle La Guairita, Edificio Centro Profesional Eurobuiding, piso 5, oficina A-F, Urbanizaci\u00f3n Chuao, Municipio Baruta, estado Miranda.<\/td><td>OFICINA DE REPRESENTACI\u00d3N<\/td>        <\/tr>\n            <tr data-row_id=\"2204\" class=\"ninja_table_row_9 nt_row_id_2204\">\n            <td>ABANCA CORPORACI\u00d3N BANCARIA, S.A.<\/td><td>JULIO GREGORIO HERN\u00c1NDEZ CRISAFI     <\/td><td><\/td><td>Avenida Jos\u00e9 Mart\u00ed, Torre Banesco II, piso 10, urbanizaci\u00f3n El Rosal, Municipio Chacao, estado Miranda.<\/td><td>OFICINA DE REPRESENTACI\u00d3N<\/td>        <\/tr>\n            <tr data-row_id=\"2205\" class=\"ninja_table_row_10 nt_row_id_2205\">\n            <td>HELM BANK USA.<\/td><td>MAR\u00cdA TERESA CASANOVA HERRERA       <\/td><td><\/td><td>Avenida Bland\u00edn, Centro San Ignacio, Torre Cop\u00e9rnico, piso 4, oficina TO-P4-05, La Castellana Municipio Chacao, estado Miranda.<\/td><td>OFICINA DE REPRESENTACI\u00d3N<\/td>        <\/tr>\n            <tr data-row_id=\"2206\" class=\"ninja_table_row_11 nt_row_id_2206\">\n            <td>J.P. MORGAN CHASE BANK, N.A.<\/td><td>ANTONIO R. VALERO URBANEJA                <\/td><td><\/td><td>Centro  Seguros Sud Am\u00e9rica, PH-C, Avenida Francisco de Miranda, El Rosal, Municipio Chacao, estado Miranda.<\/td><td>OFICINA DE REPRESENTACI\u00d3N<\/td>        <\/tr>\n            <tr data-row_id=\"2207\" class=\"ninja_table_row_12 nt_row_id_2207\">\n            <td>BANCO DE CR\u00c9DITO CENTROAMERICANO (BANCENTRO LAFISE).<\/td><td>GABRIEL PE\u00d1ALOZA BENFELE                       <\/td><td><\/td><td>Avenida Francisco de Miranda, Torre Provincial B, piso 3, Municipio Chacao, estado Miranda.<\/td><td>OFICINA DE REPRESENTACI\u00d3N<\/td>        <\/tr>\n            <tr data-row_id=\"2208\" class=\"ninja_table_row_13 nt_row_id_2208\">\n            <td>BANCO INTERNACIONAL DO FUNCHAL, S.A. (BANIF).<\/td><td>RENATO JOS\u00c9 DOS REIS ESCORCIO                                <\/td><td><\/td><td>Edificio Bancaracas, piso 8, Oficina 8-06, Avenida San Felipe, La Castellana, Municipio Chacao, estado Miranda.<\/td><td>OFICINA DE REPRESENTACI\u00d3N<\/td>        <\/tr>\n            <tr data-row_id=\"2209\" class=\"ninja_table_row_14 nt_row_id_2209\">\n            <td>ARCA INTERNATIONAL BANK, INC.<\/td><td>EDUARDO JOS\u00c9 ORTEGA RU\u00cdZ            <\/td><td><\/td><td>Edificio Parque Cristal, Torre Este, piso 2, oficina 2-7, Urbanizaci\u00f3n Los Palos Grandes, Municipio Chacao, estado Miranda.<\/td><td>OFICINA DE REPRESENTACI\u00d3N<\/td>        <\/tr>\n            <tr data-row_id=\"2210\" class=\"ninja_table_row_15 nt_row_id_2210\">\n            <td>BANCO COMERCIAL EVROFINANCE MOSNARBANK, S.A.<\/td><td>EMILIS G\u00d3MEZ GONZ\u00c1LEZ                             <\/td><td><\/td><td>Avenida principal de La Castellana, Edificio Torre La Castellana, piso 9, oficina 9-A,  Municipio Chacao, estado Miranda.<\/td><td>OFICINA DE REPRESENTACI\u00d3N<\/td>        <\/tr>\n            <tr data-row_id=\"2211\" class=\"ninja_table_row_16 nt_row_id_2211\">\n            <td>THE BANK OF MITSIBISHI UFJ LTD.<\/td><td>HIDETSUGU KONO                                            <\/td><td><\/td><td>Edificio Atrium, piso 3, Avenida Venezuela, con Calle Sorocaima, Urbanizaci\u00f3n El Rosal, Municipio Chacao, estado miranda.<\/td><td>OFICINA DE REPRESENTACI\u00d3N<\/td>        <\/tr>\n    <\/tbody><!--ninja_tobody_rendering_done-->\n    <\/table>\n                    <style type=\"text\/css\" id='ninja_table_custom_css_2178'>\n                        #footable_2178  {\n    font-family: inherit;\n    font-size: 14px;\n    }\n\n    \n                <\/style>\n                \n    \n    \n<\/div>\n<\/div>\n\t\t\t\t<\/div>\n\t\t\t\t<\/div>\n\t\t\t\t\t<\/div>\n\t\t\t\t<\/div>\n\t\t\t\t<\/div>\n\t\t","protected":false},"excerpt":{"rendered":"<p>Oficinas de Representaci\u00f3n<\/p>\n","protected":false},"author":1,"featured_media":0,"parent":0,"menu_order":0,"comment_status":"closed","ping_status":"closed","template":"","meta":{"footnotes":""},"class_list":["post-553","page","type-page","status-publish","hentry","post"],"_links":{"self":[{"href":"https:\/\/sudeban.gob.ve\/index.php\/wp-json\/wp\/v2\/pages\/553"}],"collection":[{"href":"https:\/\/sudeban.gob.ve\/index.php\/wp-json\/wp\/v2\/pages"}],"about":[{"href":"https:\/\/sudeban.gob.ve\/index.php\/wp-json\/wp\/v2\/types\/page"}],"author":[{"embeddable":true,"href":"https:\/\/sudeban.gob.ve\/index.php\/wp-json\/wp\/v2\/users\/1"}],"replies":[{"embeddable":true,"href":"https:\/\/sudeban.gob.ve\/index.php\/wp-json\/wp\/v2\/comments?post=553"}],"version-history":[{"count":13,"href":"https:\/\/sudeban.gob.ve\/index.php\/wp-json\/wp\/v2\/pages\/553\/revisions"}],"predecessor-version":[{"id":2204,"href":"https:\/\/sudeban.gob.ve\/index.php\/wp-json\/wp\/v2\/pages\/553\/revisions\/2204"}],"wp:attachment":[{"href":"https:\/\/sudeban.gob.ve\/index.php\/wp-json\/wp\/v2\/media?parent=553"}],"curies":[{"name":"wp","href":"https:\/\/api.w.org\/{rel}","templated":true}]}}