{"id":586,"date":"2024-06-01T22:34:52","date_gmt":"2024-06-02T02:34:52","guid":{"rendered":"http:\/\/localhost\/PRUEBA\/?page_id=586"},"modified":"2024-11-28T16:04:17","modified_gmt":"2024-11-28T20:04:17","slug":"instituciones-de-tecnologia-financiera-del-sector-bamcario","status":"publish","type":"page","link":"https:\/\/sudeban.gob.ve\/index.php\/instituciones-de-tecnologia-financiera-del-sector-bamcario\/","title":{"rendered":"Instituciones de Tecnolog\u00eda Financiera del Sector Bancario"},"content":{"rendered":"\t\t<div data-elementor-type=\"wp-page\" data-elementor-id=\"586\" class=\"elementor elementor-586\">\n\t\t\t\t<div class=\"elementor-element elementor-element-baddbf1 e-flex e-con-boxed e-con e-parent\" data-id=\"baddbf1\" data-element_type=\"container\">\n\t\t\t\t\t<div class=\"e-con-inner\">\n\t\t\t\t<div class=\"elementor-element elementor-element-2f3ec25e elementor-widget elementor-widget-heading\" data-id=\"2f3ec25e\" data-element_type=\"widget\" data-widget_type=\"heading.default\">\n\t\t\t\t<div class=\"elementor-widget-container\">\n\t\t\t<style>\/*! elementor - v3.23.0 - 05-08-2024 *\/\n.elementor-heading-title{padding:0;margin:0;line-height:1}.elementor-widget-heading .elementor-heading-title[class*=elementor-size-]>a{color:inherit;font-size:inherit;line-height:inherit}.elementor-widget-heading .elementor-heading-title.elementor-size-small{font-size:15px}.elementor-widget-heading .elementor-heading-title.elementor-size-medium{font-size:19px}.elementor-widget-heading .elementor-heading-title.elementor-size-large{font-size:29px}.elementor-widget-heading .elementor-heading-title.elementor-size-xl{font-size:39px}.elementor-widget-heading .elementor-heading-title.elementor-size-xxl{font-size:59px}<\/style><h2 class=\"elementor-heading-title elementor-size-default\">Instituciones de Tecnolog\u00eda Financiera del Sector Bancario (ITFB)<\/h2>\t\t<\/div>\n\t\t\t\t<\/div>\n\t\t\t\t\t<\/div>\n\t\t\t\t<\/div>\n\t\t<div class=\"elementor-element elementor-element-3cf4cc5 e-flex e-con-boxed e-con e-parent\" data-id=\"3cf4cc5\" data-element_type=\"container\">\n\t\t\t\t\t<div class=\"e-con-inner\">\n\t\t\t\t<div class=\"elementor-element elementor-element-9d25a3f elementor-widget elementor-widget-text-editor\" data-id=\"9d25a3f\" data-element_type=\"widget\" data-widget_type=\"text-editor.default\">\n\t\t\t\t<div class=\"elementor-widget-container\">\n\t\t\t<style>\/*! elementor - v3.23.0 - 05-08-2024 *\/\n.elementor-widget-text-editor.elementor-drop-cap-view-stacked .elementor-drop-cap{background-color:#69727d;color:#fff}.elementor-widget-text-editor.elementor-drop-cap-view-framed .elementor-drop-cap{color:#69727d;border:3px solid;background-color:transparent}.elementor-widget-text-editor:not(.elementor-drop-cap-view-default) .elementor-drop-cap{margin-top:8px}.elementor-widget-text-editor:not(.elementor-drop-cap-view-default) .elementor-drop-cap-letter{width:1em;height:1em}.elementor-widget-text-editor .elementor-drop-cap{float:left;text-align:center;line-height:1;font-size:50px}.elementor-widget-text-editor .elementor-drop-cap-letter{display:inline-block}<\/style>\t\t\t\t<p>Las Instituciones de Tecnolog\u00eda Financiera del Sector Bancario (ITFB) son todas aquellas personas jur\u00eddicas de car\u00e1cter p\u00fablico o privado, nacionales o extranjeras que prestan servicios financieros a trav\u00e9s del uso de nuevas tecnolog\u00edas, de conformidad con lo establecido en la Resoluci\u00f3n N\u00b0 001.21 de fecha 4 de enero de 2021, contentiva de las \u201cNormas que Regulan los Servicios de Tecnolog\u00eda Financiera del Sector Bancario (FINTECH)\u201d, publicada su reimpresi\u00f3n en la Gaceta Oficial de la Rep\u00fablica Bolivariana de Venezuela N\u00b0 42.162 de fecha 6 de julio de 2021.<\/p>\t\t\t\t\t\t<\/div>\n\t\t\t\t<\/div>\n\t\t\t\t\t<\/div>\n\t\t\t\t<\/div>\n\t\t<div class=\"elementor-element elementor-element-44acaecf e-flex e-con-boxed e-con e-parent\" data-id=\"44acaecf\" data-element_type=\"container\">\n\t\t\t\t\t<div class=\"e-con-inner\">\n\t\t<div class=\"elementor-element elementor-element-6e5d7a0b e-con-full e-flex e-con e-child\" data-id=\"6e5d7a0b\" data-element_type=\"container\">\n\t\t\t\t<div class=\"elementor-element elementor-element-cf7f03b elementor-widget elementor-widget-image\" data-id=\"cf7f03b\" data-element_type=\"widget\" data-widget_type=\"image.default\">\n\t\t\t\t<div class=\"elementor-widget-container\">\n\t\t\t<style>\/*! elementor - v3.23.0 - 05-08-2024 *\/\n.elementor-widget-image{text-align:center}.elementor-widget-image a{display:inline-block}.elementor-widget-image a img[src$=\".svg\"]{width:48px}.elementor-widget-image img{vertical-align:middle;display:inline-block}<\/style>\t\t\t\t\t\t\t\t\t\t<img fetchpriority=\"high\" decoding=\"async\" width=\"720\" height=\"479\" src=\"https:\/\/sudeban.gob.ve\/wp-content\/uploads\/2024\/06\/NUEVAS-ITFB-pantalla_ITFB2.jpeg\" class=\"attachment-large size-large wp-image-1388\" alt=\"\" \/>\t\t\t\t\t\t\t\t\t\t\t\t\t<\/div>\n\t\t\t\t<\/div>\n\t\t\t\t<\/div>\n\t\t<div class=\"elementor-element elementor-element-2faf975c e-con-full e-flex e-con e-child\" data-id=\"2faf975c\" data-element_type=\"container\">\n\t\t\t\t<div class=\"elementor-element elementor-element-6a71ccc elementor-widget elementor-widget-text-editor\" data-id=\"6a71ccc\" data-element_type=\"widget\" data-widget_type=\"text-editor.default\">\n\t\t\t\t<div class=\"elementor-widget-container\">\n\t\t\t\t\t\t\t<p>Los interesados en solicitar autorizaci\u00f3n para operar como una Instituci\u00f3n de Tecnolog\u00eda Financiera del Sector Bancario (ITFB) deber\u00e1n presentar su solicitud, mediante escrito dirigido al Superintendente de las Instituciones del Sector Bancario, acompa\u00f1ado de su proyecto, que deber\u00e1 incluir la documentaci\u00f3n descrita en el art\u00edculo 9 de la mencionada Resoluci\u00f3n 001.21, atendiendo adem\u00e1s, a lo indicado en el Cap\u00edtulo II denominado \u201cde la organizaci\u00f3n y funcionamiento\u201d de la referida norma.<\/p>\t\t\t\t\t\t<\/div>\n\t\t\t\t<\/div>\n\t\t\t\t<\/div>\n\t\t\t\t\t<\/div>\n\t\t\t\t<\/div>\n\t\t<div class=\"elementor-element elementor-element-2b6bdf5 e-flex e-con-boxed e-con e-parent\" data-id=\"2b6bdf5\" data-element_type=\"container\">\n\t\t\t\t\t<div class=\"e-con-inner\">\n\t\t\t\t<div class=\"elementor-element elementor-element-1e3438f6 elementor-widget elementor-widget-toggle\" data-id=\"1e3438f6\" data-element_type=\"widget\" data-widget_type=\"toggle.default\">\n\t\t\t\t<div class=\"elementor-widget-container\">\n\t\t\t<style>\/*! elementor - v3.23.0 - 05-08-2024 *\/\n.elementor-toggle{text-align:start}.elementor-toggle .elementor-tab-title{font-weight:700;line-height:1;margin:0;padding:15px;border-bottom:1px solid #d5d8dc;cursor:pointer;outline:none}.elementor-toggle .elementor-tab-title .elementor-toggle-icon{display:inline-block;width:1em}.elementor-toggle .elementor-tab-title .elementor-toggle-icon svg{margin-inline-start:-5px;width:1em;height:1em}.elementor-toggle .elementor-tab-title .elementor-toggle-icon.elementor-toggle-icon-right{float:right;text-align:right}.elementor-toggle .elementor-tab-title .elementor-toggle-icon.elementor-toggle-icon-left{float:left;text-align:left}.elementor-toggle .elementor-tab-title .elementor-toggle-icon .elementor-toggle-icon-closed{display:block}.elementor-toggle .elementor-tab-title .elementor-toggle-icon .elementor-toggle-icon-opened{display:none}.elementor-toggle .elementor-tab-title.elementor-active{border-bottom:none}.elementor-toggle .elementor-tab-title.elementor-active .elementor-toggle-icon-closed{display:none}.elementor-toggle .elementor-tab-title.elementor-active .elementor-toggle-icon-opened{display:block}.elementor-toggle .elementor-tab-content{padding:15px;border-bottom:1px solid #d5d8dc;display:none}@media (max-width:767px){.elementor-toggle .elementor-tab-title{padding:12px}.elementor-toggle .elementor-tab-content{padding:12px 10px}}.e-con-inner>.elementor-widget-toggle,.e-con>.elementor-widget-toggle{width:var(--container-widget-width);--flex-grow:var(--container-widget-flex-grow)}<\/style>\t\t<div class=\"elementor-toggle\">\n\t\t\t\t\t\t\t<div class=\"elementor-toggle-item\">\n\t\t\t\t\t<div id=\"elementor-tab-title-5061\" class=\"elementor-tab-title\" data-tab=\"1\" role=\"button\" aria-controls=\"elementor-tab-content-5061\" aria-expanded=\"false\">\n\t\t\t\t\t\t\t\t\t\t\t\t<span class=\"elementor-toggle-icon elementor-toggle-icon-left\" aria-hidden=\"true\">\n\t\t\t\t\t\t\t\t\t\t\t\t\t\t\t<span class=\"elementor-toggle-icon-closed\"><svg class=\"e-font-icon-svg e-fas-plus\" viewBox=\"0 0 448 512\" xmlns=\"http:\/\/www.w3.org\/2000\/svg\"><path d=\"M416 208H272V64c0-17.67-14.33-32-32-32h-32c-17.67 0-32 14.33-32 32v144H32c-17.67 0-32 14.33-32 32v32c0 17.67 14.33 32 32 32h144v144c0 17.67 14.33 32 32 32h32c17.67 0 32-14.33 32-32V304h144c17.67 0 32-14.33 32-32v-32c0-17.67-14.33-32-32-32z\"><\/path><\/svg><\/span>\n\t\t\t\t\t\t\t\t<span class=\"elementor-toggle-icon-opened\"><svg class=\"elementor-toggle-icon-opened e-font-icon-svg e-fas-minus\" viewBox=\"0 0 448 512\" xmlns=\"http:\/\/www.w3.org\/2000\/svg\"><path d=\"M416 208H32c-17.67 0-32 14.33-32 32v32c0 17.67 14.33 32 32 32h384c17.67 0 32-14.33 32-32v-32c0-17.67-14.33-32-32-32z\"><\/path><\/svg><\/span>\n\t\t\t\t\t\t\t\t\t\t\t\t\t<\/span>\n\t\t\t\t\t\t\t\t\t\t\t\t<a class=\"elementor-toggle-title\" tabindex=\"0\">Actividades Reguladas<\/a>\n\t\t\t\t\t<\/div>\n\n\t\t\t\t\t<div id=\"elementor-tab-content-5061\" class=\"elementor-tab-content elementor-clearfix\" data-tab=\"1\" role=\"region\" aria-labelledby=\"elementor-tab-title-5061\"><p style=\"font-weight: 400;\"><span style=\"font-weight: inherit; font-style: inherit;\">Las sociedades mercantiles autorizadas, podr\u00e1n ofrecer productos o servicios financieros contemplandos dentro de las actividades\u00a0<\/span><span style=\"font-weight: inherit; font-style: inherit;\">previstas en el art\u00edculo 16 de la referida Resoluci\u00f3n 001.21,\u00a0 que se\u00f1ala:<br \/><\/span><\/p><p style=\"font-weight: 400;\"><b><strong><i><em style=\"font-weight: inherit;\"><u>Art\u00edculo 16<\/u><\/em><\/i><\/strong><\/b><b><strong><i><em style=\"font-weight: inherit;\">:\u00a0<\/em><\/i><\/strong><\/b><i><em style=\"font-weight: inherit;\">Las Instituciones de Tecnolog\u00eda Financiera del Sector Bancario podr\u00e1n ofrecer servicios financieros en las categor\u00edas de productos de pago y almacenamientos de dinero, productos dentro de instituciones bancar\u00edas y nuevos modelos de negocio a las Instituciones del sector bancario, las cuales se desarrollan dentro de las actividades siguientes:<\/em><\/i><\/p><ol><li style=\"font-weight: 400;\"><i><em style=\"font-weight: inherit;\"><b><strong> Apertura de cuenta bancaria a trav\u00e9s de nuevas tecnolog\u00edas:<\/strong><\/b>Posibilidad de abrir una nueva cuenta, sin ser clientes activos de la instituci\u00f3n financiera, utilizando nuevas herramientas de verificaci\u00f3n de datos y requisitos sin necesidad de acudir f\u00edsicamente a una agencia bancaria.<\/em><\/i><\/li><li style=\"font-weight: 400;\"><i><em style=\"font-weight: inherit;\"><b><strong> Soluciones bancarias multiplataforma:<\/strong><\/b>Soluciones que integran software y en algunos casos equipo, que permiten a las Instituciones bancarias iniciar o mejorar la distribuci\u00f3n de sus productos y servicios a trav\u00e9s de diversos canales digitales, como la banca por Internet, los tel\u00e9fonos m\u00f3viles, la mensajer\u00eda SMS\/USSD, los quioscos y las redes sociales.<\/em><\/i><\/li><li style=\"font-weight: 400;\"><i><em style=\"font-weight: inherit;\"><b><strong> Utilizaci\u00f3n de datos estad\u00edsticos de libre dominio con fines financieros:<\/strong><\/b>Ofrece a las instituciones financieras la posibilidad de recopilar informaci\u00f3n \u00fatil obtenida a partir de la interacci\u00f3n de clientes actuales o potenciales a trav\u00e9s de medios digitales.<\/em><\/i><\/li><li style=\"font-weight: 400;\"><i><em style=\"font-weight: inherit;\"><b><strong> Plataformas de conexi\u00f3n de FINTECH y de instituciones bancarias:<\/strong><\/b>Plataforma en l\u00ednea donde las Instituciones de Tecnolog\u00eda Financiera del Sector Bancario (ITFB) e Instituciones Bancarias pueden conectarse y explorar asociaciones.<\/em><\/i><\/li><li style=\"font-weight: 400;\"><i><em style=\"font-weight: inherit;\"><b><strong> Autenticaci\u00f3n de voz del usuario:<\/strong><\/b>Producto especializado en el reconocimiento de la identidad de los clientes en forma segura que utilizan los canales de comunicaci\u00f3n de voz con las instituciones financieras.<\/em><\/i><\/li><li style=\"font-weight: 400;\"><i><em style=\"font-weight: inherit;\"><b><strong> Interacci\u00f3n automatizada de los usuarios financieros:<\/strong><\/b>Producto que combina la inteligencia artificial, el an\u00e1lisis sem\u00e1ntico y el an\u00e1lisis cognitivo para impulsar la interacci\u00f3n cliente-instituci\u00f3n bancaria a trav\u00e9s de sistemas inform\u00e1ticos, prescindiendo de la actuaci\u00f3n humana.<\/em><\/i><\/li><li style=\"font-weight: 400;\"><i><em style=\"font-weight: inherit;\"><b><strong> Software de cumplimiento:<\/strong><\/b>herramienta ofrecida al usuario para controlar el cumplimiento de las obligaciones contenidas en las regulaciones financieras, especialmente las relacionadas con la prevenci\u00f3n de legitimaci\u00f3n de capitales, as\u00ed como la mitigaci\u00f3n de otros riesgos,<\/em><\/i><\/li><li style=\"font-weight: 400;\"><i><em style=\"font-weight: inherit;\"><b><strong> Soluciones de gesti\u00f3n de riesgos:<\/strong><\/b>Es un producto complementarlo destinado a las Instituciones Bancarias para fortalecer sus herramientas de gesti\u00f3n de riesgos.<\/em><\/i><\/li><li style=\"font-weight: 400;\"><i><em style=\"font-weight: inherit;\"><b><strong> Integraci\u00f3n de redes sociales-pagos-finanzas-venta al por menor:<\/strong><\/b>Creaci\u00f3n de un conglomerado, en torno a una red social o un servicio de mensajer\u00eda instant\u00e1nea, que a\u00f1ade un servicio de transferencia de fondos y pagos entre sus usuarios y las empresas participantes.<\/em><\/i><\/li><li style=\"font-weight: 400;\"><i><em style=\"font-weight: inherit;\"><b><strong> La banca como servicio:<\/strong><\/b>Modelos comerciales en los que una Instituci\u00f3n Bancaria, titular de una licencia, abre sus servicios a otros proveedores de servicios financieros, generalmente no bancarios, conservando para s\u00ed ciertas funciones centrales, como las cuentas corrientes y la conexi\u00f3n con el sistema de Pagos.<\/em><\/i><\/li><\/ol><p style=\"font-weight: 400;\"><b><strong><i><em style=\"font-weight: inherit;\">Par\u00e1grafo \u00danico:\u00a0<\/em><\/i><\/strong><\/b><i><em style=\"font-weight: inherit;\">En caso de que las Instituciones de Tecnolog\u00eda Financiera del Sector Bancario deseen ofrecer productos de pago y almacenamientos de dinero a clientes o usuarios distintos a las Instituciones Bancarias, deber\u00e1n obtener la autorizaci\u00f3n del Banco Central de Venezuela, a los fines de operar como un Proveedor no Bancario de Servicios de Pago, cumpliendo para ello con los requisitos y condiciones establecidos en la normativa dictada por el Ente Emisor en la materia.<\/em><\/i><\/p><p style=\"font-weight: 400;\"><i><em style=\"font-weight: inherit;\">Se entiende por productos de pago y almacenamientos de dinero a que se refiere el presente Par\u00e1grafo, las siguientes operaciones:<\/em><\/i><\/p><ol><li style=\"font-weight: 400;\"><b><strong><i><em style=\"font-weight: inherit;\"> Ahorros Automatizados de las Cuentas de los Usuarios a una Nueva Cuenta:<\/em><\/i><\/strong><\/b><i><em style=\"font-weight: inherit;\">Proporciona la posibilidad de ordenar transacciones en las cuentas bancarias del usuario, previa autorizaci\u00f3n al proveedor del servicio para acceder a sus cuentas bancarias y realizar transferencias a cuentas de dep\u00f3sito u otras cuentas remuneradas en una instituci\u00f3n diferente.<\/em><\/i><\/li><li style=\"font-weight: 400;\"><b><strong><i><em style=\"font-weight: inherit;\"> Ahorros Automatizados en redes sociales de cuentas de usuarios a una plataforma P2P:<\/em><\/i><\/strong><\/b><i><em style=\"font-weight: inherit;\">Servicio prestado a los usuarios de las redes sociales, en forma de software de di\u00e1logo automatizado (conocido como chatbots) Insertado en el sistema de mensajer\u00eda, en lugar de aplicaciones de telefon\u00eda m\u00f3vil. El chatbot, desarrollado, tiene la capacidad de conectarse con instituciones financieras, con la autorizaci\u00f3n del usuario, a trav\u00e9s de una API.<\/em><\/i><\/li><li style=\"font-weight: 400;\"><b><strong><i><em style=\"font-weight: inherit;\"> Pagos M\u00f3viles:<\/em><\/i><\/strong><\/b><i><em style=\"font-weight: inherit;\">Pago de compras en moneda nacional por parte de los usuarios a trav\u00e9s de un tel\u00e9fono u otro dispositivo m\u00f3vil; puede permitir la transferencia de fondos a terceros, cargados a las cuentas bancarias o tarjetas de cr\u00e9dito de los usuarios en una Instituci\u00f3n Bancaria.<\/em><\/i><\/li><li style=\"font-weight: 400;\"><b><strong><i><em style=\"font-weight: inherit;\"> Pagos M\u00f3viles de Cooperaci\u00f3n Directa Banco-Operador de Red M\u00f3vil:<\/em><\/i><\/strong><\/b><i><em style=\"font-weight: inherit;\">En este caso el Proveedor es un operador de red m\u00f3vil asociado a una o m\u00e1s Instituciones Bancarias, a trav\u00e9s de la cual se canalizan los pagos a \u00e9stas.<\/em><\/i><\/li><\/ol><p style=\"font-weight: 400;\"><b><strong><i><em style=\"font-weight: inherit;\">e.Pagos m\u00f3viles-cobro directo a la cuenta del tel\u00e9fono m\u00f3vil:<\/em><\/i><\/strong><\/b><i><em style=\"font-weight: inherit;\">\u00a0En este caso, los pagos realizados por el usuario no se reflejan como d\u00e9bito en la cuenta de una instituci\u00f3n financiera o en la tarjeta de cr\u00e9dito. En su lugar, el Operador de Red M\u00f3vil cobra al usuario, ya sea en una factura mensual o contra un saldo prepagado.<\/em><\/i><\/p><ol><li style=\"font-weight: 400;\"><b><strong><i><em style=\"font-weight: inherit;\"> Pagos con tarjetas de cr\u00e9dito mediante API:<\/em><\/i><\/strong><\/b><i><em style=\"font-weight: inherit;\">Servicio prestado a trav\u00e9s de una empresa operadora de pasarela (Gateway) de pagos, mediante un c\u00f3digo Inform\u00e1tico (API) que ofrece a los minoristas y otras empresas Integrar en sus propios sistemas un servicio de pagos de clientes en tiendas en l\u00ednea. Incluidos los pagos m\u00f3viles.<\/em><\/i><\/li><li style=\"font-weight: 400;\"><b><strong><i><em style=\"font-weight: inherit;\"> Tarjetas virtuales prepagadas:<\/em><\/i><\/strong><\/b><i><em style=\"font-weight: inherit;\">Tarjetas virtuales ofrecidas a trav\u00e9s de Internet o telefon\u00eda m\u00f3vil, de uso \u00fanico o repetido, emitidas afiliadas a marcas nacionales o internacionales de tarjetas de cr\u00e9dito o d\u00e9bito, no existiendo una evaluaci\u00f3n previa de cr\u00e9dito.<\/em><\/i><\/li><li style=\"font-weight: 400;\"><b><strong><i><em style=\"font-weight: inherit;\"> Pasarelas (gateway) de pagos:<\/em><\/i><\/strong><\/b><i><em style=\"font-weight: inherit;\">Conjunto de servicios que una empresa presta a diversos participantes en operaciones comerciales. Suele establecerse como intermediario entre las empresas que requieren soluciones de pago y las instituciones financieras que al final aceptan los cargos por las transacciones.<\/em><\/i><\/li><\/ol><\/div>\n\t\t\t\t<\/div>\n\t\t\t\t\t\t\t<div class=\"elementor-toggle-item\">\n\t\t\t\t\t<div id=\"elementor-tab-title-5062\" class=\"elementor-tab-title\" data-tab=\"2\" role=\"button\" aria-controls=\"elementor-tab-content-5062\" aria-expanded=\"false\">\n\t\t\t\t\t\t\t\t\t\t\t\t<span class=\"elementor-toggle-icon elementor-toggle-icon-left\" aria-hidden=\"true\">\n\t\t\t\t\t\t\t\t\t\t\t\t\t\t\t<span class=\"elementor-toggle-icon-closed\"><svg class=\"e-font-icon-svg e-fas-plus\" viewBox=\"0 0 448 512\" xmlns=\"http:\/\/www.w3.org\/2000\/svg\"><path d=\"M416 208H272V64c0-17.67-14.33-32-32-32h-32c-17.67 0-32 14.33-32 32v144H32c-17.67 0-32 14.33-32 32v32c0 17.67 14.33 32 32 32h144v144c0 17.67 14.33 32 32 32h32c17.67 0 32-14.33 32-32V304h144c17.67 0 32-14.33 32-32v-32c0-17.67-14.33-32-32-32z\"><\/path><\/svg><\/span>\n\t\t\t\t\t\t\t\t<span class=\"elementor-toggle-icon-opened\"><svg class=\"elementor-toggle-icon-opened e-font-icon-svg e-fas-minus\" viewBox=\"0 0 448 512\" xmlns=\"http:\/\/www.w3.org\/2000\/svg\"><path d=\"M416 208H32c-17.67 0-32 14.33-32 32v32c0 17.67 14.33 32 32 32h384c17.67 0 32-14.33 32-32v-32c0-17.67-14.33-32-32-32z\"><\/path><\/svg><\/span>\n\t\t\t\t\t\t\t\t\t\t\t\t\t<\/span>\n\t\t\t\t\t\t\t\t\t\t\t\t<a class=\"elementor-toggle-title\" tabindex=\"0\">Sociedades Mercantiles Autorizadas.<\/a>\n\t\t\t\t\t<\/div>\n\n\t\t\t\t\t<div id=\"elementor-tab-content-5062\" class=\"elementor-tab-content elementor-clearfix\" data-tab=\"2\" role=\"region\" aria-labelledby=\"elementor-tab-title-5062\"><p><div id=\"footable_parent_2161\"\n         class=\" footable_parent ninja_table_wrapper loading_ninja_table wp_table_data_press_parent semantic_ui \">\n                <table data-ninja_table_instance=\"ninja_table_instance_0\" data-footable_id=\"2161\" data-filter-delay=\"1000\" aria-label=\"12.REGISTRO_FINTECH (Imported From Table Press)\"            id=\"footable_2161\"\n           data-unique_identifier=\"ninja_table_unique_id_1969690921_2161\"\n           class=\" foo-table ninja_footable foo_table_2161 ninja_table_unique_id_1969690921_2161 ui table  nt_type_legacy_table selectable striped vertical_centered  footable-paging-right ninja_table_pro\">\n                <colgroup>\n                            <col class=\"ninja_column_0 \">\n                            <col class=\"ninja_column_1 \">\n                            <col class=\"ninja_column_2 \">\n                            <col class=\"ninja_column_3 \">\n                            <col class=\"ninja_column_4 \">\n                    <\/colgroup>\n        <thead>\n<tr class=\"footable-header\">\n                                                                                        <th scope=\"col\"  class=\"ninja_column_0 ninja_clmn_nm_ninja_column_1 \"><\/th><th scope=\"col\"  class=\"ninja_column_1 ninja_clmn_nm_ninja_column_2 \"><\/th><th scope=\"col\"  class=\"ninja_column_2 ninja_clmn_nm_ninja_column_3 \"><\/th><th scope=\"col\"  class=\"ninja_column_3 ninja_clmn_nm_ninja_column_4 \"><\/th><th scope=\"col\"  class=\"ninja_column_4 ninja_clmn_nm_ninja_column_5 \"><\/th><\/tr>\n<\/thead>\n<tbody>\n\n        <tr data-row_id=\"1962\" class=\"ninja_table_row_0 nt_row_id_1962\">\n            <td>Nombre<\/td><td>R.I.F<\/td><td>Direcci\u00f3n<\/td><td>Correo<\/td><td>Actividades Autorizadas\n(Art. 16 Res. 001.21)<\/td>        <\/tr>\n            <tr data-row_id=\"1963\" class=\"ninja_table_row_1 nt_row_id_1963\">\n            <td>Finity Tech, C.A.<\/td><td>J-50476401-9<\/td><td>Av. Tamanaco, Edificio Torre FC,  Piso 4, Ofic. 4-E y 4-0, Urbanizaci\u00f3n El Rosal, Municipio Chacao, estado  Miranda.<\/td><td>legal@finitypay.com<\/td><td>9. Integraci\u00f3n de redes sociales-pagos-finanzas-venta al por menor.<\/td>        <\/tr>\n            <tr data-row_id=\"1964\" class=\"ninja_table_row_2 nt_row_id_1964\">\n            <td>Soluciones Financieras ChinChin, C.A.<\/td><td>J-41319828-2<\/td><td>Av. Venezuela, El Rosal, Caracas, Municipio Chacao, estado Miranda, Condominio Torre Empresarial K, (antes Banco Occidental de Descuento), piso 2, oficina 2-A. 2-B, 2-C, 2-D. <\/td><td>info@pagochinchin.com<\/td><td>1. Apertura de cuenta bancaria a trav\u00e9s de nuevas tecnolog\u00edas.\n2. Soluciones bancarias multiplataforma.\n4. Plataformas de conexi\u00f3n FINTECH y de instituciones bancarias.\n6. Integraci\u00f3n de redes sociales-pagos-finanzas-venta al por menor.<\/td>        <\/tr>\n    <\/tbody><!--ninja_tobody_rendering_done-->\n    <\/table>\n                    <style type=\"text\/css\" id='ninja_table_custom_css_2161'>\n                        #footable_2161  {\n    font-family: inherit;\n    font-size: 14px;\n    }\n\n    \n                <\/style>\n                \n    \n    \n<\/div>\n<\/p><\/div>\n\t\t\t\t<\/div>\n\t\t\t\t\t\t\t\t<\/div>\n\t\t\t\t<\/div>\n\t\t\t\t<\/div>\n\t\t\t\t\t<\/div>\n\t\t\t\t<\/div>\n\t\t\t\t<\/div>\n\t\t","protected":false},"excerpt":{"rendered":"<p>Instituciones de Tecnolog\u00eda Financiera del Sector Bancario (ITFB) Las Instituciones de Tecnolog\u00eda Financiera del Sector Bancario (ITFB) son todas aquellas personas jur\u00eddicas de car\u00e1cter p\u00fablico o privado, nacionales o extranjeras que prestan servicios financieros a trav\u00e9s del uso de nuevas tecnolog\u00edas, de conformidad con lo establecido en la Resoluci\u00f3n N\u00b0 001.21 de fecha 4 de [&hellip;]<\/p>\n","protected":false},"author":1,"featured_media":0,"parent":0,"menu_order":0,"comment_status":"closed","ping_status":"closed","template":"","meta":{"footnotes":""},"class_list":["post-586","page","type-page","status-publish","hentry","post"],"_links":{"self":[{"href":"https:\/\/sudeban.gob.ve\/index.php\/wp-json\/wp\/v2\/pages\/586"}],"collection":[{"href":"https:\/\/sudeban.gob.ve\/index.php\/wp-json\/wp\/v2\/pages"}],"about":[{"href":"https:\/\/sudeban.gob.ve\/index.php\/wp-json\/wp\/v2\/types\/page"}],"author":[{"embeddable":true,"href":"https:\/\/sudeban.gob.ve\/index.php\/wp-json\/wp\/v2\/users\/1"}],"replies":[{"embeddable":true,"href":"https:\/\/sudeban.gob.ve\/index.php\/wp-json\/wp\/v2\/comments?post=586"}],"version-history":[{"count":28,"href":"https:\/\/sudeban.gob.ve\/index.php\/wp-json\/wp\/v2\/pages\/586\/revisions"}],"predecessor-version":[{"id":2167,"href":"https:\/\/sudeban.gob.ve\/index.php\/wp-json\/wp\/v2\/pages\/586\/revisions\/2167"}],"wp:attachment":[{"href":"https:\/\/sudeban.gob.ve\/index.php\/wp-json\/wp\/v2\/media?parent=586"}],"curies":[{"name":"wp","href":"https:\/\/api.w.org\/{rel}","templated":true}]}}