{"id":588,"date":"2024-06-01T22:35:21","date_gmt":"2024-06-02T02:35:21","guid":{"rendered":"http:\/\/localhost\/PRUEBA\/?page_id=588"},"modified":"2025-07-23T14:16:01","modified_gmt":"2025-07-23T18:16:01","slug":"registro-de-profesionales-externos","status":"publish","type":"page","link":"https:\/\/sudeban.gob.ve\/index.php\/registro-de-profesionales-externos\/","title":{"rendered":"Registro de Profesionales Externos"},"content":{"rendered":"\t\t<div data-elementor-type=\"wp-page\" data-elementor-id=\"588\" class=\"elementor elementor-588\">\n\t\t\t\t<div class=\"elementor-element elementor-element-2234ad7f e-flex e-con-boxed e-con e-parent\" data-id=\"2234ad7f\" data-element_type=\"container\">\n\t\t\t\t\t<div class=\"e-con-inner\">\n\t\t\t\t<div class=\"elementor-element elementor-element-53cb60b6 elementor-widget elementor-widget-heading\" data-id=\"53cb60b6\" data-element_type=\"widget\" data-widget_type=\"heading.default\">\n\t\t\t\t<div class=\"elementor-widget-container\">\n\t\t\t<style>\/*! elementor - v3.23.0 - 05-08-2024 *\/\n.elementor-heading-title{padding:0;margin:0;line-height:1}.elementor-widget-heading .elementor-heading-title[class*=elementor-size-]>a{color:inherit;font-size:inherit;line-height:inherit}.elementor-widget-heading .elementor-heading-title.elementor-size-small{font-size:15px}.elementor-widget-heading .elementor-heading-title.elementor-size-medium{font-size:19px}.elementor-widget-heading .elementor-heading-title.elementor-size-large{font-size:29px}.elementor-widget-heading .elementor-heading-title.elementor-size-xl{font-size:39px}.elementor-widget-heading .elementor-heading-title.elementor-size-xxl{font-size:59px}<\/style><h2 class=\"elementor-heading-title elementor-size-default\">Registro de Profesionales Externos<\/h2>\t\t<\/div>\n\t\t\t\t<\/div>\n\t\t\t\t\t<\/div>\n\t\t\t\t<\/div>\n\t\t<div class=\"elementor-element elementor-element-baf1669 e-flex e-con-boxed e-con e-parent\" data-id=\"baf1669\" data-element_type=\"container\">\n\t\t\t\t\t<div class=\"e-con-inner\">\n\t\t\t\t<div class=\"elementor-element elementor-element-c7dd06d elementor-widget elementor-widget-text-editor\" data-id=\"c7dd06d\" data-element_type=\"widget\" data-widget_type=\"text-editor.default\">\n\t\t\t\t<div class=\"elementor-widget-container\">\n\t\t\t<style>\/*! elementor - v3.23.0 - 05-08-2024 *\/\n.elementor-widget-text-editor.elementor-drop-cap-view-stacked .elementor-drop-cap{background-color:#69727d;color:#fff}.elementor-widget-text-editor.elementor-drop-cap-view-framed .elementor-drop-cap{color:#69727d;border:3px solid;background-color:transparent}.elementor-widget-text-editor:not(.elementor-drop-cap-view-default) .elementor-drop-cap{margin-top:8px}.elementor-widget-text-editor:not(.elementor-drop-cap-view-default) .elementor-drop-cap-letter{width:1em;height:1em}.elementor-widget-text-editor .elementor-drop-cap{float:left;text-align:center;line-height:1;font-size:50px}.elementor-widget-text-editor .elementor-drop-cap-letter{display:inline-block}<\/style>\t\t\t\t<p>El Registro de Profesionales Externo est\u00e1 dirigido a aquellos profesionales y t\u00e9cnicos en el \u00e1rea valuatoria, que deseen la autorizaci\u00f3n para suscribir los aval\u00faos de bienes muebles e inmuebles de los entes que se encuentran bajo la supervisi\u00f3n de esta Superintendencia; as\u00ed como, los aval\u00faos de bienes muebles e inmuebles que constituyen garant\u00edas de las diferentes modalidades de financiamientos que dichos entes otorguen.<\/p><p>Igualmente, se dirige a los Contadores P\u00fablicos o Contadoras P\u00fablicas en ejercicio independiente de la profesi\u00f3n interesados en ser autorizados para prestar sus servicios a las instituciones del sector bancario sujetas a la vigilancia e inspecci\u00f3n de este \u00d3rgano de Supervisi\u00f3n Bancaria; as\u00ed como, \u00a0las Personas Jur\u00eddicas encargadas de realizar las auditor\u00edas externas de las instituciones del Sector bancario.\u00a0\u00a0<\/p>\t\t\t\t\t\t<\/div>\n\t\t\t\t<\/div>\n\t\t\t\t\t<\/div>\n\t\t\t\t<\/div>\n\t\t<div class=\"elementor-element elementor-element-223fbed2 e-flex e-con-boxed e-con e-parent\" data-id=\"223fbed2\" data-element_type=\"container\">\n\t\t\t\t\t<div class=\"e-con-inner\">\n\t\t<div class=\"elementor-element elementor-element-3f9f5abf e-con-full e-flex e-con e-child\" data-id=\"3f9f5abf\" data-element_type=\"container\">\n\t\t\t\t<div class=\"elementor-element elementor-element-36731cd7 elementor-widget elementor-widget-image\" data-id=\"36731cd7\" data-element_type=\"widget\" data-widget_type=\"image.default\">\n\t\t\t\t<div class=\"elementor-widget-container\">\n\t\t\t<style>\/*! elementor - v3.23.0 - 05-08-2024 *\/\n.elementor-widget-image{text-align:center}.elementor-widget-image a{display:inline-block}.elementor-widget-image a img[src$=\".svg\"]{width:48px}.elementor-widget-image img{vertical-align:middle;display:inline-block}<\/style>\t\t\t\t\t\t\t\t\t\t<img fetchpriority=\"high\" decoding=\"async\" width=\"720\" height=\"480\" src=\"https:\/\/sudeban.gob.ve\/wp-content\/uploads\/2024\/06\/OAC_Requerimientos_02-1.jpg\" class=\"attachment-large size-large wp-image-1300\" alt=\"\" \/>\t\t\t\t\t\t\t\t\t\t\t\t\t<\/div>\n\t\t\t\t<\/div>\n\t\t\t\t<\/div>\n\t\t<div class=\"elementor-element elementor-element-12e5593e e-con-full e-flex e-con e-child\" data-id=\"12e5593e\" data-element_type=\"container\">\n\t\t\t\t<div class=\"elementor-element elementor-element-85ba341 elementor-widget elementor-widget-text-editor\" data-id=\"85ba341\" data-element_type=\"widget\" data-widget_type=\"text-editor.default\">\n\t\t\t\t<div class=\"elementor-widget-container\">\n\t\t\t\t\t\t\t<div class=\"elementor-widget-container\"><div class=\"elementor-text-editor elementor-clearfix\"><p>Horario de Atenci\u00f3n<\/p><p><strong>Lunes a viernes<\/strong><\/p><p>8:00 a.m. a 12:00 m.\u00a0<\/p><p>1:00 p.m. a 4:00 p.m.\u00a0<\/p><p>(Exceptuando los d\u00edas feriados y bancarios)<\/p><p>\u00a0<\/p><\/div><\/div><div class=\"elementor-widget-container\"><div class=\"elementor-text-editor elementor-clearfix\"><p>\u00a0<\/p><\/div><\/div>\t\t\t\t\t\t<\/div>\n\t\t\t\t<\/div>\n\t\t\t\t<\/div>\n\t\t\t\t\t<\/div>\n\t\t\t\t<\/div>\n\t\t<div class=\"elementor-element elementor-element-6fb68d0 e-flex e-con-boxed e-con e-parent\" data-id=\"6fb68d0\" data-element_type=\"container\">\n\t\t\t\t\t<div class=\"e-con-inner\">\n\t\t\t\t<div class=\"elementor-element elementor-element-b7e6508 elementor-widget elementor-widget-text-editor\" data-id=\"b7e6508\" data-element_type=\"widget\" data-widget_type=\"text-editor.default\">\n\t\t\t\t<div class=\"elementor-widget-container\">\n\t\t\t\t\t\t\t<p><span class=\"\">Debe visitar la opci\u00f3n del men\u00fa\u00a0<a href=\"\/index.php\/formularios\/\" rel=\"noopener\">Formularios<\/a><\/span>\u00a0para obtener:<\/p><p><strong><span class=\"\">Solicitud De Inscripci\u00f3n Registro De Peritos Avaluadores<br \/><\/span><\/strong><strong><span class=\"\">Solicitud De Inscripci\u00f3n Registro De Contadores P\u00fablicos<br \/><\/span><\/strong><strong><span class=\"\">Solicitud De Inscripci\u00f3n Renovaci\u00f3n Registro Sociedades Auditoras<br \/><\/span><\/strong><strong><span class=\"\">Registro De Organizaciones de Participaci\u00f3n Popular<\/span><\/strong><\/p>\t\t\t\t\t\t<\/div>\n\t\t\t\t<\/div>\n\t\t\t\t\t<\/div>\n\t\t\t\t<\/div>\n\t\t\t\t<\/div>\n\t\t","protected":false},"excerpt":{"rendered":"<p>Registro de Profesionales Externos El Registro de Profesionales Externo est\u00e1 dirigido a aquellos profesionales y t\u00e9cnicos en el \u00e1rea valuatoria, que deseen la autorizaci\u00f3n para suscribir los aval\u00faos de bienes muebles e inmuebles de los entes que se encuentran bajo la supervisi\u00f3n de esta Superintendencia; as\u00ed como, los aval\u00faos de bienes muebles e inmuebles que [&hellip;]<\/p>\n","protected":false},"author":1,"featured_media":0,"parent":0,"menu_order":0,"comment_status":"closed","ping_status":"closed","template":"","meta":{"footnotes":""},"class_list":["post-588","page","type-page","status-publish","hentry","post"],"_links":{"self":[{"href":"https:\/\/sudeban.gob.ve\/index.php\/wp-json\/wp\/v2\/pages\/588"}],"collection":[{"href":"https:\/\/sudeban.gob.ve\/index.php\/wp-json\/wp\/v2\/pages"}],"about":[{"href":"https:\/\/sudeban.gob.ve\/index.php\/wp-json\/wp\/v2\/types\/page"}],"author":[{"embeddable":true,"href":"https:\/\/sudeban.gob.ve\/index.php\/wp-json\/wp\/v2\/users\/1"}],"replies":[{"embeddable":true,"href":"https:\/\/sudeban.gob.ve\/index.php\/wp-json\/wp\/v2\/comments?post=588"}],"version-history":[{"count":19,"href":"https:\/\/sudeban.gob.ve\/index.php\/wp-json\/wp\/v2\/pages\/588\/revisions"}],"predecessor-version":[{"id":2465,"href":"https:\/\/sudeban.gob.ve\/index.php\/wp-json\/wp\/v2\/pages\/588\/revisions\/2465"}],"wp:attachment":[{"href":"https:\/\/sudeban.gob.ve\/index.php\/wp-json\/wp\/v2\/media?parent=588"}],"curies":[{"name":"wp","href":"https:\/\/api.w.org\/{rel}","templated":true}]}}