{"id":590,"date":"2024-06-01T22:35:44","date_gmt":"2024-06-02T02:35:44","guid":{"rendered":"http:\/\/localhost\/PRUEBA\/?page_id=590"},"modified":"2024-08-08T12:09:17","modified_gmt":"2024-08-08T16:09:17","slug":"tramites-administrativos","status":"publish","type":"page","link":"https:\/\/sudeban.gob.ve\/index.php\/tramites-administrativos\/","title":{"rendered":"Tr\u00e1mites Administrativos"},"content":{"rendered":"\t\t<div data-elementor-type=\"wp-page\" data-elementor-id=\"590\" class=\"elementor elementor-590\">\n\t\t\t\t<div class=\"elementor-element elementor-element-6ff1cde e-flex e-con-boxed e-con e-parent\" data-id=\"6ff1cde\" data-element_type=\"container\">\n\t\t\t\t\t<div class=\"e-con-inner\">\n\t\t\t\t<div class=\"elementor-element elementor-element-b391191 elementor-widget elementor-widget-heading\" data-id=\"b391191\" data-element_type=\"widget\" data-widget_type=\"heading.default\">\n\t\t\t\t<div class=\"elementor-widget-container\">\n\t\t\t<style>\/*! elementor - v3.23.0 - 05-08-2024 *\/\n.elementor-heading-title{padding:0;margin:0;line-height:1}.elementor-widget-heading .elementor-heading-title[class*=elementor-size-]>a{color:inherit;font-size:inherit;line-height:inherit}.elementor-widget-heading .elementor-heading-title.elementor-size-small{font-size:15px}.elementor-widget-heading .elementor-heading-title.elementor-size-medium{font-size:19px}.elementor-widget-heading .elementor-heading-title.elementor-size-large{font-size:29px}.elementor-widget-heading .elementor-heading-title.elementor-size-xl{font-size:39px}.elementor-widget-heading .elementor-heading-title.elementor-size-xxl{font-size:59px}<\/style><h2 class=\"elementor-heading-title elementor-size-default\">Tr\u00e1mites Administrativos<\/h2>\t\t<\/div>\n\t\t\t\t<\/div>\n\t\t\t\t\t<\/div>\n\t\t\t\t<\/div>\n\t\t<div class=\"elementor-element elementor-element-593ca9b e-flex e-con-boxed e-con e-parent\" data-id=\"593ca9b\" data-element_type=\"container\">\n\t\t\t\t\t<div class=\"e-con-inner\">\n\t\t\t\t<div class=\"elementor-element elementor-element-6d6a2f05 elementor-widget elementor-widget-toggle\" data-id=\"6d6a2f05\" data-element_type=\"widget\" data-widget_type=\"toggle.default\">\n\t\t\t\t<div class=\"elementor-widget-container\">\n\t\t\t<style>\/*! elementor - v3.23.0 - 05-08-2024 *\/\n.elementor-toggle{text-align:start}.elementor-toggle .elementor-tab-title{font-weight:700;line-height:1;margin:0;padding:15px;border-bottom:1px solid #d5d8dc;cursor:pointer;outline:none}.elementor-toggle .elementor-tab-title .elementor-toggle-icon{display:inline-block;width:1em}.elementor-toggle .elementor-tab-title .elementor-toggle-icon svg{margin-inline-start:-5px;width:1em;height:1em}.elementor-toggle .elementor-tab-title .elementor-toggle-icon.elementor-toggle-icon-right{float:right;text-align:right}.elementor-toggle .elementor-tab-title .elementor-toggle-icon.elementor-toggle-icon-left{float:left;text-align:left}.elementor-toggle .elementor-tab-title .elementor-toggle-icon .elementor-toggle-icon-closed{display:block}.elementor-toggle .elementor-tab-title .elementor-toggle-icon .elementor-toggle-icon-opened{display:none}.elementor-toggle .elementor-tab-title.elementor-active{border-bottom:none}.elementor-toggle .elementor-tab-title.elementor-active .elementor-toggle-icon-closed{display:none}.elementor-toggle .elementor-tab-title.elementor-active .elementor-toggle-icon-opened{display:block}.elementor-toggle .elementor-tab-content{padding:15px;border-bottom:1px solid #d5d8dc;display:none}@media (max-width:767px){.elementor-toggle .elementor-tab-title{padding:12px}.elementor-toggle .elementor-tab-content{padding:12px 10px}}.e-con-inner>.elementor-widget-toggle,.e-con>.elementor-widget-toggle{width:var(--container-widget-width);--flex-grow:var(--container-widget-flex-grow)}<\/style>\t\t<div class=\"elementor-toggle\">\n\t\t\t\t\t\t\t<div class=\"elementor-toggle-item\">\n\t\t\t\t\t<div id=\"elementor-tab-title-1831\" class=\"elementor-tab-title\" data-tab=\"1\" role=\"button\" aria-controls=\"elementor-tab-content-1831\" aria-expanded=\"false\">\n\t\t\t\t\t\t\t\t\t\t\t\t<span class=\"elementor-toggle-icon elementor-toggle-icon-left\" aria-hidden=\"true\">\n\t\t\t\t\t\t\t\t\t\t\t\t\t\t\t<span class=\"elementor-toggle-icon-closed\"><svg class=\"e-font-icon-svg e-fas-plus\" viewBox=\"0 0 448 512\" xmlns=\"http:\/\/www.w3.org\/2000\/svg\"><path d=\"M416 208H272V64c0-17.67-14.33-32-32-32h-32c-17.67 0-32 14.33-32 32v144H32c-17.67 0-32 14.33-32 32v32c0 17.67 14.33 32 32 32h144v144c0 17.67 14.33 32 32 32h32c17.67 0 32-14.33 32-32V304h144c17.67 0 32-14.33 32-32v-32c0-17.67-14.33-32-32-32z\"><\/path><\/svg><\/span>\n\t\t\t\t\t\t\t\t<span class=\"elementor-toggle-icon-opened\"><svg class=\"elementor-toggle-icon-opened e-font-icon-svg e-fas-minus\" viewBox=\"0 0 448 512\" xmlns=\"http:\/\/www.w3.org\/2000\/svg\"><path d=\"M416 208H32c-17.67 0-32 14.33-32 32v32c0 17.67 14.33 32 32 32h384c17.67 0 32-14.33 32-32v-32c0-17.67-14.33-32-32-32z\"><\/path><\/svg><\/span>\n\t\t\t\t\t\t\t\t\t\t\t\t\t<\/span>\n\t\t\t\t\t\t\t\t\t\t\t\t<a class=\"elementor-toggle-title\" tabindex=\"0\">Registro de Proveedores<\/a>\n\t\t\t\t\t<\/div>\n\n\t\t\t\t\t<div id=\"elementor-tab-content-1831\" class=\"elementor-tab-content elementor-clearfix\" data-tab=\"1\" role=\"region\" aria-labelledby=\"elementor-tab-title-1831\"><p>Para obtener el Registro de Proveedores de Empresas y\/o Cooperativas, se debe dirigir a la secci\u00f3n del men\u00fa\u00a0<a href=\"\/index.php\/formularios\/\">Formularios<\/a><\/p><\/div>\n\t\t\t\t<\/div>\n\t\t\t\t\t\t\t<div class=\"elementor-toggle-item\">\n\t\t\t\t\t<div id=\"elementor-tab-title-1832\" class=\"elementor-tab-title\" data-tab=\"2\" role=\"button\" aria-controls=\"elementor-tab-content-1832\" aria-expanded=\"false\">\n\t\t\t\t\t\t\t\t\t\t\t\t<span class=\"elementor-toggle-icon elementor-toggle-icon-left\" aria-hidden=\"true\">\n\t\t\t\t\t\t\t\t\t\t\t\t\t\t\t<span class=\"elementor-toggle-icon-closed\"><svg class=\"e-font-icon-svg e-fas-plus\" viewBox=\"0 0 448 512\" xmlns=\"http:\/\/www.w3.org\/2000\/svg\"><path d=\"M416 208H272V64c0-17.67-14.33-32-32-32h-32c-17.67 0-32 14.33-32 32v144H32c-17.67 0-32 14.33-32 32v32c0 17.67 14.33 32 32 32h144v144c0 17.67 14.33 32 32 32h32c17.67 0 32-14.33 32-32V304h144c17.67 0 32-14.33 32-32v-32c0-17.67-14.33-32-32-32z\"><\/path><\/svg><\/span>\n\t\t\t\t\t\t\t\t<span class=\"elementor-toggle-icon-opened\"><svg class=\"elementor-toggle-icon-opened e-font-icon-svg e-fas-minus\" viewBox=\"0 0 448 512\" xmlns=\"http:\/\/www.w3.org\/2000\/svg\"><path d=\"M416 208H32c-17.67 0-32 14.33-32 32v32c0 17.67 14.33 32 32 32h384c17.67 0 32-14.33 32-32v-32c0-17.67-14.33-32-32-32z\"><\/path><\/svg><\/span>\n\t\t\t\t\t\t\t\t\t\t\t\t\t<\/span>\n\t\t\t\t\t\t\t\t\t\t\t\t<a class=\"elementor-toggle-title\" tabindex=\"0\">Calificaci\u00f3n de la Empresa<\/a>\n\t\t\t\t\t<\/div>\n\n\t\t\t\t\t<div id=\"elementor-tab-content-1832\" class=\"elementor-tab-content elementor-clearfix\" data-tab=\"2\" role=\"region\" aria-labelledby=\"elementor-tab-title-1832\"><p align=\"justify\">Recaudos a consignar conjuntamente con la Planilla de \u00abSolicitud de Calificaci\u00f3n de Empresa\u00bb de conformidad con lo establecido en el Decreto N\u00b0 2.095 del 13 de febrero de 1992, contentivo del Reglamento del R\u00e9gimen Com\u00fan de Tratamiento a los Capitales Extranjeros y Sobre Marcas, Patentes, Licencias y Regal\u00edas, publicado en la Gaceta Oficial de la Rep\u00fablica de Venezuela N\u00b0 34.930 del 25 de marzo de 1992 en concordancia con lo dispuesto en la Decisi\u00f3n N\u00b0 291 de la Comisi\u00f3n del Acuerdo de Cartagena de fecha 21 de marzo de 1991, publicada en la Gaceta Oficial de la Rep\u00fablica de Venezuela N\u00b0 4.284 Extraordinario del 28 de junio de 1991.<\/p><h5><strong>Importante:<\/strong><\/h5><p align=\"justify\">La calificaci\u00f3n de empresa una vez emitida por la Superintendencia de las Instituciones del Sector Bancario tendr\u00e1 vigencia hasta tanto no se modifique la proporci\u00f3n de capitales nacionales y extranjeros y el reflejo de los mismos en la direcci\u00f3n t\u00e9cnica, comercial, administrativa y financiera del Banco o Instituci\u00f3n Financiera.<\/p><p><strong>Requisitos:<\/strong><\/p><p align=\"justify\">* Planilla de \u00abSolicitud de Calificaci\u00f3n de Empresa\u00bb (Formulario N\u00b0 PE-SBIF041\/042007(3)), debidamente llenada y firmada por el representante legal de la Instituci\u00f3n Financiera, con sus respectivos timbres fiscales.<\/p><p align=\"justify\">* En caso de que el representante legal de la Instituci\u00f3n Financiera no sea miembro de la Junta Directiva, copia del Documento Poder que lo acredite como tal.<\/p><p align=\"justify\">* Copia del documento constitutivo actualizado y debidamente registrado del Banco o la Instituci\u00f3n Financiera, donde se indique la composici\u00f3n accionaria vigente a la fecha de la solicitud.<\/p><p align=\"justify\">* Fotocopia del ejemplar de la Gaceta Oficial de la Rep\u00fablica Bolivariana de Venezuela donde aparezca el Decreto de Naturalizaci\u00f3n de los accionistas que hayan adquirido la nacionalidad venezolana o fotocopia de la c\u00e9dula de identidad de cada uno de ellos.<\/p><p align=\"justify\">* En el caso que existan entre los accionistas personas jur\u00eddicas constituidas en el pa\u00eds, Constancia de Calificaci\u00f3n de Empresas de \u00e9stas emitidas por la Superintendencia de Inversiones Extranjeras (SIEX) o por este Organismo si se trata de Bancos o Instituciones Financieras.<\/p><p align=\"justify\">* Copia del Acta de Asamblea de Accionistas debidamente registrada, donde se designan los miembros de la Junta Directiva que se encuentran vigentes a la fecha de la solicitud.<\/p><p align=\"justify\">* Registro de Informaci\u00f3n Fiscal (R.I.F.) del Banco o Instituci\u00f3n Financiera.<\/p><p align=\"justify\">* Cualquier otro documento que ese Organismo considere pertinente.<\/p><\/div>\n\t\t\t\t<\/div>\n\t\t\t\t\t\t\t<div class=\"elementor-toggle-item\">\n\t\t\t\t\t<div id=\"elementor-tab-title-1833\" class=\"elementor-tab-title\" data-tab=\"3\" role=\"button\" aria-controls=\"elementor-tab-content-1833\" aria-expanded=\"false\">\n\t\t\t\t\t\t\t\t\t\t\t\t<span class=\"elementor-toggle-icon elementor-toggle-icon-left\" aria-hidden=\"true\">\n\t\t\t\t\t\t\t\t\t\t\t\t\t\t\t<span class=\"elementor-toggle-icon-closed\"><svg class=\"e-font-icon-svg e-fas-plus\" viewBox=\"0 0 448 512\" xmlns=\"http:\/\/www.w3.org\/2000\/svg\"><path d=\"M416 208H272V64c0-17.67-14.33-32-32-32h-32c-17.67 0-32 14.33-32 32v144H32c-17.67 0-32 14.33-32 32v32c0 17.67 14.33 32 32 32h144v144c0 17.67 14.33 32 32 32h32c17.67 0 32-14.33 32-32V304h144c17.67 0 32-14.33 32-32v-32c0-17.67-14.33-32-32-32z\"><\/path><\/svg><\/span>\n\t\t\t\t\t\t\t\t<span class=\"elementor-toggle-icon-opened\"><svg class=\"elementor-toggle-icon-opened e-font-icon-svg e-fas-minus\" viewBox=\"0 0 448 512\" xmlns=\"http:\/\/www.w3.org\/2000\/svg\"><path d=\"M416 208H32c-17.67 0-32 14.33-32 32v32c0 17.67 14.33 32 32 32h384c17.67 0 32-14.33 32-32v-32c0-17.67-14.33-32-32-32z\"><\/path><\/svg><\/span>\n\t\t\t\t\t\t\t\t\t\t\t\t\t<\/span>\n\t\t\t\t\t\t\t\t\t\t\t\t<a class=\"elementor-toggle-title\" tabindex=\"0\">Registro de Inversi\u00f3n Extranjera Directa<\/a>\n\t\t\t\t\t<\/div>\n\n\t\t\t\t\t<div id=\"elementor-tab-content-1833\" class=\"elementor-tab-content elementor-clearfix\" data-tab=\"3\" role=\"region\" aria-labelledby=\"elementor-tab-title-1833\"><p align=\"justify\">Recaudos a consignar conjuntamente con la Planilla de \u00abSolicitud de Registro de Inversi\u00f3n Extranjera\u00bb en Bancos y\/o Instituciones Financieras (Formulario N\u00b0 PE-SBIF040\/022007(2)), de conformidad con lo establecido en el Decreto N\u00b0 2.095 del 13 de febrero de 1992, contentivo del Reglamento del R\u00e9gimen Com\u00fan de Tratamiento a los Capitales Extranjeros y Sobre Marcas, Patentes, Licencias y Regal\u00edas, publicado en la Gaceta Oficial de la Rep\u00fablica de Venezuela N\u00b0 34.930 del 25 de marzo de 1992 en concordancia con lo se\u00f1alado en la Decisi\u00f3n N\u00b0 291 de la Comisi\u00f3n del Acuerdo de Cartagena de fecha 21 de marzo de 1991, publicada en la Gaceta Oficial de la Rep\u00fablica de Venezuela N\u00b0 4.284 Extraordinario del 28 de junio de 1991.<\/p><p><strong>Importante:<\/strong><\/p><p align=\"justify\">De conformidad con lo establecido en el art\u00edculo 13 del Capitulo III \u00abDel R\u00e9gimen de la Inversi\u00f3n Extranjera Directa\u00bb del citado Decreto N\u00b0 2.095, las inversiones extranjeras deber\u00e1n ser registradas dentro de los sesenta (60) d\u00edas continuos siguientes a la fecha en que se inscriba en el Registro Mercantil que corresponda, al acto constitutivo del origen a la inversi\u00f3n extranjera respectiva.<br \/>En el caso de las inversiones realizadas en bancos, entidades de ahorro y pr\u00e9stamo y otras instituciones financieras, el mencionado registro se efectuar\u00e1 dentro de los sesenta (60) d\u00edas continuos siguientes a la fecha de inscripci\u00f3n en el libro de accionistas. La inscripci\u00f3n en el libro de accionistas debe realizarse dentro de los cinco (5) d\u00edas h\u00e1biles bancarios siguientes contados a partir de la fecha en que se efectu\u00f3 la transacci\u00f3n.<\/p><p><strong>Requisitos:<\/strong><br \/>* Planilla de \u00abSolicitud del Registro de Inversi\u00f3n Extranjera\u00bb (Formulario N\u00b0 PE-SBIF041\/042007(2)), debidamente llenada y firmada por el representante legal de la Instituci\u00f3n Financiera, con sus respectivos timbres fiscales.<\/p><p align=\"justify\">* Documento Poder del representante legal del inversionista extranjero, otorgado a una persona residenciada en el pa\u00eds para actuar en su nombre, el cual debe se\u00f1alar expresamente que dicha persona est\u00e1 autorizada para solicitar ante este Organismo el Registro de la Inversi\u00f3n Extranjera Directa del inversionista. Dicho Poder debe estar debidamente notariado y firmado por un abogado colegiado; en caso de ser en idioma distinto al castellano, debe estar legalizado y apostillado por ante el consulado de la Rep\u00fablica Bolivariana de Venezuela en el pa\u00eds de origen.<\/p><p align=\"justify\">* Documento constitutivo del inversionista si es persona jur\u00eddica, traducido por un int\u00e9rprete p\u00fablico, en caso de ser en idioma distinto al castellano, debidamente legalizado o apostillado por ante el Consulado de la rep\u00fablica Bolivariana de Venezuela en el pa\u00eds de origen.<\/p><p align=\"justify\">* Copia del documento constitutivo actualizado y debidamente registrado del Banco o Instituci\u00f3n Financiera receptora de la inversi\u00f3n, donde se indique la composici\u00f3n accionaria del inversionista vigente a la fecha de la solicitud.<\/p><p align=\"justify\">* Copia de las Actas de Asamblea de Accionistas debidamente registradas del Banco o Instituci\u00f3n Financiera receptora de la inversi\u00f3n, desde el origen de la inversi\u00f3n hasta la fecha de la solicitud de registro, en las cuales se acuerden aumentos, reducciones o reposiciones de capital, en los casos en que fueren procedentes.<\/p><p align=\"justify\">* Comprobantes que permitan evidenciar el ingreso de las divisas en el pa\u00eds, tales como, estados de cuenta bancarios, transferencias , notas de cr\u00e9dito y d\u00e9bitos correspondientes a los aportes realizados por el inversionista desde el origen de la inversi\u00f3n hasta la fecha de solicitud.<\/p><p align=\"justify\">* Movimiento de las acciones del inversionista; es decir, comenzando por las acciones originalmente adquiridas, traspasos y\/o ventas posteriores de ser el caso, hasta reflejar el n\u00famero de acciones que posee a la fecha de la solicitud.<\/p><p align=\"justify\">* Documentos y soportes que evidencien todos los traspasos de acciones efectuados por el inversionista, desde la fecha de origen de la inversi\u00f3n hasta la fecha de la solicitud, de ser el caso.<\/p><p align=\"justify\">* Copia del libro de accionistas del Banco o la Instituci\u00f3n Financiera receptora de la inversi\u00f3n, donde se evidencie la titularidad de las acciones por parte del inversionista, a la fecha de la solicitud.<\/p><p align=\"justify\">* Constancia de Calificaci\u00f3n de Empresa vigente del Banco o Instituci\u00f3n Financiera receptora de la inversi\u00f3n.<\/p><p align=\"justify\">* Cualquier otro documento que ese organismo considere pertinente.<\/p><p><strong>NOTA:<\/strong><\/p><p align=\"justify\">En caso de haberse efectuado la transacci\u00f3n a trav\u00e9s de la Bolsa de Valores, consignar\u00e1, adem\u00e1s de los recaudos se\u00f1alados anteriormente, los comprobantes de compras o ventas de acciones expedidos por la Bolsa de Valores respectiva, a los fines de evidenciar el valor efectivamente pagado. Dichos comprobantes deben ser consignados desde el inicio de la inversi\u00f3n hasta la fecha de la solicitud, de ser el caso.<\/p><\/div>\n\t\t\t\t<\/div>\n\t\t\t\t\t\t\t<div class=\"elementor-toggle-item\">\n\t\t\t\t\t<div id=\"elementor-tab-title-1834\" class=\"elementor-tab-title\" data-tab=\"4\" role=\"button\" aria-controls=\"elementor-tab-content-1834\" aria-expanded=\"false\">\n\t\t\t\t\t\t\t\t\t\t\t\t<span class=\"elementor-toggle-icon elementor-toggle-icon-left\" aria-hidden=\"true\">\n\t\t\t\t\t\t\t\t\t\t\t\t\t\t\t<span class=\"elementor-toggle-icon-closed\"><svg class=\"e-font-icon-svg e-fas-plus\" viewBox=\"0 0 448 512\" xmlns=\"http:\/\/www.w3.org\/2000\/svg\"><path d=\"M416 208H272V64c0-17.67-14.33-32-32-32h-32c-17.67 0-32 14.33-32 32v144H32c-17.67 0-32 14.33-32 32v32c0 17.67 14.33 32 32 32h144v144c0 17.67 14.33 32 32 32h32c17.67 0 32-14.33 32-32V304h144c17.67 0 32-14.33 32-32v-32c0-17.67-14.33-32-32-32z\"><\/path><\/svg><\/span>\n\t\t\t\t\t\t\t\t<span class=\"elementor-toggle-icon-opened\"><svg class=\"elementor-toggle-icon-opened e-font-icon-svg e-fas-minus\" viewBox=\"0 0 448 512\" xmlns=\"http:\/\/www.w3.org\/2000\/svg\"><path d=\"M416 208H32c-17.67 0-32 14.33-32 32v32c0 17.67 14.33 32 32 32h384c17.67 0 32-14.33 32-32v-32c0-17.67-14.33-32-32-32z\"><\/path><\/svg><\/span>\n\t\t\t\t\t\t\t\t\t\t\t\t\t<\/span>\n\t\t\t\t\t\t\t\t\t\t\t\t<a class=\"elementor-toggle-title\" tabindex=\"0\">Actualizaci\u00f3n del Registro de Inversi\u00f3n Extranjera<\/a>\n\t\t\t\t\t<\/div>\n\n\t\t\t\t\t<div id=\"elementor-tab-content-1834\" class=\"elementor-tab-content elementor-clearfix\" data-tab=\"4\" role=\"region\" aria-labelledby=\"elementor-tab-title-1834\"><p align=\"justify\">Recaudos a cosignar conjuntamente con la Planilla de \u00abSolicitud de Registro de Inversi\u00f3n Extranjera\u00bb en Bancos y\/o Instituciones Financieras (Formulario N\u00b0 PE-SBIF040\/022007(2)), de conformidad con lo establecido en el Decreto N\u00b0 2.095 del 13 de febrero de 1992, contentivo del Reglamento del R\u00e9gimen Com\u00fan de Tratamiento a los Capitales Extranjeros y Sobre Marcas, Patentes, Licencias y Regal\u00edas, publicado en la Gaceta Oficial de la Rep\u00fablica de Venezuela N\u00b0 34.930 del 25 de marzo de 1992 en concordancia con lo se\u00f1alado en la Decisi\u00f3n N\u00b0 291 de la Comisi\u00f3n del Acuerdo de Cartagena de fecha 21 de marzo de 1991, publicada en la Gaceta Oficial de la Rep\u00fablica de Venezuela N\u00b0 4.284 Extraordinario del 28 de junio de 1991.<\/p><p><strong>Importante:<\/strong><\/p><p align=\"justify\">Las actualizaciones del Registro de la Inversi\u00f3n Extranjera Directa, de conformidad con lo establecido en el art\u00edculo 15 del Decreto 2.095 debe presentarse, dentro de los ciento veinte (120) d\u00edas continuas siguientes a la fecha de cierre del ejercicio econ\u00f3mico.<\/p><p align=\"justify\">En el caso de las inversiones realizadas en bancos, entidades de ahorro y pr\u00e9stamo y otras instituciones financieras, la actualizaci\u00f3n de la inversi\u00f3n se efectuar\u00e1 en forma semestral dentro de los ciento veinte (120) d\u00edas continuos siguientes a la fecha de cierre de cada ejercicio econ\u00f3mico.<\/p><p align=\"justify\">Los recaudos que m\u00e1s adelante se se\u00f1alan deben ser los correspondientes al per\u00edodo comprendido desde la fecha del registro o la \u00faltima actualizaci\u00f3n ante este Organismo, seg\u00fan corresponda, hasta la fecha de la solicitud.<\/p><p><strong>Requisitos:<\/strong><\/p><p align=\"justify\">* Planilla de \u00abSolicitud del Registro de Inversi\u00f3n Extranjera\u00bb (Formulario N\u00b0 PE-SBIF040\/042007(2)), debidamente llenada y firmada por el representante legal de la Instituci\u00f3n Financiera, con sus respectivos timbres fiscales.<\/p><p align=\"justify\">* Documento Poder del representante legal del inversionista extranjero, otorgado a una persona residenciada en el pa\u00eds para actuar en su nombre, el cual debe se\u00f1alar expresamente que dicha persona est\u00e1 autorizada para solicitar ante este Organismo el Registro de la Inversi\u00f3n Extranjera Directa del inversionista. Dicho Poder debe estar debidamente notariado y firmado por un abogado colegiado; en caso de ser en idioma distinto al castellano, debe estar legalizado y apostillado por ante el consulado de la Rep\u00fablica Bolivariana de Venezuela en el pa\u00eds de origen.<\/p><p align=\"justify\">* Copia del documento constitutivo o estatutario, debidamente registrado del Banco o Instituci\u00f3n Financiera receptora de la inversi\u00f3n, donde se indique la composici\u00f3n accionaria del inversionista vigente a la fecha de la solicitud.<\/p><p align=\"justify\">* Copia de las Actas de Asamblea de Accionistas debidamente registradas del Banco o Instituci\u00f3n Financiera receptora de la inversi\u00f3n, en las cuales se acuerden decretar dividendos, aumentos, reducciones o reposiciones de capital, en los casos en que fueren procedentes; as\u00ed como, los comprobantes de retenci\u00f3n de los impuestos correspondientes.<\/p><p align=\"justify\">* Comprobantes donde se evidencie los nuevos aportes en efectivo de moneda extranjera, tales como, estados de cuenta bancarios, transferencias, notas de cr\u00e9ditos y d\u00e9bitos correspondientes a los aportes realizados por el inversionista, de ser el caso.<\/p><p align=\"justify\">* Copia del libro de accionistas del Banco o la Instituci\u00f3n Financiera receptora de la inversi\u00f3n, donde se evidencie la titularidad de las acciones por parte del inversionista, a la fecha de la solicitud.<\/p><p align=\"justify\">* \u00daltima declaraci\u00f3n del Impuesto Sobre la Renta de la empresa receptora de la inversi\u00f3n.<\/p><p align=\"justify\">* Constancia de Calificaci\u00f3n de Empresas vigente correspondiente al Banco o Instituci\u00f3n Financiera receptora de la inversi\u00f3n.<\/p><p align=\"justify\">* Cualquier otro documento que ese organismo considere pertinente.<\/p><p><strong>Nota:<\/strong><\/p><p align=\"justify\">En caso de haberse efectuado la transacci\u00f3n a trav\u00e9s de la Bolsa de Valores, consignar\u00e1, adem\u00e1s de los recaudos se\u00f1alados, los comprobantes de compras o ventas de acciones expedidos por la Bolsa de Valores respectiva, a los fines de evidenciar el valor efectivamente pagado. Dichos comprobantes deben ser consignados desde el inicio de la inversi\u00f3n hasta la fecha de la solicitud, de ser el caso.<\/p><\/div>\n\t\t\t\t<\/div>\n\t\t\t\t\t\t\t\t<\/div>\n\t\t\t\t<\/div>\n\t\t\t\t<\/div>\n\t\t\t\t\t<\/div>\n\t\t\t\t<\/div>\n\t\t\t\t<\/div>\n\t\t","protected":false},"excerpt":{"rendered":"<p>Tr\u00e1mites Administrativos Registro de Proveedores Para obtener el Registro de Proveedores de Empresas y\/o Cooperativas, se debe dirigir a la secci\u00f3n del men\u00fa\u00a0Formularios Calificaci\u00f3n de la Empresa Recaudos a consignar conjuntamente con la Planilla de \u00abSolicitud de Calificaci\u00f3n de Empresa\u00bb de conformidad con lo establecido en el Decreto N\u00b0 2.095 del 13 de febrero de [&hellip;]<\/p>\n","protected":false},"author":1,"featured_media":0,"parent":0,"menu_order":0,"comment_status":"closed","ping_status":"closed","template":"","meta":{"footnotes":""},"class_list":["post-590","page","type-page","status-publish","hentry","post"],"_links":{"self":[{"href":"https:\/\/sudeban.gob.ve\/index.php\/wp-json\/wp\/v2\/pages\/590"}],"collection":[{"href":"https:\/\/sudeban.gob.ve\/index.php\/wp-json\/wp\/v2\/pages"}],"about":[{"href":"https:\/\/sudeban.gob.ve\/index.php\/wp-json\/wp\/v2\/types\/page"}],"author":[{"embeddable":true,"href":"https:\/\/sudeban.gob.ve\/index.php\/wp-json\/wp\/v2\/users\/1"}],"replies":[{"embeddable":true,"href":"https:\/\/sudeban.gob.ve\/index.php\/wp-json\/wp\/v2\/comments?post=590"}],"version-history":[{"count":19,"href":"https:\/\/sudeban.gob.ve\/index.php\/wp-json\/wp\/v2\/pages\/590\/revisions"}],"predecessor-version":[{"id":1669,"href":"https:\/\/sudeban.gob.ve\/index.php\/wp-json\/wp\/v2\/pages\/590\/revisions\/1669"}],"wp:attachment":[{"href":"https:\/\/sudeban.gob.ve\/index.php\/wp-json\/wp\/v2\/media?parent=590"}],"curies":[{"name":"wp","href":"https:\/\/api.w.org\/{rel}","templated":true}]}}