{"id":592,"date":"2024-06-01T22:35:57","date_gmt":"2024-06-02T02:35:57","guid":{"rendered":"http:\/\/localhost\/PRUEBA\/?page_id=592"},"modified":"2025-07-23T14:38:17","modified_gmt":"2025-07-23T18:38:17","slug":"biblioteca","status":"publish","type":"page","link":"https:\/\/sudeban.gob.ve\/index.php\/biblioteca\/","title":{"rendered":"Biblioteca"},"content":{"rendered":"\t\t<div data-elementor-type=\"wp-page\" data-elementor-id=\"592\" class=\"elementor elementor-592\">\n\t\t\t\t<div class=\"elementor-element elementor-element-76c08b3d e-flex e-con-boxed e-con e-parent\" data-id=\"76c08b3d\" data-element_type=\"container\">\n\t\t\t\t\t<div class=\"e-con-inner\">\n\t\t\t\t<div class=\"elementor-element elementor-element-69786047 elementor-widget elementor-widget-heading\" data-id=\"69786047\" data-element_type=\"widget\" data-widget_type=\"heading.default\">\n\t\t\t\t<div class=\"elementor-widget-container\">\n\t\t\t<style>\/*! elementor - v3.23.0 - 05-08-2024 *\/\n.elementor-heading-title{padding:0;margin:0;line-height:1}.elementor-widget-heading .elementor-heading-title[class*=elementor-size-]>a{color:inherit;font-size:inherit;line-height:inherit}.elementor-widget-heading .elementor-heading-title.elementor-size-small{font-size:15px}.elementor-widget-heading .elementor-heading-title.elementor-size-medium{font-size:19px}.elementor-widget-heading .elementor-heading-title.elementor-size-large{font-size:29px}.elementor-widget-heading .elementor-heading-title.elementor-size-xl{font-size:39px}.elementor-widget-heading .elementor-heading-title.elementor-size-xxl{font-size:59px}<\/style><h2 class=\"elementor-heading-title elementor-size-default\">Biblioteca<\/h2>\t\t<\/div>\n\t\t\t\t<\/div>\n\t\t\t\t\t<\/div>\n\t\t\t\t<\/div>\n\t\t<div class=\"elementor-element elementor-element-b418d92 e-grid e-con-boxed e-con e-parent\" data-id=\"b418d92\" data-element_type=\"container\">\n\t\t\t\t\t<div class=\"e-con-inner\">\n\t\t\t\t<div class=\"elementor-element elementor-element-2c20f12 elementor-widget elementor-widget-text-editor\" data-id=\"2c20f12\" data-element_type=\"widget\" data-widget_type=\"text-editor.default\">\n\t\t\t\t<div class=\"elementor-widget-container\">\n\t\t\t<style>\/*! elementor - v3.23.0 - 05-08-2024 *\/\n.elementor-widget-text-editor.elementor-drop-cap-view-stacked .elementor-drop-cap{background-color:#69727d;color:#fff}.elementor-widget-text-editor.elementor-drop-cap-view-framed .elementor-drop-cap{color:#69727d;border:3px solid;background-color:transparent}.elementor-widget-text-editor:not(.elementor-drop-cap-view-default) .elementor-drop-cap{margin-top:8px}.elementor-widget-text-editor:not(.elementor-drop-cap-view-default) .elementor-drop-cap-letter{width:1em;height:1em}.elementor-widget-text-editor .elementor-drop-cap{float:left;text-align:center;line-height:1;font-size:50px}.elementor-widget-text-editor .elementor-drop-cap-letter{display:inline-block}<\/style>\t\t\t\t<p>La Biblioteca de la Superintendencia de las Instituciones del Sector Bancario comenz\u00f3 sus actividades en el a\u00f1o 1998 con la misi\u00f3n de ser una unidad de informaci\u00f3n especializada en supervisi\u00f3n bancaria, banca y finanzas; adem\u00e1s tiene informaci\u00f3n de inter\u00e9s para la comunidad en general, bien estructurada en el aspecto organizativo y de gesti\u00f3n, que tiene como prop\u00f3sito satisfacer las necesidades de informaci\u00f3n de sus usuarios, constituidos principalmente por profesionales y t\u00e9cnicos de la Sudeban, estudiantes de pre y postgrado, investigadores, analistas financieros, consultores y toda persona que est\u00e9 interesada en conocer la informaci\u00f3n vinculada a la banca o las funciones de este Organismo, sin distingo de nivel acad\u00e9mico, edad o nacionalidad; para lo cual se han dise\u00f1ado productos y servicios internacionales, mediante una plataforma teleinform\u00e1tica.<\/p><div id=\"panel-117-1-0-1\" class=\"so-panel widget widget_text\"><h4 class=\"widget-title\">Servicios<\/h4><div class=\"textwidget\"><p>Pr\u00e9stamo en Sala y Circulante.<br \/>Consulta Electr\u00f3nica (v\u00eda Intranet).<br \/>Servicio de Fotocopia.<br \/>Pr\u00e9stamo Interbibliotecario.<br \/>Orientaci\u00f3n, Informaci\u00f3n y Consultas Especializadas.<\/p><\/div><\/div><div id=\"panel-117-1-0-2\" class=\"so-panel widget widget_text panel-last-child\"><h4 class=\"widget-title\">Usuarios<\/h4><div class=\"textwidget\"><p>Funcionarios de la SUDEBAN.<br \/>Cualquier persona que est\u00e9 interesada en nuestra informaci\u00f3n, sin distingo de nivel acad\u00e9mico, nacionalidad o edad.<\/p><\/div><\/div>\t\t\t\t\t\t<\/div>\n\t\t\t\t<\/div>\n\t\t\t\t\t<\/div>\n\t\t\t\t<\/div>\n\t\t<div class=\"elementor-element elementor-element-2f875114 e-flex e-con-boxed e-con e-parent\" data-id=\"2f875114\" data-element_type=\"container\">\n\t\t\t\t\t<div class=\"e-con-inner\">\n\t\t<div class=\"elementor-element elementor-element-1a8189cc e-con-full e-flex e-con e-child\" data-id=\"1a8189cc\" data-element_type=\"container\">\n\t\t\t\t<div class=\"elementor-element elementor-element-52224e00 elementor-widget elementor-widget-image\" data-id=\"52224e00\" data-element_type=\"widget\" data-widget_type=\"image.default\">\n\t\t\t\t<div class=\"elementor-widget-container\">\n\t\t\t<style>\/*! elementor - v3.23.0 - 05-08-2024 *\/\n.elementor-widget-image{text-align:center}.elementor-widget-image a{display:inline-block}.elementor-widget-image a img[src$=\".svg\"]{width:48px}.elementor-widget-image img{vertical-align:middle;display:inline-block}<\/style>\t\t\t\t\t\t\t\t\t\t<img fetchpriority=\"high\" decoding=\"async\" width=\"720\" height=\"480\" src=\"https:\/\/sudeban.gob.ve\/wp-content\/uploads\/2024\/06\/OAC_Biblioteca_02.jpeg\" class=\"attachment-large size-large wp-image-1436\" alt=\"\" \/>\t\t\t\t\t\t\t\t\t\t\t\t\t<\/div>\n\t\t\t\t<\/div>\n\t\t\t\t<\/div>\n\t\t<div class=\"elementor-element elementor-element-624108cc e-con-full e-flex e-con e-child\" data-id=\"624108cc\" data-element_type=\"container\">\n\t\t\t\t<div class=\"elementor-element elementor-element-2e449dc2 elementor-widget elementor-widget-text-editor\" data-id=\"2e449dc2\" data-element_type=\"widget\" data-widget_type=\"text-editor.default\">\n\t\t\t\t<div class=\"elementor-widget-container\">\n\t\t\t\t\t\t\t<p>Horario de Atenci\u00f3n<\/p><p><strong>Lunes a viernes<\/strong><br \/>8:00 a.m. a 12:00 m.\u00a0<\/p><p>1:00 p.m. a 4:00 p.m.\u00a0<\/p><p>(Exceptuando los d\u00edas feriados y bancarios)<\/p><p>\u00a0<\/p>\t\t\t\t\t\t<\/div>\n\t\t\t\t<\/div>\n\t\t\t\t<\/div>\n\t\t\t\t\t<\/div>\n\t\t\t\t<\/div>\n\t\t<div class=\"elementor-element elementor-element-97f3874 e-grid e-con-boxed e-con e-parent\" data-id=\"97f3874\" data-element_type=\"container\">\n\t\t\t\t\t<div class=\"e-con-inner\">\n\t\t\t\t<div class=\"elementor-element elementor-element-fbda4cf elementor-widget elementor-widget-text-editor\" data-id=\"fbda4cf\" data-element_type=\"widget\" data-widget_type=\"text-editor.default\">\n\t\t\t\t<div class=\"elementor-widget-container\">\n\t\t\t\t\t\t\t<div class=\"elementor-element elementor-element-dff563b elementor-widget elementor-widget-text-editor\" data-id=\"dff563b\" data-element_type=\"widget\" data-widget_type=\"text-editor.default\"><div class=\"elementor-widget-container\"><div class=\"elementor-text-editor elementor-clearfix\"><div id=\"panel-117-1-1-1\" class=\"so-panel widget widget_text panel-last-child\"><h4 class=\"widget-title\">\u00c1reas de Servicio<\/h4><div class=\"textwidget\"><p>Colecci\u00f3n Documental General: est\u00e1 constituida por libros, folletos, reportes, informes y tesis de grado.<br \/>Publicaciones Peri\u00f3dicas: comprende revistas, boletines, informes anuales, Gaceta Oficial de la Rep\u00fablica Bolivariana de Venezuela.<br \/>Colecci\u00f3n de Referencia: est\u00e1 conformada por normativa prudencial, diccionarios, enciclopedias y glosarios.<br \/>Colecci\u00f3n Hemerogr\u00e1fica: es una colecci\u00f3n compuesta de art\u00edculos de prensa escrita, seg\u00fan ciertas categor\u00edas, como por ejemplo balance de la banca en Venezuela, balance de la econom\u00eda en Venezuela, tasas de inter\u00e9s, comisiones bancarias, bancos de desarrollo, bancos universales y bancos con leyes especiales.<\/p><\/div><\/div><\/div><\/div><\/div>\t\t\t\t\t\t<\/div>\n\t\t\t\t<\/div>\n\t\t\t\t\t<\/div>\n\t\t\t\t<\/div>\n\t\t\t\t<\/div>\n\t\t","protected":false},"excerpt":{"rendered":"<p>Biblioteca La Biblioteca de la Superintendencia de las Instituciones del Sector Bancario comenz\u00f3 sus actividades en el a\u00f1o 1998 con la misi\u00f3n de ser una unidad de informaci\u00f3n especializada en supervisi\u00f3n bancaria, banca y finanzas; adem\u00e1s tiene informaci\u00f3n de inter\u00e9s para la comunidad en general, bien estructurada en el aspecto organizativo y de gesti\u00f3n, que [&hellip;]<\/p>\n","protected":false},"author":1,"featured_media":0,"parent":0,"menu_order":0,"comment_status":"closed","ping_status":"closed","template":"","meta":{"footnotes":""},"class_list":["post-592","page","type-page","status-publish","hentry","post"],"_links":{"self":[{"href":"https:\/\/sudeban.gob.ve\/index.php\/wp-json\/wp\/v2\/pages\/592"}],"collection":[{"href":"https:\/\/sudeban.gob.ve\/index.php\/wp-json\/wp\/v2\/pages"}],"about":[{"href":"https:\/\/sudeban.gob.ve\/index.php\/wp-json\/wp\/v2\/types\/page"}],"author":[{"embeddable":true,"href":"https:\/\/sudeban.gob.ve\/index.php\/wp-json\/wp\/v2\/users\/1"}],"replies":[{"embeddable":true,"href":"https:\/\/sudeban.gob.ve\/index.php\/wp-json\/wp\/v2\/comments?post=592"}],"version-history":[{"count":34,"href":"https:\/\/sudeban.gob.ve\/index.php\/wp-json\/wp\/v2\/pages\/592\/revisions"}],"predecessor-version":[{"id":2477,"href":"https:\/\/sudeban.gob.ve\/index.php\/wp-json\/wp\/v2\/pages\/592\/revisions\/2477"}],"wp:attachment":[{"href":"https:\/\/sudeban.gob.ve\/index.php\/wp-json\/wp\/v2\/media?parent=592"}],"curies":[{"name":"wp","href":"https:\/\/api.w.org\/{rel}","templated":true}]}}