{"id":594,"date":"2024-06-01T22:36:09","date_gmt":"2024-06-02T02:36:09","guid":{"rendered":"http:\/\/localhost\/PRUEBA\/?page_id=594"},"modified":"2024-11-28T15:38:46","modified_gmt":"2024-11-28T19:38:46","slug":"formularios","status":"publish","type":"page","link":"https:\/\/sudeban.gob.ve\/index.php\/formularios\/","title":{"rendered":"Formularios"},"content":{"rendered":"\t\t<div data-elementor-type=\"wp-page\" data-elementor-id=\"594\" class=\"elementor elementor-594\">\n\t\t\t\t<div class=\"elementor-element elementor-element-5b784a53 e-flex e-con-boxed e-con e-parent\" data-id=\"5b784a53\" data-element_type=\"container\">\n\t\t\t\t\t<div class=\"e-con-inner\">\n\t\t\t\t<div class=\"elementor-element elementor-element-253c26cd elementor-widget elementor-widget-heading\" data-id=\"253c26cd\" data-element_type=\"widget\" data-widget_type=\"heading.default\">\n\t\t\t\t<div class=\"elementor-widget-container\">\n\t\t\t<style>\/*! elementor - v3.23.0 - 05-08-2024 *\/\n.elementor-heading-title{padding:0;margin:0;line-height:1}.elementor-widget-heading .elementor-heading-title[class*=elementor-size-]>a{color:inherit;font-size:inherit;line-height:inherit}.elementor-widget-heading .elementor-heading-title.elementor-size-small{font-size:15px}.elementor-widget-heading .elementor-heading-title.elementor-size-medium{font-size:19px}.elementor-widget-heading .elementor-heading-title.elementor-size-large{font-size:29px}.elementor-widget-heading .elementor-heading-title.elementor-size-xl{font-size:39px}.elementor-widget-heading .elementor-heading-title.elementor-size-xxl{font-size:59px}<\/style><h2 class=\"elementor-heading-title elementor-size-default\">Formularios<\/h2>\t\t<\/div>\n\t\t\t\t<\/div>\n\t\t\t\t\t<\/div>\n\t\t\t\t<\/div>\n\t\t<div class=\"elementor-element elementor-element-c0a4ee1 e-grid e-con-boxed e-con e-parent\" data-id=\"c0a4ee1\" data-element_type=\"container\">\n\t\t\t\t\t<div class=\"e-con-inner\">\n\t\t\t\t<div class=\"elementor-element elementor-element-a799a4a elementor-widget elementor-widget-shortcode\" data-id=\"a799a4a\" data-element_type=\"widget\" data-widget_type=\"shortcode.default\">\n\t\t\t\t<div class=\"elementor-widget-container\">\n\t\t\t\t\t<div class=\"elementor-shortcode\"><div id=\"footable_parent_2151\"\n         class=\" footable_parent ninja_table_wrapper loading_ninja_table wp_table_data_press_parent semantic_ui \">\n                <table data-ninja_table_instance=\"ninja_table_instance_0\" data-footable_id=\"2151\" data-filter-delay=\"1000\" aria-label=\"FORMULARIOS_OAC (Imported From Table Press)\"            id=\"footable_2151\"\n           data-unique_identifier=\"ninja_table_unique_id_2055362083_2151\"\n           class=\" foo-table ninja_footable foo_table_2151 ninja_table_unique_id_2055362083_2151 ui table  nt_type_legacy_table selectable striped vertical_centered  footable-paging-right ninja_table_pro\">\n                <colgroup>\n                            <col class=\"ninja_column_0 \">\n                            <col class=\"ninja_column_1 \">\n                            <col class=\"ninja_column_2 \">\n                    <\/colgroup>\n        <thead>\n<tr class=\"footable-header\">\n                                                        <th scope=\"col\"  class=\"ninja_column_0 ninja_clmn_nm_cdigo \">C\u00d3DIGO<\/th><th scope=\"col\"  class=\"ninja_column_1 ninja_clmn_nm_descripcin \">DESCRIPCI\u00d3N<\/th><th scope=\"col\"  class=\"ninja_column_2 ninja_clmn_nm_descargar \">DESCARGAR<\/th><\/tr>\n<\/thead>\n<tbody>\n\n        <tr data-row_id=\"1879\" class=\"ninja_table_row_0 nt_row_id_1879\">\n            <td>SB-381<\/td><td>Registro de Denuncias<\/td><td><a href=\"\/wp-content\/uploads\/FORMULARIOS_OAC\/SB-381-RDD.doc\" target=\"_blank\" rel=\"noopener\"><img decoding=\"async\" src=\"\/wp-content\/uploads\/FORMULARIOS_OAC\/descargas.png\" \/><\/a><\/td>        <\/tr>\n            <tr data-row_id=\"1880\" class=\"ninja_table_row_1 nt_row_id_1880\">\n            <td>PE-SIB040<\/td><td>Solicitud del Registro y\/o Actualizaci\u00f3n de Inversi\u00f3n Extranjera en Instituciones Bancarias y No Bancarias<\/td><td><a href=\"\/wp-content\/uploads\/FORMULARIOS_OAC\/PE-SIB040-SRIE.xls\" target=\"_blank\" rel=\"noopener\"><img decoding=\"async\" src=\"\/wp-content\/uploads\/FORMULARIOS_OAC\/descargas.png\" \/><\/a><\/td>        <\/tr>\n            <tr data-row_id=\"1881\" class=\"ninja_table_row_2 nt_row_id_1881\">\n            <td>PE-SIB041<\/td><td>Solicitud de Calificaci\u00f3n de Empresa<\/td><td><a href=\"\/wp-content\/uploads\/FORMULARIOS_OAC\/PE-SIB041-SCE.doc\" target=\"_blank\" rel=\"noopener\"><img decoding=\"async\" src=\"\/wp-content\/uploads\/FORMULARIOS_OAC\/descargas.png\" \/><\/a><\/td>        <\/tr>\n            <tr data-row_id=\"1882\" class=\"ninja_table_row_3 nt_row_id_1882\">\n            <td>SB-163<\/td><td>Registro de Proveedores Empresas<\/td><td><a href=\"\/wp-content\/uploads\/FORMULARIOS_OAC\/SB-163-RPE.doc\" target=\"_blank\" rel=\"noopener\"><img decoding=\"async\" src=\"\/wp-content\/uploads\/FORMULARIOS_OAC\/descargas.png\" \/><\/a><\/td>        <\/tr>\n            <tr data-row_id=\"1883\" class=\"ninja_table_row_4 nt_row_id_1883\">\n            <td>SB-163A<\/td><td>Registro de Proveedores \u201cCooperativas\u201d<\/td><td><a href=\"\/wp-content\/uploads\/FORMULARIOS_OAC\/SB-163A-RPC.doc\" target=\"_blank\" rel=\"noopener\"><img decoding=\"async\" src=\"\/wp-content\/uploads\/FORMULARIOS_OAC\/descargas.png\" \/><\/a><\/td>        <\/tr>\n            <tr data-row_id=\"1884\" class=\"ninja_table_row_5 nt_row_id_1884\">\n            <td>SB-335<\/td><td>Solicitud de Registro de Organizaciones de Participaci\u00f3n Popular<\/td><td><a href=\"\/wp-content\/uploads\/FORMULARIOS_OAC\/SB-335-SROPP.doc\" target=\"_blank\" rel=\"noopener\"><img decoding=\"async\" src=\"\/wp-content\/uploads\/FORMULARIOS_OAC\/descargas.png\" \/><\/a><\/td>        <\/tr>\n            <tr data-row_id=\"1885\" class=\"ninja_table_row_6 nt_row_id_1885\">\n            <td>SIB-305A<\/td><td>Solicitud de Inscripci\u00f3n Registro de Peritos Avaluadores<\/td><td><a href=\"\/wp-content\/uploads\/FORMULARIOS_OAC\/SIB-305A.pdf\" target=\"_blank\" rel=\"noopener\"><img decoding=\"async\" src=\"\/wp-content\/uploads\/FORMULARIOS_OAC\/descargas.png\" \/><\/a><\/td>        <\/tr>\n            <tr data-row_id=\"1886\" class=\"ninja_table_row_7 nt_row_id_1886\">\n            <td>SIB-305B<\/td><td>Solicitud de Renovaci\u00f3n Registro de Peritos Avaluadores<\/td><td><a href=\"\/wp-content\/uploads\/FORMULARIOS_OAC\/SIB-305B.pdf\" target=\"_blank\" rel=\"noopener\"><img decoding=\"async\" src=\"\/wp-content\/uploads\/FORMULARIOS_OAC\/descargas.png\" \/><\/a><\/td>        <\/tr>\n            <tr data-row_id=\"1887\" class=\"ninja_table_row_8 nt_row_id_1887\">\n            <td>SIB-306A<\/td><td>Solicitud de Inscripci\u00f3n Registro de Contadores P\u00fablicos y Contadoras P\u00fablicas<\/td><td><a href=\"\/wp-content\/uploads\/FORMULARIOS_OAC\/SIB-306A.pdf\" target=\"_blank\" rel=\"noopener\"><img decoding=\"async\" src=\"\/wp-content\/uploads\/FORMULARIOS_OAC\/descargas.png\" \/><\/a><\/td>        <\/tr>\n            <tr data-row_id=\"1888\" class=\"ninja_table_row_9 nt_row_id_1888\">\n            <td>SIB-306B<\/td><td>Solicitud de Renovaci\u00f3n Registro de Contadores P\u00fablicos y Contadoras P\u00fablicas<\/td><td><a href=\"\/wp-content\/uploads\/FORMULARIOS_OAC\/SIB-306B.pdf\" target=\"_blank\" rel=\"noopener\"><img decoding=\"async\" src=\"\/wp-content\/uploads\/FORMULARIOS_OAC\/descargas.png\" \/><\/a><\/td>        <\/tr>\n            <tr data-row_id=\"1889\" class=\"ninja_table_row_10 nt_row_id_1889\">\n            <td>PE-SIB-116<\/td><td>Solicitud De Inscripci\u00f3n Renovaci\u00f3n Registro Sociedades Auditoras<\/td><td><a href=\"\/wp-content\/uploads\/FORMULARIOS_OAC\/PE-SIB-116.pdf\" target=\"_blank\" rel=\"noopener\"><img decoding=\"async\" src=\"\/wp-content\/uploads\/FORMULARIOS_OAC\/descargas.png\" \/><\/a><\/td>        <\/tr>\n            <tr data-row_id=\"1890\" class=\"ninja_table_row_11 nt_row_id_1890\">\n            <td><\/td><td>Solicitud de Inscripci\u00f3n o Renovaci\u00f3n en el Registro de las Sociedades Auditoras<\/td><td><a href=\"\/wp-content\/uploads\/FORMULARIOS_OAC\/SIORRSA.pdf\" target=\"_blank\" rel=\"noopener\"><img decoding=\"async\" src=\"\/wp-content\/uploads\/FORMULARIOS_OAC\/descargas.png\" \/><\/a><\/td>        <\/tr>\n            <tr data-row_id=\"1891\" class=\"ninja_table_row_12 nt_row_id_1891\">\n            <td>PE-SIB-134-5<\/td><td>Planilla de Solicitud de Inscripci\u00f3n Registro de Proveedores - Puntos de Venta<\/td><td><a href=\"\/wp-content\/uploads\/FORMULARIOS_OAC\/PE-SIB-134-INSCRIPCION.pdf\" target=\"_blank\" rel=\"noopener\"><img decoding=\"async\" src=\"\/wp-content\/uploads\/FORMULARIOS_OAC\/descargas.png\" \/><\/a><\/td>        <\/tr>\n            <tr data-row_id=\"1892\" class=\"ninja_table_row_13 nt_row_id_1892\">\n            <td>PE-SIB-138-2<\/td><td>Planilla de Solicitud de Renovaci\u00f3n  Registro de Proveedores - Puntos de Venta<\/td><td><a href=\"\/wp-content\/uploads\/FORMULARIOS_OAC\/PE-SIB-138-1-RENOVACION.pdf\" target=\"_blank\" rel=\"noopener\"><img decoding=\"async\" src=\"\/wp-content\/uploads\/FORMULARIOS_OAC\/descargas.png\" \/><\/a><\/td>        <\/tr>\n            <tr data-row_id=\"1893\" class=\"ninja_table_row_14 nt_row_id_1893\">\n            <td><\/td><td>Declaraci\u00f3n Jurada de Origen de Fondos Persona Jur\u00eddica<\/td><td><a href=\"\/wp-content\/uploads\/FORMULARIOS_OAC\/DECLARACION-JURADA-PERSONA-JURIDICA.pdf\" target=\"_blank\" rel=\"noopener\"><img decoding=\"async\" src=\"\/wp-content\/uploads\/FORMULARIOS_OAC\/descargas.png\" \/><\/a><\/td>        <\/tr>\n            <tr data-row_id=\"1894\" class=\"ninja_table_row_15 nt_row_id_1894\">\n            <td><\/td><td>Declaraci\u00f3n Jurada de Origen de Fondos Firma Personal<\/td><td><a href=\"\/wp-content\/uploads\/FORMULARIOS_OAC\/DECLARACION-JURADA-FIRMA-PERSONAL.pdf\" target=\"_blank\" rel=\"noopener\"><img decoding=\"async\" src=\"\/wp-content\/uploads\/FORMULARIOS_OAC\/descargas.png\" \/><\/a><\/td>        <\/tr>\n    <\/tbody><!--ninja_tobody_rendering_done-->\n    <\/table>\n                    <style type=\"text\/css\" id='ninja_table_custom_css_2151'>\n                        #footable_2151  {\n    font-family: inherit;\n    font-size: 14px;\n    }\n\n    \n                <\/style>\n                \n    \n    \n<\/div>\n<\/div>\n\t\t\t\t<\/div>\n\t\t\t\t<\/div>\n\t\t\t\t\t<\/div>\n\t\t\t\t<\/div>\n\t\t\t\t<\/div>\n\t\t","protected":false},"excerpt":{"rendered":"<p>Formularios<\/p>\n","protected":false},"author":1,"featured_media":0,"parent":0,"menu_order":0,"comment_status":"closed","ping_status":"closed","template":"","meta":{"footnotes":""},"class_list":["post-594","page","type-page","status-publish","hentry","post"],"_links":{"self":[{"href":"https:\/\/sudeban.gob.ve\/index.php\/wp-json\/wp\/v2\/pages\/594"}],"collection":[{"href":"https:\/\/sudeban.gob.ve\/index.php\/wp-json\/wp\/v2\/pages"}],"about":[{"href":"https:\/\/sudeban.gob.ve\/index.php\/wp-json\/wp\/v2\/types\/page"}],"author":[{"embeddable":true,"href":"https:\/\/sudeban.gob.ve\/index.php\/wp-json\/wp\/v2\/users\/1"}],"replies":[{"embeddable":true,"href":"https:\/\/sudeban.gob.ve\/index.php\/wp-json\/wp\/v2\/comments?post=594"}],"version-history":[{"count":28,"href":"https:\/\/sudeban.gob.ve\/index.php\/wp-json\/wp\/v2\/pages\/594\/revisions"}],"predecessor-version":[{"id":2154,"href":"https:\/\/sudeban.gob.ve\/index.php\/wp-json\/wp\/v2\/pages\/594\/revisions\/2154"}],"wp:attachment":[{"href":"https:\/\/sudeban.gob.ve\/index.php\/wp-json\/wp\/v2\/media?parent=594"}],"curies":[{"name":"wp","href":"https:\/\/api.w.org\/{rel}","templated":true}]}}