{"id":602,"date":"2024-06-01T22:40:33","date_gmt":"2024-06-02T02:40:33","guid":{"rendered":"http:\/\/localhost\/PRUEBA\/?page_id=602"},"modified":"2025-07-25T10:55:05","modified_gmt":"2025-07-25T14:55:05","slug":"informacion-general","status":"publish","type":"page","link":"https:\/\/sudeban.gob.ve\/index.php\/informacion-general\/","title":{"rendered":"Informaci\u00f3n General"},"content":{"rendered":"\t\t<div data-elementor-type=\"wp-page\" data-elementor-id=\"602\" class=\"elementor elementor-602\">\n\t\t\t\t<div class=\"elementor-element elementor-element-5feb9ddd e-flex e-con-boxed e-con e-parent\" data-id=\"5feb9ddd\" data-element_type=\"container\">\n\t\t\t\t\t<div class=\"e-con-inner\">\n\t\t\t\t<div class=\"elementor-element elementor-element-594bfe03 elementor-widget elementor-widget-heading\" data-id=\"594bfe03\" data-element_type=\"widget\" data-widget_type=\"heading.default\">\n\t\t\t\t<div class=\"elementor-widget-container\">\n\t\t\t<style>\/*! elementor - v3.23.0 - 05-08-2024 *\/\n.elementor-heading-title{padding:0;margin:0;line-height:1}.elementor-widget-heading .elementor-heading-title[class*=elementor-size-]>a{color:inherit;font-size:inherit;line-height:inherit}.elementor-widget-heading .elementor-heading-title.elementor-size-small{font-size:15px}.elementor-widget-heading .elementor-heading-title.elementor-size-medium{font-size:19px}.elementor-widget-heading .elementor-heading-title.elementor-size-large{font-size:29px}.elementor-widget-heading .elementor-heading-title.elementor-size-xl{font-size:39px}.elementor-widget-heading .elementor-heading-title.elementor-size-xxl{font-size:59px}<\/style><h2 class=\"elementor-heading-title elementor-size-default\">Sistema de Informaci\u00f3n Central de Riesgo (SICRI)<\/h2>\t\t<\/div>\n\t\t\t\t<\/div>\n\t\t\t\t\t<\/div>\n\t\t\t\t<\/div>\n\t\t<div class=\"elementor-element elementor-element-e8adb0e e-flex e-con-boxed e-con e-parent\" data-id=\"e8adb0e\" data-element_type=\"container\">\n\t\t\t\t\t<div class=\"e-con-inner\">\n\t\t\t\t<div class=\"elementor-element elementor-element-06f47a6 elementor-widget elementor-widget-text-editor\" data-id=\"06f47a6\" data-element_type=\"widget\" data-widget_type=\"text-editor.default\">\n\t\t\t\t<div class=\"elementor-widget-container\">\n\t\t\t<style>\/*! elementor - v3.23.0 - 05-08-2024 *\/\n.elementor-widget-text-editor.elementor-drop-cap-view-stacked .elementor-drop-cap{background-color:#69727d;color:#fff}.elementor-widget-text-editor.elementor-drop-cap-view-framed .elementor-drop-cap{color:#69727d;border:3px solid;background-color:transparent}.elementor-widget-text-editor:not(.elementor-drop-cap-view-default) .elementor-drop-cap{margin-top:8px}.elementor-widget-text-editor:not(.elementor-drop-cap-view-default) .elementor-drop-cap-letter{width:1em;height:1em}.elementor-widget-text-editor .elementor-drop-cap{float:left;text-align:center;line-height:1;font-size:50px}.elementor-widget-text-editor .elementor-drop-cap-letter{display:inline-block}<\/style>\t\t\t\t<p>El Sistema de Informaci\u00f3n Central de Riesgo es una base de datos de la actividad crediticia del sector Bancario Nacional bajo la responsabilidad de la Superintendencia de las Instituciones del Sector Bancario (Sudeban), el cual permite consultar la posici\u00f3n crediticia del p\u00fablico en general\u00a0 y cuya finalidad es precisar los niveles de riesgo.<\/p>\t\t\t\t\t\t<\/div>\n\t\t\t\t<\/div>\n\t\t\t\t\t<\/div>\n\t\t\t\t<\/div>\n\t\t<div class=\"elementor-element elementor-element-3eea987a e-flex e-con-boxed e-con e-parent\" data-id=\"3eea987a\" data-element_type=\"container\">\n\t\t\t\t\t<div class=\"e-con-inner\">\n\t\t<div class=\"elementor-element elementor-element-6cab188c e-con-full e-flex e-con e-child\" data-id=\"6cab188c\" data-element_type=\"container\">\n\t\t\t\t<div class=\"elementor-element elementor-element-31427d51 elementor-widget elementor-widget-image\" data-id=\"31427d51\" data-element_type=\"widget\" data-widget_type=\"image.default\">\n\t\t\t\t<div class=\"elementor-widget-container\">\n\t\t\t<style>\/*! elementor - v3.23.0 - 05-08-2024 *\/\n.elementor-widget-image{text-align:center}.elementor-widget-image a{display:inline-block}.elementor-widget-image a img[src$=\".svg\"]{width:48px}.elementor-widget-image img{vertical-align:middle;display:inline-block}<\/style>\t\t\t\t\t\t\t\t\t\t<img fetchpriority=\"high\" decoding=\"async\" width=\"720\" height=\"480\" src=\"https:\/\/sudeban.gob.ve\/wp-content\/uploads\/2024\/06\/OAC_Requerimientos_02-1.jpg\" class=\"attachment-large size-large wp-image-1300\" alt=\"\" \/>\t\t\t\t\t\t\t\t\t\t\t\t\t<\/div>\n\t\t\t\t<\/div>\n\t\t\t\t<\/div>\n\t\t<div class=\"elementor-element elementor-element-1f3c8e19 e-con-full e-flex e-con e-child\" data-id=\"1f3c8e19\" data-element_type=\"container\">\n\t\t\t\t<div class=\"elementor-element elementor-element-6e78529c elementor-widget elementor-widget-text-editor\" data-id=\"6e78529c\" data-element_type=\"widget\" data-widget_type=\"text-editor.default\">\n\t\t\t\t<div class=\"elementor-widget-container\">\n\t\t\t\t\t\t\t<p>Horario de Atenci\u00f3n<\/p><p><strong>Lunes a viernes<\/strong><br \/>8:00 a.m. a 12:00 m.\u00a0<\/p><p>1:00 p.m. a 4:00 p.m.\u00a0<\/p><p>(Exceptuando los d\u00edas feriados y bancarios)<\/p><p>\u00a0<\/p>\t\t\t\t\t\t<\/div>\n\t\t\t\t<\/div>\n\t\t\t\t<\/div>\n\t\t\t\t\t<\/div>\n\t\t\t\t<\/div>\n\t\t<div class=\"elementor-element elementor-element-8891f4f e-flex e-con-boxed e-con e-parent\" data-id=\"8891f4f\" data-element_type=\"container\">\n\t\t\t\t\t<div class=\"e-con-inner\">\n\t\t\t\t<div class=\"elementor-element elementor-element-34b54699 elementor-widget elementor-widget-toggle\" data-id=\"34b54699\" data-element_type=\"widget\" data-widget_type=\"toggle.default\">\n\t\t\t\t<div class=\"elementor-widget-container\">\n\t\t\t<style>\/*! elementor - v3.23.0 - 05-08-2024 *\/\n.elementor-toggle{text-align:start}.elementor-toggle .elementor-tab-title{font-weight:700;line-height:1;margin:0;padding:15px;border-bottom:1px solid #d5d8dc;cursor:pointer;outline:none}.elementor-toggle .elementor-tab-title .elementor-toggle-icon{display:inline-block;width:1em}.elementor-toggle .elementor-tab-title .elementor-toggle-icon svg{margin-inline-start:-5px;width:1em;height:1em}.elementor-toggle .elementor-tab-title .elementor-toggle-icon.elementor-toggle-icon-right{float:right;text-align:right}.elementor-toggle .elementor-tab-title .elementor-toggle-icon.elementor-toggle-icon-left{float:left;text-align:left}.elementor-toggle .elementor-tab-title .elementor-toggle-icon .elementor-toggle-icon-closed{display:block}.elementor-toggle .elementor-tab-title .elementor-toggle-icon .elementor-toggle-icon-opened{display:none}.elementor-toggle .elementor-tab-title.elementor-active{border-bottom:none}.elementor-toggle .elementor-tab-title.elementor-active .elementor-toggle-icon-closed{display:none}.elementor-toggle .elementor-tab-title.elementor-active .elementor-toggle-icon-opened{display:block}.elementor-toggle .elementor-tab-content{padding:15px;border-bottom:1px solid #d5d8dc;display:none}@media (max-width:767px){.elementor-toggle .elementor-tab-title{padding:12px}.elementor-toggle .elementor-tab-content{padding:12px 10px}}.e-con-inner>.elementor-widget-toggle,.e-con>.elementor-widget-toggle{width:var(--container-widget-width);--flex-grow:var(--container-widget-flex-grow)}<\/style>\t\t<div class=\"elementor-toggle\">\n\t\t\t\t\t\t\t<div class=\"elementor-toggle-item\">\n\t\t\t\t\t<div id=\"elementor-tab-title-8841\" class=\"elementor-tab-title\" data-tab=\"1\" role=\"button\" aria-controls=\"elementor-tab-content-8841\" aria-expanded=\"false\">\n\t\t\t\t\t\t\t\t\t\t\t\t<span class=\"elementor-toggle-icon elementor-toggle-icon-left\" aria-hidden=\"true\">\n\t\t\t\t\t\t\t\t\t\t\t\t\t\t\t<span class=\"elementor-toggle-icon-closed\"><svg class=\"e-font-icon-svg e-fas-plus\" viewBox=\"0 0 448 512\" xmlns=\"http:\/\/www.w3.org\/2000\/svg\"><path d=\"M416 208H272V64c0-17.67-14.33-32-32-32h-32c-17.67 0-32 14.33-32 32v144H32c-17.67 0-32 14.33-32 32v32c0 17.67 14.33 32 32 32h144v144c0 17.67 14.33 32 32 32h32c17.67 0 32-14.33 32-32V304h144c17.67 0 32-14.33 32-32v-32c0-17.67-14.33-32-32-32z\"><\/path><\/svg><\/span>\n\t\t\t\t\t\t\t\t<span class=\"elementor-toggle-icon-opened\"><svg class=\"elementor-toggle-icon-opened e-font-icon-svg e-fas-minus\" viewBox=\"0 0 448 512\" xmlns=\"http:\/\/www.w3.org\/2000\/svg\"><path d=\"M416 208H32c-17.67 0-32 14.33-32 32v32c0 17.67 14.33 32 32 32h384c17.67 0 32-14.33 32-32v-32c0-17.67-14.33-32-32-32z\"><\/path><\/svg><\/span>\n\t\t\t\t\t\t\t\t\t\t\t\t\t<\/span>\n\t\t\t\t\t\t\t\t\t\t\t\t<a class=\"elementor-toggle-title\" tabindex=\"0\">Requisitos para la Tramitaci\u00f3n de la Constancia<\/a>\n\t\t\t\t\t<\/div>\n\n\t\t\t\t\t<div id=\"elementor-tab-content-8841\" class=\"elementor-tab-content elementor-clearfix\" data-tab=\"1\" role=\"region\" aria-labelledby=\"elementor-tab-title-8841\"><p><strong>PERSONAS NATURALES<\/strong><\/p><p align=\"justify\">\u2022 El solicitante deber\u00e1 acudir personalmente a la Oficina de Atenci\u00f3n Ciudadana de la Sudeban con su c\u00e9dula de identidad laminada o pasaporte.<\/p><p align=\"justify\">\u2022 En caso de que el solicitante no pueda asistir personalmente, la informaci\u00f3n podr\u00e1 ser suministrada a su(s) apoderado(s), consignando un poder o instrumento donde conste la respectiva representaci\u00f3n, debidamente notariado, el cual deber\u00e1 especificar la solicitud de informaci\u00f3n relacionada con el Sicri, siendo necesaria la presentaci\u00f3n de la c\u00e9dula de identidad laminada o pasaporte de la misma.<\/p><p><strong>PERSONAS JUR\u00cdDICAS<\/strong><\/p><p align=\"justify\">\u2022 Original del documento constitutivo estatutario vigente de la persona jur\u00eddica, debidamente inscrito en el Registro Mercantil correspondiente, legible, as\u00ed como sus \u00faltimas modificaciones estatutarias, si las hubiere, donde conste el nombramiento de la(s) persona(s) que represente(n) a la empresa, as\u00ed como la documentaci\u00f3n donde se acrediten las facultades respectivas, debidamente registrados.<\/p><p align=\"justify\">\u2022 Copia del R.I.F., o en su defecto la \u00faltima declaraci\u00f3n de Impuesto sobre la Renta.<\/p><p align=\"justify\">\u2022 Original de la c\u00e9dula de identidad o pasaporte del o los representante(s) de la persona jur\u00eddica, que realiza(n) la solicitud, conforme a la documentaci\u00f3n vigente.<\/p><p align=\"justify\">\u2022 En el supuesto de que el o los representante(s) de la persona jur\u00eddica, conforme a la documentaci\u00f3n vigente, no pueda(n) acudir personalmente a realizar la solicitud, podr\u00e1(n) requerirla el o los apoderado(s) debidamente facultado(s) para ello, consignando un poder espec\u00edfico, debidamente notariado. Asimismo el o los apoderado(s) presentar\u00e1(n) el original de la c\u00e9dula de identidad laminada o pasaporte.<\/p><\/div>\n\t\t\t\t<\/div>\n\t\t\t\t\t\t\t\t<\/div>\n\t\t\t\t<\/div>\n\t\t\t\t<\/div>\n\t\t\t\t\t<\/div>\n\t\t\t\t<\/div>\n\t\t\t\t<\/div>\n\t\t","protected":false},"excerpt":{"rendered":"<p>Sistema de Informaci\u00f3n Central de Riesgo (SICRI) El Sistema de Informaci\u00f3n Central de Riesgo es una base de datos de la actividad crediticia del sector Bancario Nacional bajo la responsabilidad de la Superintendencia de las Instituciones del Sector Bancario (Sudeban), el cual permite consultar la posici\u00f3n crediticia del p\u00fablico en general\u00a0 y cuya finalidad es [&hellip;]<\/p>\n","protected":false},"author":1,"featured_media":0,"parent":0,"menu_order":0,"comment_status":"closed","ping_status":"closed","template":"","meta":{"footnotes":""},"class_list":["post-602","page","type-page","status-publish","hentry","post"],"_links":{"self":[{"href":"https:\/\/sudeban.gob.ve\/index.php\/wp-json\/wp\/v2\/pages\/602"}],"collection":[{"href":"https:\/\/sudeban.gob.ve\/index.php\/wp-json\/wp\/v2\/pages"}],"about":[{"href":"https:\/\/sudeban.gob.ve\/index.php\/wp-json\/wp\/v2\/types\/page"}],"author":[{"embeddable":true,"href":"https:\/\/sudeban.gob.ve\/index.php\/wp-json\/wp\/v2\/users\/1"}],"replies":[{"embeddable":true,"href":"https:\/\/sudeban.gob.ve\/index.php\/wp-json\/wp\/v2\/comments?post=602"}],"version-history":[{"count":16,"href":"https:\/\/sudeban.gob.ve\/index.php\/wp-json\/wp\/v2\/pages\/602\/revisions"}],"predecessor-version":[{"id":2480,"href":"https:\/\/sudeban.gob.ve\/index.php\/wp-json\/wp\/v2\/pages\/602\/revisions\/2480"}],"wp:attachment":[{"href":"https:\/\/sudeban.gob.ve\/index.php\/wp-json\/wp\/v2\/media?parent=602"}],"curies":[{"name":"wp","href":"https:\/\/api.w.org\/{rel}","templated":true}]}}